{"id":13443,"date":"2020-04-15T11:26:08","date_gmt":"2020-04-15T09:26:08","guid":{"rendered":"https:\/\/mediumvioletred-rail-262634.hostingersite.com\/aviso-legal\/"},"modified":"2024-02-13T16:43:33","modified_gmt":"2024-02-13T15:43:33","slug":"aviso-legal","status":"publish","type":"page","link":"https:\/\/malagaadventures.com\/es\/aviso-legal\/","title":{"rendered":"Aviso legal"},"content":{"rendered":"<p>[pdrgpd-aviso-legal]<\/p>\n\n\n\n<p style=\"text-align: justify;\">Las siguientes cl\u00e1usulas regulan el acceso al Sitio Web ubicado en la direcci\u00f3n de Internet www.mediumvioletred-rail-262634.hostingersite.com , y a los perfiles en las redes sociales enlazadas desde la p\u00e1gina principal (en adelante este Sitio Web) cuyo titular es Enrique Jos\u00e9 Mart\u00edn, con NIF 44599103X,\u00a0 con domicilio social en la Calle Carril de Castell n\u00ba5 CP 29016 de M\u00e1laga (Espa\u00f1a) en adelante el TITULAR, y de otra parte, la persona, en adelante el USUARIO, que accede a este Sitio Web.<\/p>\n<ul>\n<li>\n<p><strong>Condiciones generales de uso<\/strong><\/p>\n<\/li>\n<\/ul>\n<p style=\"text-align: justify;\"><span style=\"font-weight: 400;\">El portal web www.mediumvioletred-rail-262634.hostingersite.com <\/span><span style=\"font-weight: 400;\">tiene como objeto facilitar al p\u00fablico, en general, el conocimiento de las actividades que esta organizaci\u00f3n realiza y de los productos y servicios que presta, para el desarrollo de su actividad. El uso de cualquiera de las funcionalidades del sitio Web implica la expresa y plena aceptaci\u00f3n de las condiciones aqu\u00ed expuestas, sin perjuicio de aquellas particulares que pudieran aplicarse a algunos de los servicios concretos ofrecidos a trav\u00e9s del sitio Web. El TITULAR del sitio Web se reserva la facultad de efectuar, en cualquier momento y sin necesidad de previo aviso, modificaciones y actualizaciones de la informaci\u00f3n contenida en su Web o en la configuraci\u00f3n y presentaci\u00f3n de \u00e9sta. Con el objeto de mantener actualizada la informaci\u00f3n publicada en el portal Web, los contenidos del mismo podr\u00e1n ser modificados, corregidos, eliminados o a\u00f1adidos en cualquier momento, por lo que ser\u00e1 conveniente comprobar la vigencia o exactitud de los mismos acudiendo a las fuentes oficiales. <\/span><\/p>\n<p style=\"text-align: justify;\">El USUARIO acepta expresamente todas las cl\u00e1usulas legales de este aviso legal, de la pol\u00edtica de privacidad, de los t\u00e9rminos y condiciones as\u00ed como todas aquellas condiciones particulares recogidas para la utilizaci\u00f3n de determinados servicios. En caso de no aceptar alguna de las citadas cl\u00e1usulas, deber\u00e1 abstenerse de usar este Sitio Web. El USUARIO que accede a este Sitio Web asume el papel de Usuario, comprometi\u00e9ndose al cumplimiento de las cl\u00e1usulas aqu\u00ed dispuestas, as\u00ed como de cualquier otra disposici\u00f3n legal que fuera de aplicaci\u00f3n. Al hacerse seguidor de cualquiera de los perfiles de M\u00e1laga Adventures\u00a0en las redes sociales de este Sitio Web se compromete a cumplir las condiciones y pol\u00edticas de las mismas.\u00a0El TITULAR se reserva el derecho a modificar cualquier cl\u00e1usula o informaci\u00f3n de este Sitio Web.<\/p>\n<p style=\"text-align: justify;\">EL TITULAR recuerda al USUARIO mayor de edad que tengan a su cargo menores, que ser\u00e1 de su exclusiva responsabilidad determinar qu\u00e9 servicios y contenidos son o no apropiados para la edad de estos \u00faltimos, y que existen programas inform\u00e1ticos que permiten filtrar y bloquear el acceso a determinados contenidos y servicios.<\/p>\n<ul>\n<li><b>Responsabilidad<\/b><\/li>\n<\/ul>\n<p style=\"text-align: justify;\"><span style=\"font-weight: 400;\">El TITULAR del sitio Web no garantiza la inexistencia de errores en el acceso a la Web, en su contenido, ni que \u00e9ste se encuentre actualizado, aunque el titular del sitio Web desarrollara\u0301 sus mejores esfuerzos para, en su caso, evitarlos, subsanarlos o actualizarlos. Tanto el acceso al sitio Web, como el uso que pueda hacerse de la informaci\u00f3n contenida en los mismos es de la exclusiva responsabilidad de quien lo realiza. El TITULAR del sitio Web no se hace responsable de la informaci\u00f3n y contenidos almacenados, a t\u00edtulo enunciativo, pero no limitativo, en foros, chats, blogs, comentarios, redes sociales o cualesquiera otros medios que permita a terceros publicar contenidos de la forma independiente en la p\u00e1gina Web www.mediumvioletred-rail-262634.hostingersite.com.<\/span><span style=\"font-weight: 400;\">\u00a0No obstante, y en cumplimiento de lo dispuesto en la LSSI, el TITULAR del sitio Web se pone a disposici\u00f3n de todos los usuarios, autoridades y fuerzas de seguridad, y colaborando de forma activa en la retirada o en su caso bloqueo de todos aquellos contenidos que pudieran afectar o contravenir la legislaci\u00f3n nacional, o internacional, derechos de terceros o la moral y el orden p\u00fablico. En caso de que el usuario considere que existe en el sitio web alg\u00fan contenido que pudiera ser susceptible de esta clasificaci\u00f3n, rogamos se ponga en contacto con el TITULAR del sitio Web. El TITULAR del sitio Web no se responsabiliza de las contestaciones que se realicen a trav\u00e9s de las distintas direcciones de correo electr\u00f3nico que aparecen en su sitio Web, por lo que en ning\u00fan caso podr\u00e1 derivarse efecto jur\u00eddico vinculante de las mismas.<\/span><\/p>\n<p style=\"text-align: justify;\">El TITULAR se exime de cualquier tipo de responsabilidad derivada de la informaci\u00f3n publicada por terceros en este Sitio Web. Si el USUARIO considera que existe en este Sitio Web contenido que pudiera ser ilegal, debe notificarlo. El TITULAR no asume responsabilidad respecto a los contenidos de terceros a los que se redirige desde este Sitio Web.\u00a0<\/p>\n<ul>\n<li><b>Propiedad intelectual e industrial<\/b><\/li>\n<\/ul>\n<p style=\"text-align: justify;\"><span style=\"font-weight: 400;\">Todos los elementos que forman el sitio Web, as\u00ed como su estructura, dise\u00f1o, c\u00f3digo fuente, as\u00ed como los logos, marcas y dem\u00e1s signos distintivos que aparecen en la misma, son titularidad del TITULAR, y est\u00e1n protegidos por los correspondientes derechos de propiedad intelectual e industrial. Igualmente, est\u00e1n protegidos por los correspondientes derechos de propiedad intelectual e industrial las im\u00e1genes y otros elementos gr\u00e1ficos contenidos en el sitio Web. El titular del sitio Web proh\u00edbe expresamente la realizaci\u00f3n de \u201cframing\u201d o la utilizaci\u00f3n por parte de terceros de cualesquiera otros mecanismos que alteren el dise\u00f1o, configuraci\u00f3n original o contenidos de nuestro sitio Web. El uso de los contenidos deber\u00e1 respetar su licenciamiento particular. De tal modo su uso, reproducci\u00f3n, distribuci\u00f3n, comunicaci\u00f3n p\u00fablica, transformaci\u00f3n o cualquier otra actividad similar o an\u00e1loga, queda totalmente prohibida salvo que medie previa y expresa autorizaci\u00f3n del titular del sitio Web. \u00danicamente se autoriza la reproducci\u00f3n total o parcial de los textos y contenidos proporcionados por el sitio Web, siempre que concurran todas y cada una de las siguientes condiciones: <br \/>-Se mantenga la integridad de los contenidos, documentos o gr\u00e1ficos. -Se cite expresamente al titular del sitio Web como fuente y origen de aquellos. -El prop\u00f3sito y la finalidad de tal uso sea compatible con los fines de la Web y\/o actividad del titular del sitio Web. -No se pretenda un uso comercial, quedando expresamente prohibidas su distribuci\u00f3n, comunicaci\u00f3n p\u00fablica, transformaci\u00f3n o alteraci\u00f3n. <br \/>Cualquier otro uso habr\u00e1 de ser comunicado y autorizado por el titular del sitio Web, previa y expresamente. Respecto a las citas de productos y servicios de terceros, el titular del sitio Web reconoce a favor de sus titulares los correspondientes derechos de propiedad industrial e intelectual, no implicando su sola menci\u00f3n o aparici\u00f3n en la Web la existencia de derechos ni de responsabilidad alguna sobre los mismos, como tampoco respaldo, patrocinio o recomendaci\u00f3n. El titular del sitio Web declara su respeto a los derechos de propiedad intelectual e industrial de terceros; por ello, si considera que nuestro sitio Web pudiera estar violando sus derechos, rogamos se ponga en contacto con el titular del sitio Web.<\/span><\/p>\n<p><b> <\/b>Los contenidos ajenos a\u00a0M\u00e1laga Adventures\u00a0que pudieran aparecer en este Sitio Web, pertenecen a sus respectivos propietarios, siendo ellos mismos los responsables de cualquier autorizaci\u00f3n a terceros.\u00a0\u00a0<\/p>\n<ul>\n<li><strong>Links o hiperenlaces<\/strong><\/li>\n<\/ul>\n<p style=\"text-align: justify;\"><span style=\"font-weight: 400;\">Los enlaces contenidos en nuestro sitio Web pueden dirigir a contenidos Web de tercero. El objetivo de dichos enlaces es \u00fanicamente facilitarle la b\u00fasqueda de los recursos que le puedan interesar a trav\u00e9s de Internet. No obstante, dichas p\u00e1ginas no pertenecen al titular del sitio Web, ni hace una revisi\u00f3n de sus contenidos y, por ello, el titular del sitio Web no asume ninguna responsabilidad por el contenido, informaciones o servicios que pudieran aparecer en dichos sitios, que tendr\u00e1n exclusivamente car\u00e1cter informativo y que en ning\u00fan caso implican relaci\u00f3n alguna entre el titular del sitio Web y las personas o entidades titulares de tales contenidos o titulares de otros sitios donde se encuentren. El titular del sitio Web tampoco puede hacerse responsable del funcionamiento de la p\u00e1gina enlazada o de los posibles da\u00f1os que puedan derivarse del acceso o uso de la misma. Los enlaces al sitio Web www.mediumvioletred-rail-262634.hostingersite.com <\/span><span style=\"font-weight: 400;\">deber\u00e1n respetar las siguientes condiciones:<\/span><\/p>\n<p><span style=\"font-weight: 400;\">El establecimiento del enlace no supondr\u00e1 ning\u00fan tipo de acuerdo, contrato, patrocinio ni recomendaci\u00f3n por parte de www.mediumvioletred-rail-262634.hostingersite.com <\/span><span style=\"font-weight: 400;\">de la p\u00e1gina que realiza el enlace.<\/span><\/p>\n<p style=\"text-align: justify;\"><span style=\"font-weight: 400;\">La p\u00e1gina Web en la que se establezca el hiperenlace no contendr\u00e1 informaciones con contenidos que sean il\u00edcitos, discriminatorios, contrarios a los principios \u00e9ticos com\u00fanmente aceptados o atenten contra el orden p\u00fablico, as\u00ed como tampoco contendr\u00e1 contenidos contrarios a cualesquiera derechos de terceros.<\/span><\/p>\n<p style=\"text-align: justify;\"><span style=\"font-weight: 400;\">El titular del sitio Web podr\u00e1 solicitar que se retire un enlace a su Web, sin necesidad de alegar causa alguna. En tal caso, la p\u00e1gina que haya realizado el enlace deber\u00e1 proceder a su inmediata supresi\u00f3n, tan pronto como reciba la notificaci\u00f3n del titular del sitio Web.<\/span><\/p>\n<p style=\"text-align: justify;\"><span style=\"font-weight: 400;\">No se responsabiliza de modo alguno ni garantiza la claridad, exactitud, fiabilidad, correcci\u00f3n o moralidad de contenidos o servicios que el establecimiento del hiperenlace pueda ofrecer. El usuario asume bajo su exclusiva responsabilidad las consecuencias, da\u00f1os o acciones que pudieran derivarse del acceso a la p\u00e1gina Web del hiperenlace.<\/span><\/p>\n<p style=\"text-align: justify;\"><span style=\"font-weight: 400;\">La p\u00e1gina Web en la que se establezca el hiperenlace no podr\u00e1 contener marca, denominaci\u00f3n, logotipo, eslogan u otros signos distintivos pertenecientes a el titular del sitio Web excepto aquellos signos que formen parte del mismo hiperenlace.<\/span><\/p>\n<ul>\n<li><strong>Disponibilidad de la p\u00e1gina web<\/strong><\/li>\n<\/ul>\n<p style=\"text-align: justify;\"><span style=\"font-weight: 400;\">Malaga Adventures no garantiza la inexistencia de interrupciones o errores en el acceso a la P\u00e1gina y a sus Contenidos, ni que \u00e9stos se encuentren actualizados, aunque desarrollara\u0301 sus mejores esfuerzos para, en su caso, evitarlos, subsanarlos o actualizarlos. Por consiguiente, el TITULAR no se responsabiliza de los da\u00f1os o perjuicios de cualquier tipo producidos en EL USUARIO que traigan causa de fallos o desconexiones en las redes de telecomunicaciones que produzcan la suspensi\u00f3n, cancelaci\u00f3n o interrupci\u00f3n del servicio del Portal durante la prestaci\u00f3n del mismo o con car\u00e1cter previo. El TITULAR excluye, con las excepciones contempladas en la legislaci\u00f3n vigente, cualquier responsabilidad por los da\u00f1os y perjuicios de toda naturaleza que puedan deberse a la falta de disponibilidad, continuidad o calidad del funcionamiento de las p\u00e1ginas y de los contenidos, al no cumplimiento de la expectativa de utilidad que los usuarios hubieren podido atribuir a las p\u00e1ginas y a los contenidos. La funci\u00f3n de los Hiperenlaces que aparecen en esta Web es exclusivamente la de informar al usuario acerca de la existencia de otras Web que contienen informaci\u00f3n sobre la materia. Dichos Hiperenlaces no constituyen sugerencia ni recomendaci\u00f3n alguna. El TITULAR tampoco se hace responsable de los errores de seguridad que se puedan producir, ni de los da\u00f1os que puedan causarse al sistema inform\u00e1tico del usuario (hardware y software), o a los ficheros o documentos almacenados en el mismo, como consecuencia de: -La presencia de un virus en el ordenador del usuario que sea utilizado para la conexi\u00f3n a los servicios y contenidos del sitio Web. -Un mal funcionamiento del navegador o el uso de versiones no actualizadas del mismo. El TITULAR no se hace responsable de los contenidos de dichas p\u00e1ginas enlazadas, del funcionamiento o utilidad de los Hiperenlaces ni del resultado de dichos enlaces, ni garantiza la ausencia de virus u otros elementos en los mismos que puedan producir alteraciones en el sistema inform\u00e1tico (hardware y software), los documentos o los ficheros del usuario, excluyendo cualquier responsabilidad por los da\u00f1os de cualquier clase causados al usuario por este motivo. El acceso a la P\u00e1gina no implica la obligaci\u00f3n por parte del TITULAR de controlar la ausencia de virus, gusanos o cualquier otro elemento inform\u00e1tico da\u00f1ino. Corresponde al USUARIO, en todo caso, la disponibilidad de herramientas adecuadas para la detecci\u00f3n y desinfecci\u00f3n de programas inform\u00e1ticos da\u00f1inos, por lo tanto el TITULAR no se hace responsable de los posibles errores de seguridad que se puedan producir durante la prestaci\u00f3n del servicio de la P\u00e1gina, ni de los posibles da\u00f1os que puedan causarse al sistema inform\u00e1tico del usuario o de terceros (hardware y software), los ficheros o documentos almacenados en el mismo, como consecuencia de la presencia de virus en el ordenador del usuario utilizado para la conexi\u00f3n a los servicios y contenidos de la Web, de un mal funcionamiento del navegador o del uso de versiones no actualizadas del mismo.\u00a0<\/span><\/p>\n<ul>\n<li><strong>Calidad de la p\u00e1gina<\/strong><\/li>\n<\/ul>\n<p style=\"text-align: justify;\"><span style=\"font-weight: 400;\">Dado el entorno din\u00e1mico y cambiante de la informaci\u00f3n y servicios que se suministran por medio de la P\u00e1gina, el TITULAR realiza su mejor esfuerzo, pero no garantiza la completa veracidad, exactitud, fiabilidad, utilidad y\/o actualidad de los contenidos. La informaci\u00f3n contenida en las p\u00e1ginas que componen este Portal s\u00f3lo tiene car\u00e1cter informativo, consultivo, divulgativo y publicitario. En ning\u00fan caso ofrecen ni tienen car\u00e1cter de compromiso vinculante o contractual. El TITULAR excluye toda responsabilidad por las decisiones que EL USUARIO pueda tomar basado en esta informaci\u00f3n, as\u00ed como por los posibles errores tipogr\u00e1ficos que puedan contener los documentos y gr\u00e1ficos de la p\u00e1gina. La informaci\u00f3n esta\u0301 sometida a posibles cambios peri\u00f3dicos sin previo aviso de su contenido por ampliaci\u00f3n, mejora, correcci\u00f3n o actualizaci\u00f3n de los contenidos.<\/span><\/p>\n<ul>\n<li><strong>Disponibilidad de los contenidos<\/strong><\/li>\n<\/ul>\n<p style=\"text-align: justify;\"><span style=\"font-weight: 400;\">La prestaci\u00f3n del servicio de la p\u00e1gina y de los contenidos tiene, en principio, duraci\u00f3n indefinida. El TITULAR, no obstante, queda autorizado para dar por terminada o suspender la prestaci\u00f3n del servicio de la p\u00e1gina y\/o de cualquiera de los contenidos en cualquier momento. Cuando ello sea razonablemente posible, Malaga Adventures advertir\u00e1 previamente la terminaci\u00f3n o suspensi\u00f3n de la p\u00e1gina.<\/span><\/p>\n<ul>\n<li><strong>Protecci\u00f3n de datos personales<\/strong><\/li>\n<\/ul>\n<p style=\"text-align: justify;\"><span style=\"font-weight: 400;\">Para aquellos casos que se recaben, traten o almacenen datos personales, se har\u00e1 en conformidad con la Pol\u00edtica de Privacidad publicada en el sitio web y que puede consultar en el pie o footer del sitio Web.<\/span><\/p>\n<ul>\n<li><strong>Propiedad del sitio web<\/strong><\/li>\n<\/ul>\n<p><span style=\"font-weight: 400;\">Titular del Sitio Web: Enrique Jos\u00e9 Martin Bustos<br \/>Direcci\u00f3n: Calle Carril de Castell n.5 1A <br \/><\/span><span style=\"font-weight: 400;\">Contacto: Tel. +34 699756864\u00a0 \u00a0<br \/>Email: info@mediumvioletred-rail-262634.hostingersite.com<br \/>Actividad: Servicios tur\u00edsticos<\/span><\/p>\n<ul>\n<li><strong>Modificaci\u00f3n del Aviso Legal<\/strong><\/li>\n<\/ul>\n<p style=\"text-align: justify;\"><span style=\"font-weight: 400;\">Con el fin de mejorar las prestaciones del sitio Web, el TITULAR se reserva la facultad de efectuar, en cualquier momento y sin necesidad de previo aviso, modificaciones y actualizaciones de la informaci\u00f3n contenida en el sitio Web, de la configuraci\u00f3n y dise\u00f1o de \u00e9ste y del presente aviso legal, as\u00ed como de cualesquiera otras condiciones particulares. Por tanto, EL USUARIO debe leer el Aviso Legal en todas y cada una de las ocasiones en que acceda a la P\u00e1gina.<\/span><\/p>\n<ul>\n<li><strong>Jurisdicci\u00f3n<\/strong><\/li>\n<\/ul>\n<p style=\"text-align: justify;\"><span style=\"font-weight: 400;\">Para cuantas cuestiones se susciten sobre la interpretaci\u00f3n, aplicaci\u00f3n y cumplimiento de este Aviso Legal, as\u00ed como de las reclamaciones que puedan derivarse de su uso, todas las partes intervinientes se someten a los Jueces y Tribunales de M\u00e1laga, Espa\u00f1a renunciando de forma expresa a cualquier otro fuero que pudiera corresponderles.<\/span><\/p>\n<ul>\n<li><strong>Legislaci\u00f3n aplicable<\/strong><\/li>\n<\/ul>\n<p style=\"text-align: justify;\"><span style=\"font-weight: 400;\">La ley aplicable en caso de disputa o conflicto de interpretaci\u00f3n de los t\u00e9rminos que conforman este Aviso Legal, as\u00ed como cualquier cuesti\u00f3n relacionada con los servicios del presente Portal, ser\u00e1 la legislaci\u00f3n espa\u00f1ola. Reservados todos los derechos de autor por las leyes y tratados internacionales de propiedad intelectual. Queda expresamente prohibida su copia, reproducci\u00f3n o difusi\u00f3n, total o parcial, por cualquier medio sin consentimiento expreso y por escrito del TITULAR.<\/span><\/p>\n<p>\u00a0<\/p>\n\n\n","protected":false},"excerpt":{"rendered":"","protected":false},"author":9,"featured_media":0,"parent":0,"menu_order":0,"comment_status":"closed","ping_status":"closed","template":"","meta":{"_acf_changed":false,"footnotes":""},"class_list":["post-13443","page","type-page","status-publish","hentry"],"acf":[],"yoast_head":"<!-- This site is optimized with the Yoast SEO plugin v26.7 - https:\/\/yoast.com\/wordpress\/plugins\/seo\/ -->\n<title>Aviso legal - Malaga Adventures<\/title>\n<meta name=\"robots\" content=\"index, follow, max-snippet:-1, max-image-preview:large, max-video-preview:-1\" \/>\n<link rel=\"canonical\" href=\"https:\/\/malagaadventures.com\/es\/aviso-legal\/\" \/>\n<meta property=\"og:locale\" content=\"es_ES\" \/>\n<meta property=\"og:type\" content=\"article\" \/>\n<meta property=\"og:title\" content=\"Aviso legal - Malaga Adventures\" \/>\n<meta property=\"og:url\" content=\"https:\/\/malagaadventures.com\/es\/aviso-legal\/\" \/>\n<meta property=\"og:site_name\" content=\"Malaga Adventures\" \/>\n<meta property=\"article:modified_time\" content=\"2024-02-13T15:43:33+00:00\" \/>\n<meta name=\"twitter:card\" content=\"summary_large_image\" \/>\n<meta name=\"twitter:label1\" content=\"Tiempo de lectura\" \/>\n\t<meta name=\"twitter:data1\" content=\"11 minutos\" \/>\n<script type=\"application\/ld+json\" class=\"yoast-schema-graph\">{\"@context\":\"https:\/\/schema.org\",\"@graph\":[{\"@type\":\"WebPage\",\"@id\":\"https:\/\/malagaadventures.com\/es\/aviso-legal\/\",\"url\":\"https:\/\/malagaadventures.com\/es\/aviso-legal\/\",\"name\":\"Aviso legal - Malaga Adventures\",\"isPartOf\":{\"@id\":\"https:\/\/malagaadventures.com\/es\/#website\"},\"datePublished\":\"2020-04-15T09:26:08+00:00\",\"dateModified\":\"2024-02-13T15:43:33+00:00\",\"breadcrumb\":{\"@id\":\"https:\/\/malagaadventures.com\/es\/aviso-legal\/#breadcrumb\"},\"inLanguage\":\"es\",\"potentialAction\":[{\"@type\":\"ReadAction\",\"target\":[\"https:\/\/malagaadventures.com\/es\/aviso-legal\/\"]}]},{\"@type\":\"BreadcrumbList\",\"@id\":\"https:\/\/malagaadventures.com\/es\/aviso-legal\/#breadcrumb\",\"itemListElement\":[{\"@type\":\"ListItem\",\"position\":1,\"name\":\"Home\",\"item\":\"https:\/\/malagaadventures.com\/es\/\"},{\"@type\":\"ListItem\",\"position\":2,\"name\":\"Aviso legal\"}]},{\"@type\":\"WebSite\",\"@id\":\"https:\/\/malagaadventures.com\/es\/#website\",\"url\":\"https:\/\/malagaadventures.com\/es\/\",\"name\":\"Malaga Adventures\",\"description\":\"Free tour Malaga, tours privados y visitas escolares\",\"potentialAction\":[{\"@type\":\"SearchAction\",\"target\":{\"@type\":\"EntryPoint\",\"urlTemplate\":\"https:\/\/malagaadventures.com\/es\/?s={search_term_string}\"},\"query-input\":{\"@type\":\"PropertyValueSpecification\",\"valueRequired\":true,\"valueName\":\"search_term_string\"}}],\"inLanguage\":\"es\"}]}<\/script>\n<!-- \/ Yoast SEO plugin. -->","yoast_head_json":{"title":"Aviso legal - Malaga Adventures","robots":{"index":"index","follow":"follow","max-snippet":"max-snippet:-1","max-image-preview":"max-image-preview:large","max-video-preview":"max-video-preview:-1"},"canonical":"https:\/\/malagaadventures.com\/es\/aviso-legal\/","og_locale":"es_ES","og_type":"article","og_title":"Aviso legal - Malaga Adventures","og_url":"https:\/\/malagaadventures.com\/es\/aviso-legal\/","og_site_name":"Malaga Adventures","article_modified_time":"2024-02-13T15:43:33+00:00","twitter_card":"summary_large_image","twitter_misc":{"Tiempo de lectura":"11 minutos"},"schema":{"@context":"https:\/\/schema.org","@graph":[{"@type":"WebPage","@id":"https:\/\/malagaadventures.com\/es\/aviso-legal\/","url":"https:\/\/malagaadventures.com\/es\/aviso-legal\/","name":"Aviso legal - Malaga Adventures","isPartOf":{"@id":"https:\/\/malagaadventures.com\/es\/#website"},"datePublished":"2020-04-15T09:26:08+00:00","dateModified":"2024-02-13T15:43:33+00:00","breadcrumb":{"@id":"https:\/\/malagaadventures.com\/es\/aviso-legal\/#breadcrumb"},"inLanguage":"es","potentialAction":[{"@type":"ReadAction","target":["https:\/\/malagaadventures.com\/es\/aviso-legal\/"]}]},{"@type":"BreadcrumbList","@id":"https:\/\/malagaadventures.com\/es\/aviso-legal\/#breadcrumb","itemListElement":[{"@type":"ListItem","position":1,"name":"Home","item":"https:\/\/malagaadventures.com\/es\/"},{"@type":"ListItem","position":2,"name":"Aviso legal"}]},{"@type":"WebSite","@id":"https:\/\/malagaadventures.com\/es\/#website","url":"https:\/\/malagaadventures.com\/es\/","name":"Malaga Adventures","description":"Free tour Malaga, tours privados y visitas escolares","potentialAction":[{"@type":"SearchAction","target":{"@type":"EntryPoint","urlTemplate":"https:\/\/malagaadventures.com\/es\/?s={search_term_string}"},"query-input":{"@type":"PropertyValueSpecification","valueRequired":true,"valueName":"search_term_string"}}],"inLanguage":"es"}]}},"_hostinger_reach_plugin_has_subscription_block":false,"_hostinger_reach_plugin_is_elementor":false,"_links":{"self":[{"href":"https:\/\/malagaadventures.com\/es\/wp-json\/wp\/v2\/pages\/13443","targetHints":{"allow":["GET"]}}],"collection":[{"href":"https:\/\/malagaadventures.com\/es\/wp-json\/wp\/v2\/pages"}],"about":[{"href":"https:\/\/malagaadventures.com\/es\/wp-json\/wp\/v2\/types\/page"}],"author":[{"embeddable":true,"href":"https:\/\/malagaadventures.com\/es\/wp-json\/wp\/v2\/users\/9"}],"replies":[{"embeddable":true,"href":"https:\/\/malagaadventures.com\/es\/wp-json\/wp\/v2\/comments?post=13443"}],"version-history":[{"count":3,"href":"https:\/\/malagaadventures.com\/es\/wp-json\/wp\/v2\/pages\/13443\/revisions"}],"predecessor-version":[{"id":21279,"href":"https:\/\/malagaadventures.com\/es\/wp-json\/wp\/v2\/pages\/13443\/revisions\/21279"}],"wp:attachment":[{"href":"https:\/\/malagaadventures.com\/es\/wp-json\/wp\/v2\/media?parent=13443"}],"curies":[{"name":"wp","href":"https:\/\/api.w.org\/{rel}","templated":true}]}}