{"id":13444,"date":"2020-04-15T11:26:08","date_gmt":"2020-04-15T09:26:08","guid":{"rendered":"https:\/\/mediumvioletred-rail-262634.hostingersite.com\/privacidad\/"},"modified":"2020-04-15T12:17:35","modified_gmt":"2020-04-15T10:17:35","slug":"privacidad","status":"publish","type":"page","link":"https:\/\/malagaadventures.com\/es\/privacidad\/","title":{"rendered":"Pol\u00edtica de privacidad"},"content":{"rendered":"<p>[pdrgpd-politica-privacidad]<\/p>\n\n\n\n<p><strong>TERMINOS Y\/O CONDICIONES GENERALES<\/strong><\/p>\n\n\n\n<p><strong>1.INTRODUCCI\u00d3N<\/strong><\/p>\n\n\n\n<p>El presente documento tiene por finalidad regular los TERMINOS o CONDICIONES GENERALES DE CONTRATACI\u00d3N de los servicios de reserva on-line y off-line (en adelante, e indistintamente, los servicios) de M\u00e1laga Adventures, con domicilio social en M\u00e1laga, C\/Carril de Castell n\u00ba 5, 1\u00baA.<\/p>\n\n\n\n<p>Los T\u00e9rminos \u201cUsted\u201d y \u201cUsuario\u201d se emplean aqu\u00ed para referirse a todos los individuos y\/o entidades que por cualquier raz\u00f3n accedan a www.mediumvioletred-rail-262634.hostingersite.com o utilicen los servicios.<\/p>\n\n\n\n<p>La utilizaci\u00f3n de estos servicios, supondr\u00e1 la aceptaci\u00f3n plena y sin reservas, y la validez, de todas y cada uno de los T\u00e9rminos y\/o Condiciones Generales -que se considerar\u00e1n autom\u00e1ticamente incorporadas en el contrato que se suscriba con M\u00e1lagaAdventures, sin que sea necesaria su trascripci\u00f3n escrita en el mismo- recogidas en la \u00faltima versi\u00f3n actualizada de estos T\u00e9rminos y\/o Condiciones Generales.<\/p>\n\n\n\n<p><strong>2. RESERVA DE SERVICIOS<\/strong><\/p>\n\n\n\n<p>Los servicios reserva a trav\u00e9s de la web o trav\u00e9s de nuestros operadores f\u00edsicos tienen por finalidad la reserva de uno o varios tours en cualquiera de las ciudades en las que opera FTC. LA UTILIZACI\u00d3N DE ESTOS SERVICIOS, SUPONDR\u00c1 LA ACEPTACI\u00d3N PLENA Y SIN RESERVAS, Y LA VALIDEZ, DE TODAS Y CADA UNA DE LOS TERMINOS O CONDICIONES GENERALES -QUE SE CONSIDERAR\u00c1N AUTOM\u00c1TICAMENTE INCORPORADAS EN EL CONTRATO QUE SE SUSCRIBA CON FTC, SIN QUE SEA NECESARIA SU TRASCRIPCI\u00d3N ESCRITA EN EL MISMO- RECOGIDAS EN LA \u00daLTIMA VERSI\u00d3N ACTUALIZADA DE ESTOS T\u00c9RMINOS Y\/O CONDICIONES GENERALES.<\/p>\n\n\n\n<p><strong>Procedimiento de contrataci\u00f3n:<\/strong><\/p>\n\n\n\n<p><strong>b1. Contrataci\u00f3n tour v\u00eda online:<\/strong>&nbsp;Una vez realizado el cargo (con tarjeta) correspondiente a su reserva, recibir\u00e1 un mail confirm\u00e1ndole la misma, este mail le sirven como comprobante de su reserva.<\/p>\n\n\n\n<p><strong>b2. Contrataci\u00f3n tour en operadores f\u00edsicos:<\/strong>&nbsp;Una vez realizado el cargo (en efectivo o con tarjeta) correspondiente a su reserva, recibir\u00e1 un ticket por persona confirm\u00e1ndole la misma, el cual sirven como comprobante de su reserva.<\/p>\n\n\n\n<p><strong>b3. Pol\u00edtica de cancelaciones:&nbsp;<\/strong>No se devolver\u00e1 el importe de ning\u00fan tour si se cancela entre el d\u00eda del tour y 7 d\u00edas previos.<\/p>\n\n\n\n<p>Se devolver\u00e1 el 50% del importe abonado si se cancela entre 8 y 14 d\u00edas.<\/p>\n\n\n\n<p>Se devolver\u00e1 el 100% del importe abonado si se cancela con al menos 15 d\u00edas de antelaci\u00f3n.<\/p>\n\n\n\n<p>*En cualquier caso se abonar\u00e1 el dinero de las entradas de los monumentos que el cliente no haya disfrutado. Excepto las entradas de Alhambra, que por el contrario NO ser\u00e1n devueltas en ninguno de los casos por razones ajenas a nosotros.<\/p>\n\n\n\n<p>** En ning\u00fan caso se realizar\u00e1 abono del tour por incidencia ajenas a M\u00e1laga Adventures,<\/p>\n\n\n\n<p>***La informaci\u00f3n relevante a horarios y puntos de encuentros es aquella mostrada en la del ticket adquirido durante el Free Tour o en el voucher adquirido mediante reserva web.<\/p>\n\n\n\n<p>M\u00e1laga Adventures tour se reserva el derecho de cancelar cualquier tour que no llegue a un m\u00ednimo de 5 personas.<\/p>\n\n\n\n<p>Nota: sean para clientes con reserva web o con reserva Free Tour.<\/p>\n\n\n\n<p>Para realizar la cancelaci\u00f3n ser\u00e1 imprescindible enviar la solicitud a la direcci\u00f3n de correo indo@mediumvioletred-rail-262634.hostingersite.com<\/p>\n\n\n\n<p><strong>3. PROTECCI\u00d3N DE LOS DATOS PERSONALES DE LOS USUARIOS POR PARTE DE FTC<\/strong><\/p>\n\n\n\n<p>El usuario de los servicios de Reserva on-line y off-line, est\u00e1 proporcionando voluntariamente datos de car\u00e1cter personal (de ahora en adelante los Datos Personales) y acepta de forma expresa y plenamente y sin reservas que FTC los trate de forma automatizada e incorpore a un fichero con la finalidad de poderle prestar y ofrecer sus servicios, fichero del que es responsable FTC, y que se encuentra registrado o dado de alta ante la autoridad competente.<\/p>\n\n\n\n<p>Debido a las caracter\u00edsticas propias de la actividad y los servicios de FTC y para el perfecto desarrollo y consecuci\u00f3n de sus objetivos, se hace necesaria las cesiones de datos personales a terceros, incluyendo transferencias internacionales. Dichas cesiones o transferencias de datos personales pueden dirigirse a las sociedades del GRUPO FTC y\/o a otros terceros interesados. La cesi\u00f3n de datos de car\u00e1cter personal a tales entidades tiene como exclusiva finalidad la correcta prestaci\u00f3n de los servicios que FTC ofrece.<\/p>\n\n\n\n<p>Los titulares de los datos tienen en todo momento el derecho de rectificaci\u00f3n y cancelaci\u00f3n en los T\u00e9rminos recogidos en la legislaci\u00f3n de protecci\u00f3n de datos. A tales fines, bastar\u00e1 con contactar con FTC a trav\u00e9s del correo electr\u00f3nico info@mediumvioletred-rail-262634.hostingersite.com. FTC garantiza la confidencialidad de los Datos Personales, aunque revelar\u00e1 a las autoridades p\u00fablicas competentes los Datos Personales y cualquier otra informaci\u00f3n que est\u00e9 en su poder o sea accesible a trav\u00e9s de sus sistemas y sea requerida de conformidad con las disposiciones legales y reglamentarias aplicables al caso. Los usuarios de FTC garantizan y responden, en cualquier caso, de la veracidad, exactitud, vigencia y autenticidad de los Datos Personales facilitados, y se comprometen a mantenerlos debidamente actualizados.<\/p>\n\n\n\n<p>Los servicios de FTC no est\u00e1n destinados a menores y FTC no solicita ni recoge informaci\u00f3n relativa a personas menores de edad.<\/p>\n\n\n\n<p>Por otra parte, FTC podr\u00e1 recoger informaci\u00f3n a trav\u00e9s de dispositivos como cookies o ficheros log sobre la navegaci\u00f3n de sus usuarios por www.mediumvioletred-rail-262634.hostingersite.com. Estos dispositivos se asocian exclusivamente a un \u00fanico usuario y su propio ordenador personal. En tal caso, FTC s\u00f3lo utilizar\u00e1 estos datos en su conjunto con el fin \u00faltimo de mejorar sus servicios. Es posible que FTC comparta esa informaci\u00f3n con sus empresas clientes, pero del mismo modo y en todo caso con car\u00e1cter global y estad\u00edstico \u00fanicamente.<\/p>\n\n\n\n<p><strong>4. USO CORRECTO DE LOS CONTENIDOS DE LA WEB SITE POR EL USUARIO<\/strong><\/p>\n\n\n\n<p>4.1 FTC declara que los derechos de propiedad industrial (Marcas, Nombres comerciales, etc.) que aparecen en esta Web Site son de su propiedad y\/o se encuentran leg\u00edtimamente explotados en virtud de acuerdos o licencias de uso, encontr\u00e1ndose debidamente protegidos por la Normativa existente sobre Propiedad Industrial. El Usuario se obliga a usar la Web Site de forma diligente, correcta y l\u00edcita y, en particular, se compromete a abstenerse de:<\/p>\n\n\n\n<p>(a) Suprimir, eludir o manipular el \u201ccopyright\u201d, marcas y dem\u00e1s datos identificativos de los derechos de FTC o de sus titulares incorporados a los contenidos y\/o productos comercializados desde el Web Site de FTC, as\u00ed como los dispositivos t\u00e9cnicos de protecci\u00f3n, las huellas digitales o cualesquiera mecanismos de informaci\u00f3n que pudieren contener los mismos.<\/p>\n\n\n\n<p>(b) Emplear los contenidos y, en particular, la informaci\u00f3n de FTC obtenida a trav\u00e9s de su Web Site para remitir publicidad, comunicaciones con fines de venta directa o con cualquier otra clase de finalidad comercial, mensajes no solicitados dirigidos a una pluralidad de personas.<\/p>\n\n\n\n<p>(c) Reproducir o copiar, distribuir, permitir el acceso del p\u00fablico a trav\u00e9s de cualquier modalidad de comunicaci\u00f3n p\u00fablica, transformar o modificar los contenidos, a menos que se cuente con la autorizaci\u00f3n del titular de los correspondientes derechos o ello resulte legalmente permitido.<\/p>\n\n\n\n<p>(d) En general, utilizar los contenidos de forma, con fines o efectos contrarios a la ley, a la moral y a las buenas costumbres generalmente aceptadas o al orden p\u00fablico. FTC no concede ninguna licencia o autorizaci\u00f3n de uso de ninguna clase sobre sus derechos de propiedad industrial e intelectual o sobre cualquier otra propiedad o derecho relacionado con su Web Site.<\/p>\n","protected":false},"excerpt":{"rendered":"<p>TERMINOS Y\/O CONDICIONES GENERALES 1.INTRODUCCI\u00d3N El presente documento tiene por finalidad regular los TERMINOS o CONDICIONES GENERALES DE CONTRATACI\u00d3N de los servicios de reserva on-line y off-line (en adelante, e indistintamente, los servicios) de M\u00e1laga Adventures, con domicilio social en M\u00e1laga, C\/Carril de Castell n\u00ba 5, 1\u00baA. Los T\u00e9rminos \u201cUsted\u201d y \u201cUsuario\u201d se emplean aqu\u00ed [&hellip;]<\/p>\n","protected":false},"author":9,"featured_media":0,"parent":0,"menu_order":0,"comment_status":"closed","ping_status":"closed","template":"","meta":{"_acf_changed":false,"footnotes":""},"class_list":["post-13444","page","type-page","status-publish","hentry"],"acf":[],"yoast_head":"<!-- This site is optimized with the Yoast SEO plugin v26.7 - https:\/\/yoast.com\/wordpress\/plugins\/seo\/ -->\n<title>Pol\u00edtica de privacidad - Malaga Adventures<\/title>\n<meta name=\"robots\" content=\"index, follow, max-snippet:-1, max-image-preview:large, max-video-preview:-1\" \/>\n<link rel=\"canonical\" href=\"https:\/\/malagaadventures.com\/es\/privacidad\/\" \/>\n<meta property=\"og:locale\" content=\"es_ES\" \/>\n<meta property=\"og:type\" content=\"article\" \/>\n<meta property=\"og:title\" content=\"Pol\u00edtica de privacidad - Malaga Adventures\" \/>\n<meta property=\"og:description\" content=\"TERMINOS Y\/O CONDICIONES GENERALES 1.INTRODUCCI\u00d3N El presente documento tiene por finalidad regular los TERMINOS o CONDICIONES GENERALES DE CONTRATACI\u00d3N de los servicios de reserva on-line y off-line (en adelante, e indistintamente, los servicios) de M\u00e1laga Adventures, con domicilio social en M\u00e1laga, C\/Carril de Castell n\u00ba 5, 1\u00baA. Los T\u00e9rminos \u201cUsted\u201d y \u201cUsuario\u201d se emplean aqu\u00ed [&hellip;]\" \/>\n<meta property=\"og:url\" content=\"https:\/\/malagaadventures.com\/es\/privacidad\/\" \/>\n<meta property=\"og:site_name\" content=\"Malaga Adventures\" \/>\n<meta property=\"article:modified_time\" content=\"2020-04-15T10:17:35+00:00\" \/>\n<meta name=\"twitter:card\" content=\"summary_large_image\" \/>\n<meta name=\"twitter:label1\" content=\"Tiempo de lectura\" \/>\n\t<meta name=\"twitter:data1\" content=\"6 minutos\" \/>\n<script type=\"application\/ld+json\" class=\"yoast-schema-graph\">{\"@context\":\"https:\/\/schema.org\",\"@graph\":[{\"@type\":\"WebPage\",\"@id\":\"https:\/\/malagaadventures.com\/es\/privacidad\/\",\"url\":\"https:\/\/malagaadventures.com\/es\/privacidad\/\",\"name\":\"Pol\u00edtica de privacidad - Malaga Adventures\",\"isPartOf\":{\"@id\":\"https:\/\/malagaadventures.com\/es\/#website\"},\"datePublished\":\"2020-04-15T09:26:08+00:00\",\"dateModified\":\"2020-04-15T10:17:35+00:00\",\"breadcrumb\":{\"@id\":\"https:\/\/malagaadventures.com\/es\/privacidad\/#breadcrumb\"},\"inLanguage\":\"es\",\"potentialAction\":[{\"@type\":\"ReadAction\",\"target\":[\"https:\/\/malagaadventures.com\/es\/privacidad\/\"]}]},{\"@type\":\"BreadcrumbList\",\"@id\":\"https:\/\/malagaadventures.com\/es\/privacidad\/#breadcrumb\",\"itemListElement\":[{\"@type\":\"ListItem\",\"position\":1,\"name\":\"Home\",\"item\":\"https:\/\/malagaadventures.com\/es\/\"},{\"@type\":\"ListItem\",\"position\":2,\"name\":\"Pol\u00edtica de privacidad\"}]},{\"@type\":\"WebSite\",\"@id\":\"https:\/\/malagaadventures.com\/es\/#website\",\"url\":\"https:\/\/malagaadventures.com\/es\/\",\"name\":\"Malaga Adventures\",\"description\":\"Free tour Malaga, tours privados y visitas escolares\",\"potentialAction\":[{\"@type\":\"SearchAction\",\"target\":{\"@type\":\"EntryPoint\",\"urlTemplate\":\"https:\/\/malagaadventures.com\/es\/?s={search_term_string}\"},\"query-input\":{\"@type\":\"PropertyValueSpecification\",\"valueRequired\":true,\"valueName\":\"search_term_string\"}}],\"inLanguage\":\"es\"}]}<\/script>\n<!-- \/ Yoast SEO plugin. -->","yoast_head_json":{"title":"Pol\u00edtica de privacidad - Malaga Adventures","robots":{"index":"index","follow":"follow","max-snippet":"max-snippet:-1","max-image-preview":"max-image-preview:large","max-video-preview":"max-video-preview:-1"},"canonical":"https:\/\/malagaadventures.com\/es\/privacidad\/","og_locale":"es_ES","og_type":"article","og_title":"Pol\u00edtica de privacidad - Malaga Adventures","og_description":"TERMINOS Y\/O CONDICIONES GENERALES 1.INTRODUCCI\u00d3N El presente documento tiene por finalidad regular los TERMINOS o CONDICIONES GENERALES DE CONTRATACI\u00d3N de los servicios de reserva on-line y off-line (en adelante, e indistintamente, los servicios) de M\u00e1laga Adventures, con domicilio social en M\u00e1laga, C\/Carril de Castell n\u00ba 5, 1\u00baA. Los T\u00e9rminos \u201cUsted\u201d y \u201cUsuario\u201d se emplean aqu\u00ed [&hellip;]","og_url":"https:\/\/malagaadventures.com\/es\/privacidad\/","og_site_name":"Malaga Adventures","article_modified_time":"2020-04-15T10:17:35+00:00","twitter_card":"summary_large_image","twitter_misc":{"Tiempo de lectura":"6 minutos"},"schema":{"@context":"https:\/\/schema.org","@graph":[{"@type":"WebPage","@id":"https:\/\/malagaadventures.com\/es\/privacidad\/","url":"https:\/\/malagaadventures.com\/es\/privacidad\/","name":"Pol\u00edtica de privacidad - Malaga Adventures","isPartOf":{"@id":"https:\/\/malagaadventures.com\/es\/#website"},"datePublished":"2020-04-15T09:26:08+00:00","dateModified":"2020-04-15T10:17:35+00:00","breadcrumb":{"@id":"https:\/\/malagaadventures.com\/es\/privacidad\/#breadcrumb"},"inLanguage":"es","potentialAction":[{"@type":"ReadAction","target":["https:\/\/malagaadventures.com\/es\/privacidad\/"]}]},{"@type":"BreadcrumbList","@id":"https:\/\/malagaadventures.com\/es\/privacidad\/#breadcrumb","itemListElement":[{"@type":"ListItem","position":1,"name":"Home","item":"https:\/\/malagaadventures.com\/es\/"},{"@type":"ListItem","position":2,"name":"Pol\u00edtica de privacidad"}]},{"@type":"WebSite","@id":"https:\/\/malagaadventures.com\/es\/#website","url":"https:\/\/malagaadventures.com\/es\/","name":"Malaga Adventures","description":"Free tour Malaga, tours privados y visitas escolares","potentialAction":[{"@type":"SearchAction","target":{"@type":"EntryPoint","urlTemplate":"https:\/\/malagaadventures.com\/es\/?s={search_term_string}"},"query-input":{"@type":"PropertyValueSpecification","valueRequired":true,"valueName":"search_term_string"}}],"inLanguage":"es"}]}},"_hostinger_reach_plugin_has_subscription_block":false,"_hostinger_reach_plugin_is_elementor":false,"_links":{"self":[{"href":"https:\/\/malagaadventures.com\/es\/wp-json\/wp\/v2\/pages\/13444","targetHints":{"allow":["GET"]}}],"collection":[{"href":"https:\/\/malagaadventures.com\/es\/wp-json\/wp\/v2\/pages"}],"about":[{"href":"https:\/\/malagaadventures.com\/es\/wp-json\/wp\/v2\/types\/page"}],"author":[{"embeddable":true,"href":"https:\/\/malagaadventures.com\/es\/wp-json\/wp\/v2\/users\/9"}],"replies":[{"embeddable":true,"href":"https:\/\/malagaadventures.com\/es\/wp-json\/wp\/v2\/comments?post=13444"}],"version-history":[{"count":0,"href":"https:\/\/malagaadventures.com\/es\/wp-json\/wp\/v2\/pages\/13444\/revisions"}],"wp:attachment":[{"href":"https:\/\/malagaadventures.com\/es\/wp-json\/wp\/v2\/media?parent=13444"}],"curies":[{"name":"wp","href":"https:\/\/api.w.org\/{rel}","templated":true}]}}