{"id":13445,"date":"2020-04-15T11:26:08","date_gmt":"2020-04-15T09:26:08","guid":{"rendered":"https:\/\/mediumvioletred-rail-262634.hostingersite.com\/cookies\/"},"modified":"2020-04-15T13:20:21","modified_gmt":"2020-04-15T11:20:21","slug":"cookies","status":"publish","type":"page","link":"https:\/\/malagaadventures.com\/es\/cookies\/","title":{"rendered":"Pol\u00edtica de cookies"},"content":{"rendered":"<p>[pdrgpd-politica-cookies]<\/p>\n\n\n\n<p><strong>RESERVA DE COOKIES<\/strong><\/p>\n\n\n\n<p><em>M\u00e1laga Adventures se reserva el derecho de utilizar cookies en la navegaci\u00f3n del usuario por su website para facilitar la personalizaci\u00f3n y comodidad de la navegaci\u00f3n. Sigui\u00e9ndo la pol\u00edtica de protecci\u00f3n de datos de la empresa, M\u00e1laga Adventures informa que las cookies se asocian al usuario an\u00f3nimo y a su ordenador, y no proporcionan por s\u00ed el nombre y apellidos del usuario.<\/em><\/p>\n\n\n\n<p><em>El usuario tiene la posibilidad de configurar su navegador de modo que se le informe de la recepci\u00f3n de cookies, pudiendo, si as\u00ed lo desea, impedir que sean instaladas en su disco duro. No obstante, para el acceso a la website de M\u00e1laga Adventures no ser\u00e1 preceptiva la instalaci\u00f3n de cookies.\u201d<\/em><\/p>\n\n\n\n<p><strong>Definiciones<\/strong><\/p>\n\n\n\n<p>Una cookie es un fichero que se descarga en su ordenador al acceder a determinadas p\u00e1ginas web, Smartphone, tablet o dispositivo an\u00e1logo. Las cookies permiten a una p\u00e1gina web, entre otras cosas, almacenar y recuperar informaci\u00f3n sobre los h\u00e1bitos de navegaci\u00f3n de un usuario o de su equipo, mantener sesiones dentro de una web que interact\u00faa con el visitante, mostrar contenido de especial relevancia al usuario, etc\u2026<\/p>\n\n\n\n<p>El navegador del usuario memoriza cookies en el disco duro solamente durante la sesi\u00f3n actual ocupando un espacio de memoria m\u00ednimo y no perjudicando al ordenador. Las cookies no contienen ninguna clase de informaci\u00f3n personal espec\u00edfica, y la mayor\u00eda de las mismas se borran del disco duro al finalizar la sesi\u00f3n de navegador (las denominadas cookies de sesi\u00f3n).<\/p>\n\n\n\n<p><strong>\u00bfQu\u00e9 tipos de cookies utiliza esta p\u00e1gina web?<\/strong><\/p>\n\n\n\n<p>Navegar en&nbsp;<a href=\"https:\/\/malagaadventures.com\/\">https:\/\/malagaadventures.com\/<\/a>&nbsp;supone que se puedan instalar los siguientes tipos de Cookies:<\/p>\n\n\n\n<figure class=\"wp-block-table is-style-regular\"><table><tbody><tr><td>Tipo de cookie<\/td><td>Nombre\/Prefijo de la cookie<\/td><td>Descripci\u00f3n<\/td><\/tr><tr><td>Redes sociales<\/td><td>Facebook, Instagram\u2026<\/td><td><strong>Las Cookies de redes sociales son utilizadas para unir la web al perfil en la mencionada red social.<\/strong><\/td><\/tr><tr><td>Anal\u00edticas<\/td><td>_ga _gid Google Analytics<\/td><td><strong>Son aqu\u00e9llas que permiten realizar el seguimiento y an\u00e1lisis del comportamiento de los usuarios en los sitios web. La informaci\u00f3n recogida mediante este tipo de \u2018cookies\u2019 se utiliza en la medici\u00f3n de la actividad de los sitios web, aplicaci\u00f3n o plataforma y para la elaboraci\u00f3n de perfiles de navegaci\u00f3n de los usuarios de dichos sitios, con el fin de introducir mejoras en el servicio en funci\u00f3n de los datos de uso que hacen los usuarios.<\/strong><\/td><\/tr><tr><td>Propias<\/td><td>_icl _icl_current_language<\/td><td><strong>Son aquellas usadas para el correcto funcionamiento de la p\u00e1gina web. Como el almacenamiento del idioma en el que navega el usuario.<\/strong><\/td><\/tr><\/tbody><\/table><\/figure>\n\n\n\n<p><strong>Desactivaci\u00f3n de cookies<\/strong><\/p>\n\n\n\n<p>El usuario podr\u00e1 en cualquier momento elegir qu\u00e9 cookies quiere que funcionen en&nbsp;<a href=\"https:\/\/malagaadventures.com\/\">https:\/\/malagaadventures.com\/<\/a>&nbsp;mediante la configuraci\u00f3n del&nbsp;navegador; por ejemplo:<\/p>\n\n\n\n<p><strong>Chrome<\/strong>, pinchando&nbsp;<a target=\"_blank\" href=\"https:\/\/support.google.com\/chrome\/answer\/95647?hl=es\" rel=\"noreferrer noopener\">aqu\u00ed<\/a><\/p>\n\n\n\n<p><strong>Explorer<\/strong>, pinchando&nbsp;<a target=\"_blank\" href=\"https:\/\/support.microsoft.com\/es-es\/help\/278835\/how-to-delete-cookie-files-in-internet-explorer\" rel=\"noreferrer noopener\">aqu\u00ed<\/a><\/p>\n\n\n\n<p><strong>Firefox<\/strong>, pinchando&nbsp;<a target=\"_blank\" href=\"https:\/\/support.mozilla.org\/es\/kb\/habilitar-y-deshabilitar-cookies-sitios-web-rastrear-preferencias?redirectlocale=es&amp;redirectslug=habilitar-y-deshabilitar-cookies-que-los-sitios-we\" rel=\"noreferrer noopener\">aqu\u00ed<\/a><\/p>\n\n\n\n<p><strong>Safari<\/strong>, pinchando&nbsp;<a target=\"_blank\" href=\"https:\/\/support.apple.com\/kb\/PH21411?locale=es_ES\" rel=\"noreferrer noopener\">aqu\u00ed<\/a><\/p>\n\n\n\n<p><strong>Opera<\/strong>, pinchando&nbsp;<a target=\"_blank\" href=\"http:\/\/help.opera.com\/Windows\/11.50\/es-ES\/cookies.html\" rel=\"noreferrer noopener\">aqu\u00ed<\/a><\/p>\n\n\n\n<p><strong>Actualizaci\u00f3n de la pol\u00edtica de cookies<\/strong><\/p>\n\n\n\n<p>Es posible que actualicemos la Pol\u00edtica de Cookies de&nbsp;<a href=\"https:\/\/malagaadventures.com\/\">https:\/\/malagaadventures.com\/<\/a>&nbsp;, por ello le recomendamos revisar esta pol\u00edtica cada vez que acceda a nuestro Sitio Web con el objetivo de estar adecuadamente informado sobre c\u00f3mo y para qu\u00e9 usamos las cookies.<\/p>\n","protected":false},"excerpt":{"rendered":"<p>RESERVA DE COOKIES M\u00e1laga Adventures se reserva el derecho de utilizar cookies en la navegaci\u00f3n del usuario por su website para facilitar la personalizaci\u00f3n y comodidad de la navegaci\u00f3n. Sigui\u00e9ndo la pol\u00edtica de protecci\u00f3n de datos de la empresa, M\u00e1laga Adventures informa que las cookies se asocian al usuario an\u00f3nimo y a su ordenador, y [&hellip;]<\/p>\n","protected":false},"author":9,"featured_media":0,"parent":0,"menu_order":0,"comment_status":"closed","ping_status":"closed","template":"","meta":{"_acf_changed":false,"footnotes":""},"class_list":["post-13445","page","type-page","status-publish","hentry"],"acf":[],"yoast_head":"<!-- This site is optimized with the Yoast SEO plugin v26.7 - https:\/\/yoast.com\/wordpress\/plugins\/seo\/ -->\n<title>Pol\u00edtica de cookies - Malaga Adventures<\/title>\n<meta name=\"robots\" content=\"index, follow, max-snippet:-1, max-image-preview:large, max-video-preview:-1\" \/>\n<link rel=\"canonical\" href=\"https:\/\/malagaadventures.com\/es\/cookies\/\" \/>\n<meta property=\"og:locale\" content=\"es_ES\" \/>\n<meta property=\"og:type\" content=\"article\" \/>\n<meta property=\"og:title\" content=\"Pol\u00edtica de cookies - Malaga Adventures\" \/>\n<meta property=\"og:description\" content=\"RESERVA DE COOKIES M\u00e1laga Adventures se reserva el derecho de utilizar cookies en la navegaci\u00f3n del usuario por su website para facilitar la personalizaci\u00f3n y comodidad de la navegaci\u00f3n. Sigui\u00e9ndo la pol\u00edtica de protecci\u00f3n de datos de la empresa, M\u00e1laga Adventures informa que las cookies se asocian al usuario an\u00f3nimo y a su ordenador, y [&hellip;]\" \/>\n<meta property=\"og:url\" content=\"https:\/\/malagaadventures.com\/es\/cookies\/\" \/>\n<meta property=\"og:site_name\" content=\"Malaga Adventures\" \/>\n<meta property=\"article:modified_time\" content=\"2020-04-15T11:20:21+00:00\" \/>\n<meta name=\"twitter:card\" content=\"summary_large_image\" \/>\n<meta name=\"twitter:label1\" content=\"Tiempo de lectura\" \/>\n\t<meta name=\"twitter:data1\" content=\"3 minutos\" \/>\n<script type=\"application\/ld+json\" class=\"yoast-schema-graph\">{\"@context\":\"https:\/\/schema.org\",\"@graph\":[{\"@type\":\"WebPage\",\"@id\":\"https:\/\/malagaadventures.com\/es\/cookies\/\",\"url\":\"https:\/\/malagaadventures.com\/es\/cookies\/\",\"name\":\"Pol\u00edtica de cookies - Malaga Adventures\",\"isPartOf\":{\"@id\":\"https:\/\/malagaadventures.com\/es\/#website\"},\"datePublished\":\"2020-04-15T09:26:08+00:00\",\"dateModified\":\"2020-04-15T11:20:21+00:00\",\"breadcrumb\":{\"@id\":\"https:\/\/malagaadventures.com\/es\/cookies\/#breadcrumb\"},\"inLanguage\":\"es\",\"potentialAction\":[{\"@type\":\"ReadAction\",\"target\":[\"https:\/\/malagaadventures.com\/es\/cookies\/\"]}]},{\"@type\":\"BreadcrumbList\",\"@id\":\"https:\/\/malagaadventures.com\/es\/cookies\/#breadcrumb\",\"itemListElement\":[{\"@type\":\"ListItem\",\"position\":1,\"name\":\"Home\",\"item\":\"https:\/\/malagaadventures.com\/es\/\"},{\"@type\":\"ListItem\",\"position\":2,\"name\":\"Pol\u00edtica de cookies\"}]},{\"@type\":\"WebSite\",\"@id\":\"https:\/\/malagaadventures.com\/es\/#website\",\"url\":\"https:\/\/malagaadventures.com\/es\/\",\"name\":\"Malaga Adventures\",\"description\":\"Free tour Malaga, tours privados y visitas escolares\",\"potentialAction\":[{\"@type\":\"SearchAction\",\"target\":{\"@type\":\"EntryPoint\",\"urlTemplate\":\"https:\/\/malagaadventures.com\/es\/?s={search_term_string}\"},\"query-input\":{\"@type\":\"PropertyValueSpecification\",\"valueRequired\":true,\"valueName\":\"search_term_string\"}}],\"inLanguage\":\"es\"}]}<\/script>\n<!-- \/ Yoast SEO plugin. -->","yoast_head_json":{"title":"Pol\u00edtica de cookies - Malaga Adventures","robots":{"index":"index","follow":"follow","max-snippet":"max-snippet:-1","max-image-preview":"max-image-preview:large","max-video-preview":"max-video-preview:-1"},"canonical":"https:\/\/malagaadventures.com\/es\/cookies\/","og_locale":"es_ES","og_type":"article","og_title":"Pol\u00edtica de cookies - Malaga Adventures","og_description":"RESERVA DE COOKIES M\u00e1laga Adventures se reserva el derecho de utilizar cookies en la navegaci\u00f3n del usuario por su website para facilitar la personalizaci\u00f3n y comodidad de la navegaci\u00f3n. Sigui\u00e9ndo la pol\u00edtica de protecci\u00f3n de datos de la empresa, M\u00e1laga Adventures informa que las cookies se asocian al usuario an\u00f3nimo y a su ordenador, y [&hellip;]","og_url":"https:\/\/malagaadventures.com\/es\/cookies\/","og_site_name":"Malaga Adventures","article_modified_time":"2020-04-15T11:20:21+00:00","twitter_card":"summary_large_image","twitter_misc":{"Tiempo de lectura":"3 minutos"},"schema":{"@context":"https:\/\/schema.org","@graph":[{"@type":"WebPage","@id":"https:\/\/malagaadventures.com\/es\/cookies\/","url":"https:\/\/malagaadventures.com\/es\/cookies\/","name":"Pol\u00edtica de cookies - Malaga Adventures","isPartOf":{"@id":"https:\/\/malagaadventures.com\/es\/#website"},"datePublished":"2020-04-15T09:26:08+00:00","dateModified":"2020-04-15T11:20:21+00:00","breadcrumb":{"@id":"https:\/\/malagaadventures.com\/es\/cookies\/#breadcrumb"},"inLanguage":"es","potentialAction":[{"@type":"ReadAction","target":["https:\/\/malagaadventures.com\/es\/cookies\/"]}]},{"@type":"BreadcrumbList","@id":"https:\/\/malagaadventures.com\/es\/cookies\/#breadcrumb","itemListElement":[{"@type":"ListItem","position":1,"name":"Home","item":"https:\/\/malagaadventures.com\/es\/"},{"@type":"ListItem","position":2,"name":"Pol\u00edtica de cookies"}]},{"@type":"WebSite","@id":"https:\/\/malagaadventures.com\/es\/#website","url":"https:\/\/malagaadventures.com\/es\/","name":"Malaga Adventures","description":"Free tour Malaga, tours privados y visitas escolares","potentialAction":[{"@type":"SearchAction","target":{"@type":"EntryPoint","urlTemplate":"https:\/\/malagaadventures.com\/es\/?s={search_term_string}"},"query-input":{"@type":"PropertyValueSpecification","valueRequired":true,"valueName":"search_term_string"}}],"inLanguage":"es"}]}},"_hostinger_reach_plugin_has_subscription_block":false,"_hostinger_reach_plugin_is_elementor":false,"_links":{"self":[{"href":"https:\/\/malagaadventures.com\/es\/wp-json\/wp\/v2\/pages\/13445","targetHints":{"allow":["GET"]}}],"collection":[{"href":"https:\/\/malagaadventures.com\/es\/wp-json\/wp\/v2\/pages"}],"about":[{"href":"https:\/\/malagaadventures.com\/es\/wp-json\/wp\/v2\/types\/page"}],"author":[{"embeddable":true,"href":"https:\/\/malagaadventures.com\/es\/wp-json\/wp\/v2\/users\/9"}],"replies":[{"embeddable":true,"href":"https:\/\/malagaadventures.com\/es\/wp-json\/wp\/v2\/comments?post=13445"}],"version-history":[{"count":0,"href":"https:\/\/malagaadventures.com\/es\/wp-json\/wp\/v2\/pages\/13445\/revisions"}],"wp:attachment":[{"href":"https:\/\/malagaadventures.com\/es\/wp-json\/wp\/v2\/media?parent=13445"}],"curies":[{"name":"wp","href":"https:\/\/api.w.org\/{rel}","templated":true}]}}