{"id":21389,"date":"2024-06-28T11:28:57","date_gmt":"2024-06-28T09:28:57","guid":{"rendered":"https:\/\/mediumvioletred-rail-262634.hostingersite.com\/?page_id=21389"},"modified":"2024-06-28T11:29:00","modified_gmt":"2024-06-28T09:29:00","slug":"preguntas-frecuentes","status":"publish","type":"page","link":"https:\/\/malagaadventures.com\/es\/preguntas-frecuentes\/","title":{"rendered":"Preguntas Frecuentes"},"content":{"rendered":"\n<p>En este  apartado encontrar\u00e1s las respuestas a algunas de las dudas m\u00e1s frecuentes. <br><strong>D\u00edas especiales: Domingos por la tarde, 27 de Septiembre, 28 de Febrero y 18 de Mayo<\/strong>, consultar <a href=\"#diasespeciales\">apartado espec\u00edfico. <\/a><\/p>\n\n\n\n<p><strong>1. \u00bfQu\u00e9 pasa si llego tarde al tour? <\/strong><\/p>\n\n\n\n<p>Es muy importante llegar al punto de encuentro 10 minutos antes para poder encontrar el gu\u00eda y hacer el check-in. <\/p>\n\n\n\n<p>Si llega tarde, p\u00f3ngase en contacto con nosotros a trav\u00e9s de Whatsapp para intentar localizar a su gu\u00eda. <\/p>\n\n\n\n<p>Si llega m\u00e1s de 15 minutos tarde le ofrecemos la posibilidad de que se incorpore al siguiente tour siempre que haya disponibilidad ya que, una vez que el grupo entre en la Alcazaba, no ser\u00e1 posible sumarse a la visita guiada.  <\/p>\n\n\n\n<p>Si tiene alguna duda, puede consultar en este enlace la<a href=\"https:\/\/malagaadventures.com\/es\/terminos-y-condiciones\/\"> pol\u00edtica de cancelaci\u00f3n.<\/a> <\/p>\n\n\n\n<p><strong>2. \u00bfQu\u00e9 pasa si no puedo asistir al tour?<\/strong><\/p>\n\n\n\n<p>Si no puede asistir al tour, deber\u00e1 notific\u00e1rnoslo cuanto antes para poder ofrecerle que se incorpore a cualquier otra visita disponible en otro horario u otro d\u00eda. <\/p>\n\n\n\n<p>Si tiene alguna duda, puede consultar en este enlace la<a href=\"https:\/\/malagaadventures.com\/es\/terminos-y-condiciones\/\"> pol\u00edtica de cancelaci\u00f3n.<\/a><\/p>\n\n\n\n<p><strong>3. \u00bfQu\u00e9 incluye el servicio que ha comprado? <\/strong><\/p>\n\n\n\n<p>Usted ha adquirido una visita guiada a la Alcazaba con un gu\u00eda oficial. La entrada al monumento est\u00e1 incluida en el precio. El Castillo de Gibralfaro es un monumento diferente y NO est\u00e1 incluido en el precio ni su visita ni la entrada al mismo.<\/p>\n\n\n\n<p><strong>4. \u00bfEn qu\u00e9 idioma est\u00e1 disponible la visita que he comprado?<\/strong><\/p>\n\n\n\n<p>La visita est\u00e1 disponible en ingl\u00e9s o espa\u00f1ol. Aseg\u00farese a la hora de adquirir el producto elegir el idioma deseado.  <\/p>\n\n\n\n<p><strong>5. \u00bfCu\u00e1nto dura la visita? <\/strong><\/p>\n\n\n\n<p>La visita dura aproximadamente 1 h y media. <\/p>\n\n\n\n<p><strong>6. \u00bfD\u00f3nde puedo aparcar? <\/strong><\/p>\n\n\n\n<p>Tenga en cuenta que aparcar en el centro hist\u00f3rico de M\u00e1laga es complicado. Se recomienda usar otro medio para acceder al centro. Si de todos modos decide usar su veh\u00edculo, le recomendamos que elija alguno de los parkings p\u00fablicos.  <\/p>\n\n\n\n<p><strong>7. Accesibilidad de la Alcazaba<\/strong><\/p>\n\n\n\n<p>La Alcazaba no est\u00e1 adaptada para personas con problemas de movilidad o movilidad reducida. <\/p>\n\n\n\n<p><strong>8.\u00bfSe admiten mascotas en la Alcazaba?<\/strong><\/p>\n\n\n\n<p>No se admiten mascotas en la Alcazaba. Los \u00fanicos que pueden entrar son los perros gu\u00edas.   <\/p>\n\n\n\n<p><strong>9. \u00bfCu\u00e1l es el punto de encuentro? <\/strong><\/p>\n\n\n\n<p>El punto de encuentro es en Calle Alcazabilla cerca de la pir\u00e1mide de cristal que se encuentra en frente del teatro Romano. <\/p>\n\n\n\n<p><strong>10. \u00bfC\u00f3mo puedo reconocer al gu\u00eda? <\/strong><\/p>\n\n\n\n<p>Los gu\u00edas estar\u00e1n en el punto de encuentro con una camiseta y un paraguas rojo. <\/p>\n\n\n\n<p id=\"diasespeciales\">11. <strong>D\u00edas especiales<\/strong><\/p>\n\n\n\n<p>Si ha hecho la reserva de la visita guiada en algunos de los d\u00edas se\u00f1alados (domingos por la tarde,27 de septiembre,28 de febrero y 18 de mayo), tenga en cuenta que usted solo ha pagado la visita guiada, ya que la entrada al monumento es gratuita. <\/p>\n\n\n\n<hr class=\"wp-block-separator has-alpha-channel-opacity\"\/>\n\n\n\n<div style=\"height:30px\" aria-hidden=\"true\" class=\"wp-block-spacer\"><\/div>\n\n\n\n<p>Si queda alguna duda sin resolver, puede utilizar el siguiente numero para ponerse en contacto con nosotros <strong>a trav\u00e9s de Whatsapp <\/strong> y un miembro de nuestro equipo contactar\u00e1 con usted en la menor brevedad posible.<\/p>\n\n\n\n<p><br><\/p>\n","protected":false},"excerpt":{"rendered":"<p>En este apartado encontrar\u00e1s las respuestas a algunas de las dudas m\u00e1s frecuentes. D\u00edas especiales: Domingos por la tarde, 27 de Septiembre, 28 de Febrero y 18 de Mayo, consultar apartado espec\u00edfico. 1. \u00bfQu\u00e9 pasa si llego tarde al tour? Es muy importante llegar al punto de encuentro 10 minutos antes para poder encontrar el [&hellip;]<\/p>\n","protected":false},"author":9,"featured_media":0,"parent":0,"menu_order":0,"comment_status":"closed","ping_status":"closed","template":"","meta":{"_acf_changed":false,"footnotes":""},"class_list":["post-21389","page","type-page","status-publish","hentry"],"acf":[],"yoast_head":"<!-- This site is optimized with the Yoast SEO plugin v26.7 - https:\/\/yoast.com\/wordpress\/plugins\/seo\/ -->\n<title>Preguntas Frecuentes - Malaga Adventures<\/title>\n<meta name=\"description\" content=\"En este apartado encontrar\u00e1s las respuestas a algunas de las dudas m\u00e1s frecuentes.\" \/>\n<meta name=\"robots\" content=\"index, follow, max-snippet:-1, max-image-preview:large, max-video-preview:-1\" \/>\n<link rel=\"canonical\" href=\"https:\/\/malagaadventures.com\/es\/preguntas-frecuentes\/\" \/>\n<meta property=\"og:locale\" content=\"es_ES\" \/>\n<meta property=\"og:type\" content=\"article\" \/>\n<meta property=\"og:title\" content=\"Preguntas Frecuentes - Malaga Adventures\" \/>\n<meta property=\"og:description\" content=\"En este apartado encontrar\u00e1s las respuestas a algunas de las dudas m\u00e1s frecuentes.\" \/>\n<meta property=\"og:url\" content=\"https:\/\/malagaadventures.com\/es\/preguntas-frecuentes\/\" \/>\n<meta property=\"og:site_name\" content=\"Malaga Adventures\" \/>\n<meta property=\"article:modified_time\" content=\"2024-06-28T09:29:00+00:00\" \/>\n<meta name=\"twitter:card\" content=\"summary_large_image\" \/>\n<meta name=\"twitter:label1\" content=\"Tiempo de lectura\" \/>\n\t<meta name=\"twitter:data1\" content=\"3 minutos\" \/>\n<script type=\"application\/ld+json\" class=\"yoast-schema-graph\">{\"@context\":\"https:\/\/schema.org\",\"@graph\":[{\"@type\":\"WebPage\",\"@id\":\"https:\/\/malagaadventures.com\/es\/preguntas-frecuentes\/\",\"url\":\"https:\/\/malagaadventures.com\/es\/preguntas-frecuentes\/\",\"name\":\"Preguntas Frecuentes - Malaga Adventures\",\"isPartOf\":{\"@id\":\"https:\/\/malagaadventures.com\/es\/#website\"},\"datePublished\":\"2024-06-28T09:28:57+00:00\",\"dateModified\":\"2024-06-28T09:29:00+00:00\",\"description\":\"En este apartado encontrar\u00e1s las respuestas a algunas de las dudas m\u00e1s frecuentes.\",\"breadcrumb\":{\"@id\":\"https:\/\/malagaadventures.com\/es\/preguntas-frecuentes\/#breadcrumb\"},\"inLanguage\":\"es\",\"potentialAction\":[{\"@type\":\"ReadAction\",\"target\":[\"https:\/\/malagaadventures.com\/es\/preguntas-frecuentes\/\"]}]},{\"@type\":\"BreadcrumbList\",\"@id\":\"https:\/\/malagaadventures.com\/es\/preguntas-frecuentes\/#breadcrumb\",\"itemListElement\":[{\"@type\":\"ListItem\",\"position\":1,\"name\":\"Home\",\"item\":\"https:\/\/malagaadventures.com\/es\/\"},{\"@type\":\"ListItem\",\"position\":2,\"name\":\"Preguntas Frecuentes\"}]},{\"@type\":\"WebSite\",\"@id\":\"https:\/\/malagaadventures.com\/es\/#website\",\"url\":\"https:\/\/malagaadventures.com\/es\/\",\"name\":\"Malaga Adventures\",\"description\":\"Free tour Malaga, tours privados y visitas escolares\",\"potentialAction\":[{\"@type\":\"SearchAction\",\"target\":{\"@type\":\"EntryPoint\",\"urlTemplate\":\"https:\/\/malagaadventures.com\/es\/?s={search_term_string}\"},\"query-input\":{\"@type\":\"PropertyValueSpecification\",\"valueRequired\":true,\"valueName\":\"search_term_string\"}}],\"inLanguage\":\"es\"}]}<\/script>\n<!-- \/ Yoast SEO plugin. -->","yoast_head_json":{"title":"Preguntas Frecuentes - Malaga Adventures","description":"En este apartado encontrar\u00e1s las respuestas a algunas de las dudas m\u00e1s frecuentes.","robots":{"index":"index","follow":"follow","max-snippet":"max-snippet:-1","max-image-preview":"max-image-preview:large","max-video-preview":"max-video-preview:-1"},"canonical":"https:\/\/malagaadventures.com\/es\/preguntas-frecuentes\/","og_locale":"es_ES","og_type":"article","og_title":"Preguntas Frecuentes - Malaga Adventures","og_description":"En este apartado encontrar\u00e1s las respuestas a algunas de las dudas m\u00e1s frecuentes.","og_url":"https:\/\/malagaadventures.com\/es\/preguntas-frecuentes\/","og_site_name":"Malaga Adventures","article_modified_time":"2024-06-28T09:29:00+00:00","twitter_card":"summary_large_image","twitter_misc":{"Tiempo de lectura":"3 minutos"},"schema":{"@context":"https:\/\/schema.org","@graph":[{"@type":"WebPage","@id":"https:\/\/malagaadventures.com\/es\/preguntas-frecuentes\/","url":"https:\/\/malagaadventures.com\/es\/preguntas-frecuentes\/","name":"Preguntas Frecuentes - Malaga Adventures","isPartOf":{"@id":"https:\/\/malagaadventures.com\/es\/#website"},"datePublished":"2024-06-28T09:28:57+00:00","dateModified":"2024-06-28T09:29:00+00:00","description":"En este apartado encontrar\u00e1s las respuestas a algunas de las dudas m\u00e1s frecuentes.","breadcrumb":{"@id":"https:\/\/malagaadventures.com\/es\/preguntas-frecuentes\/#breadcrumb"},"inLanguage":"es","potentialAction":[{"@type":"ReadAction","target":["https:\/\/malagaadventures.com\/es\/preguntas-frecuentes\/"]}]},{"@type":"BreadcrumbList","@id":"https:\/\/malagaadventures.com\/es\/preguntas-frecuentes\/#breadcrumb","itemListElement":[{"@type":"ListItem","position":1,"name":"Home","item":"https:\/\/malagaadventures.com\/es\/"},{"@type":"ListItem","position":2,"name":"Preguntas Frecuentes"}]},{"@type":"WebSite","@id":"https:\/\/malagaadventures.com\/es\/#website","url":"https:\/\/malagaadventures.com\/es\/","name":"Malaga Adventures","description":"Free tour Malaga, tours privados y visitas escolares","potentialAction":[{"@type":"SearchAction","target":{"@type":"EntryPoint","urlTemplate":"https:\/\/malagaadventures.com\/es\/?s={search_term_string}"},"query-input":{"@type":"PropertyValueSpecification","valueRequired":true,"valueName":"search_term_string"}}],"inLanguage":"es"}]}},"_hostinger_reach_plugin_has_subscription_block":false,"_hostinger_reach_plugin_is_elementor":false,"_links":{"self":[{"href":"https:\/\/malagaadventures.com\/es\/wp-json\/wp\/v2\/pages\/21389","targetHints":{"allow":["GET"]}}],"collection":[{"href":"https:\/\/malagaadventures.com\/es\/wp-json\/wp\/v2\/pages"}],"about":[{"href":"https:\/\/malagaadventures.com\/es\/wp-json\/wp\/v2\/types\/page"}],"author":[{"embeddable":true,"href":"https:\/\/malagaadventures.com\/es\/wp-json\/wp\/v2\/users\/9"}],"replies":[{"embeddable":true,"href":"https:\/\/malagaadventures.com\/es\/wp-json\/wp\/v2\/comments?post=21389"}],"version-history":[{"count":5,"href":"https:\/\/malagaadventures.com\/es\/wp-json\/wp\/v2\/pages\/21389\/revisions"}],"predecessor-version":[{"id":21439,"href":"https:\/\/malagaadventures.com\/es\/wp-json\/wp\/v2\/pages\/21389\/revisions\/21439"}],"wp:attachment":[{"href":"https:\/\/malagaadventures.com\/es\/wp-json\/wp\/v2\/media?parent=21389"}],"curies":[{"name":"wp","href":"https:\/\/api.w.org\/{rel}","templated":true}]}}