{"id":21833,"date":"2025-06-28T15:48:55","date_gmt":"2025-06-28T13:48:55","guid":{"rendered":"https:\/\/mediumvioletred-rail-262634.hostingersite.com\/politica-de-cookies\/"},"modified":"2025-06-28T15:48:55","modified_gmt":"2025-06-28T13:48:55","slug":"politica-de-cookies","status":"publish","type":"page","link":"https:\/\/malagaadventures.com\/es\/politica-de-cookies\/","title":{"rendered":"Pol\u00edtica de cookies"},"content":{"rendered":"<h2 data-start=\"309\" data-end=\"329\"><strong data-start=\"312\" data-end=\"329\">Pol\u00edtica de cookies<\/strong><\/h2>\n<p data-start=\"331\" data-end=\"362\"><strong data-start=\"331\" data-end=\"362\">\u00daltima actualizaci\u00f3n: [Insertar fecha]<\/strong><\/p>\n<p data-start=\"364\" data-end=\"688\">This Cookie Policy explains how <em data-start=\"396\" data-end=\"415\">Malaga Adventures<\/em> (\u201cwe\u201d, \u201cus\u201d, or \u201cour\u201d) uses cookies and similar technologies to recognize you when you visit our website <a class=\"\" href=\"https:\/\/malagaadventures.com\/es\/\" target=\"_new\" rel=\"noopener\" data-start=\"521\" data-end=\"581\">https:\/\/malagaadventures.com<\/a>. It explains what these technologies are and why we use them, as well as your rights to control their use. <\/p>\n<hr data-start=\"690\" data-end=\"693\">\n<h3 data-start=\"695\" data-end=\"723\"><strong data-start=\"699\" data-end=\"723\">1. \u00bfQu\u00e9 son las cookies?<\/strong><\/h3>\n<p data-start=\"725\" data-end=\"933\">Las cookies son peque\u00f1os archivos de datos que se almacenan en su dispositivo al visitar un sitio web. Se utilizan ampliamente para que los sitios web funcionen o mejoren su eficiencia, as\u00ed como para generar informes. <\/p>\n<hr data-start=\"935\" data-end=\"938\">\n<h3 data-start=\"940\" data-end=\"973\"><strong data-start=\"944\" data-end=\"973\">2. \u00bfPor qu\u00e9 utilizamos cookies?<\/strong><\/h3>\n<p data-start=\"975\" data-end=\"1010\">Utilizamos cookies por varias razones:<\/p>\n<ul data-start=\"1012\" data-end=\"1446\">\n<li data-start=\"1012\" data-end=\"1094\">\n<p data-start=\"1014\" data-end=\"1094\"><strong data-start=\"1014\" data-end=\"1036\">Cookies esenciales:<\/strong> son necesarias para que el sitio web funcione correctamente.<\/p>\n<\/li>\n<li data-start=\"1095\" data-end=\"1236\">\n<p data-start=\"1097\" data-end=\"1236\"><strong data-start=\"1097\" data-end=\"1135\">Cookies de rendimiento y an\u00e1lisis:<\/strong> nos ayudan a comprender c\u00f3mo los visitantes interact\u00faan con nuestro sitio web, lo que nos permite mejorar el rendimiento.<\/p>\n<\/li>\n<li data-start=\"1237\" data-end=\"1342\">\n<p data-start=\"1239\" data-end=\"1342\"><strong data-start=\"1239\" data-end=\"1265\">Cookies de funcionalidad:<\/strong> Nos permiten recordar tus preferencias y personalizar tu experiencia.<\/p>\n<\/li>\n<li data-start=\"1343\" data-end=\"1446\">\n<p data-start=\"1345\" data-end=\"1446\"><strong data-start=\"1345\" data-end=\"1369\">Cookies publicitarias: <\/strong>se utilizan para ofrecerle anuncios relevantes para usted y sus intereses.<\/p>\n<\/li>\n<\/ul>\n<hr data-start=\"1448\" data-end=\"1451\">\n<h3 data-start=\"1453\" data-end=\"1487\"><strong data-start=\"1457\" data-end=\"1487\">3. Tipos de cookies que utilizamos<\/strong><\/h3>\n<div class=\"_tableContainer_80l1q_1\">\n<div class=\"_tableWrapper_80l1q_14 group flex w-fit flex-col-reverse\" tabindex=\"-1\">\n<table class=\"w-fit min-w-(--thread-content-width)\" data-start=\"1489\" data-end=\"2129\">\n<thead data-start=\"1489\" data-end=\"1592\">\n<tr data-start=\"1489\" data-end=\"1592\">\n<th data-start=\"1489\" data-end=\"1517\" data-col-size=\"sm\">Tipo<\/th>\n<th data-start=\"1517\" data-end=\"1592\" data-col-size=\"md\">Prop\u00f3sito<\/th>\n<\/tr>\n<\/thead>\n<tbody data-start=\"1697\" data-end=\"2129\">\n<tr data-start=\"1697\" data-end=\"1811\">\n<td data-start=\"1697\" data-end=\"1725\" data-col-size=\"sm\">Cookies necesarias<\/td>\n<td data-col-size=\"md\" data-start=\"1725\" data-end=\"1811\">Habilitan funciones b\u00e1sicas como la seguridad, la gesti\u00f3n de red y la accesibilidad.<\/td>\n<\/tr>\n<tr data-start=\"1812\" data-end=\"1921\">\n<td data-start=\"1812\" data-end=\"1840\" data-col-size=\"sm\">Analytics Cookies<\/td>\n<td data-col-size=\"md\" data-start=\"1840\" data-end=\"1921\">Help us understand how users interact with the site (e.g., Google Analytics).<\/td>\n<\/tr>\n<tr data-start=\"1922\" data-end=\"2025\">\n<td data-start=\"1922\" data-end=\"1950\" data-col-size=\"sm\">Functional Cookies<\/td>\n<td data-col-size=\"md\" data-start=\"1950\" data-end=\"2025\">Remember your language or region.<\/td>\n<\/tr>\n<tr data-start=\"2026\" data-end=\"2129\">\n<td data-start=\"2026\" data-end=\"2054\" data-col-size=\"sm\">Advertising Cookies<\/td>\n<td data-col-size=\"md\" data-start=\"2054\" data-end=\"2129\">Deliver personalized ads via services such as Facebook or Google Ads.<\/td>\n<\/tr>\n<\/tbody>\n<\/table>\n<div class=\"sticky end-(--thread-content-margin) h-0 self-end select-none\">\n<div class=\"absolute end-0 flex items-end\"><\/div>\n<\/div>\n<\/div>\n<\/div>\n<hr data-start=\"2131\" data-end=\"2134\">\n<h3 data-start=\"2136\" data-end=\"2175\"><strong data-start=\"2140\" data-end=\"2175\">4. \u00bfC\u00f3mo puedes controlar las cookies?<\/strong><\/h3>\n<p data-start=\"2177\" data-end=\"2369\">Tiene derecho a aceptar o rechazar las cookies. Puede modificar la configuraci\u00f3n de su navegador para rechazar todas o algunas cookies. Tenga en cuenta que deshabilitar las cookies puede afectar la funcionalidad de nuestro sitio.  <\/p>\n<ul data-start=\"2371\" data-end=\"2666\">\n<li data-start=\"2371\" data-end=\"2458\">\n<p data-start=\"2373\" data-end=\"2458\"><strong data-start=\"2373\" data-end=\"2402\">Configuraci\u00f3n de cookies en Firefox: <\/strong><a class=\"cursor-pointer\" target=\"_new\" rel=\"noopener\" data-start=\"2404\" data-end=\"2458\">enlace<\/a><\/p>\n<\/li>\n<li data-start=\"2459\" data-end=\"2584\">\n<p data-start=\"2461\" data-end=\"2584\"><strong data-start=\"2461\" data-end=\"2491\">Configuraci\u00f3n de cookies en Firefox<\/strong>: <a class=\"\" href=\"https:\/\/support.mozilla.org\/en-US\/kb\/enable-and-disable-cookies-website-preferences\" target=\"_new\" rel=\"noopener\" data-start=\"2493\" data-end=\"2584\">enlace<\/a><\/p>\n<\/li>\n<li data-start=\"2585\" data-end=\"2666\">\n<p data-start=\"2587\" data-end=\"2666\"><strong data-start=\"2587\" data-end=\"2616\">Configuraci\u00f3n de cookies en Safari: <\/strong><a class=\"\" href=\"https:\/\/support.apple.com\/en-us\/HT201265\" target=\"_new\" rel=\"noopener\" data-start=\"2618\" data-end=\"2666\">enlace<\/a><\/p>\n<\/li>\n<\/ul>\n<hr data-start=\"2668\" data-end=\"2671\">\n<h3 data-start=\"2673\" data-end=\"2703\"><strong data-start=\"2677\" data-end=\"2703\">5. Cookies de terceros<\/strong><\/h3>\n<p data-start=\"2705\" data-end=\"2849\">Algunas cookies pueden ser instaladas por servicios de terceros que aparecen en nuestras p\u00e1ginas. No tenemos control sobre estas cookies. Estas pueden incluir cookies de:  <\/p>\n<ul data-start=\"2851\" data-end=\"2924\">\n<li data-start=\"2851\" data-end=\"2871\">\n<p data-start=\"2853\" data-end=\"2871\">Google Analytics<\/p>\n<\/li>\n<li data-start=\"2872\" data-end=\"2890\">\n<p data-start=\"2874\" data-end=\"2890\">P\u00edxel de Facebook<\/p>\n<\/li>\n<li data-start=\"2891\" data-end=\"2924\">\n<p data-start=\"2893\" data-end=\"2924\">YouTube u otros medios integrados<\/p>\n<\/li>\n<\/ul>\n<hr data-start=\"2926\" data-end=\"2929\">\n<h3 data-start=\"2931\" data-end=\"2964\"><strong data-start=\"2935\" data-end=\"2964\">6. Cambios a esta pol\u00edtica<\/strong><\/h3>\n<p data-start=\"2966\" data-end=\"3081\">Es posible que actualicemos esta Pol\u00edtica de Cookies de vez en cuando. Le recomendamos que revise esta p\u00e1gina peri\u00f3dicamente para comprobar si hay cambios.<\/p>\n<hr data-start=\"3083\" data-end=\"3086\">\n<h3 data-start=\"3088\" data-end=\"3109\"><strong data-start=\"3092\" data-end=\"3109\">7. Contacta con nosotras<\/strong><\/h3>\n<p data-start=\"3111\" data-end=\"3185\">Si tiene alguna pregunta sobre nuestro uso de cookies, puede contactarnos en:<\/p>\n<p data-start=\"3187\" data-end=\"3305\">\ud83d\udce7 <strong data-start=\"3190\" data-end=\"3199\">Email<\/strong>: <a class=\"cursor-pointer\" rel=\"noopener\" data-start=\"3201\" data-end=\"3226\">info@mediumvioletred-rail-262634.hostingersite.com<\/a><br data-start=\"3226\" data-end=\"3229\">\ud83c\udf0d <strong data-start=\"3232\" data-end=\"3243\">Website<\/strong>: <a class=\"\" href=\"https:\/\/malagaadventures.com\/es\/\" target=\"_new\" rel=\"noopener\" data-start=\"3245\" data-end=\"3305\">https:\/\/malagaadventures.com<\/a><\/p>\n","protected":false},"excerpt":{"rendered":"<p>Pol\u00edtica de cookies \u00daltima actualizaci\u00f3n: [Insertar fecha] This Cookie Policy explains how Malaga Adventures (\u201cwe\u201d, \u201cus\u201d, or \u201cour\u201d) uses cookies and similar technologies to recognize you when you visit our website https:\/\/malagaadventures.com. It explains what these technologies are and why we use them, as well as your rights to control their use. 1. \u00bfQu\u00e9 son [&hellip;]<\/p>\n","protected":false},"author":9,"featured_media":0,"parent":0,"menu_order":0,"comment_status":"closed","ping_status":"closed","template":"","meta":{"_acf_changed":false,"footnotes":""},"class_list":["post-21833","page","type-page","status-publish","hentry"],"acf":[],"yoast_head":"<!-- This site is optimized with the Yoast SEO plugin v27.4 - https:\/\/yoast.com\/product\/yoast-seo-wordpress\/ -->\n<title>Pol\u00edtica de cookies - Malaga Adventures<\/title>\n<meta name=\"robots\" content=\"index, follow, max-snippet:-1, max-image-preview:large, max-video-preview:-1\" \/>\n<link rel=\"canonical\" href=\"https:\/\/malagaadventures.com\/es\/politica-de-cookies\/\" \/>\n<meta property=\"og:locale\" content=\"es_ES\" \/>\n<meta property=\"og:type\" content=\"article\" \/>\n<meta property=\"og:title\" content=\"Pol\u00edtica de cookies - Malaga Adventures\" \/>\n<meta property=\"og:description\" content=\"Pol\u00edtica de cookies \u00daltima actualizaci\u00f3n: [Insertar fecha] This Cookie Policy explains how Malaga Adventures (\u201cwe\u201d, \u201cus\u201d, or \u201cour\u201d) uses cookies and similar technologies to recognize you when you visit our website https:\/\/malagaadventures.com. It explains what these technologies are and why we use them, as well as your rights to control their use. 1. \u00bfQu\u00e9 son [&hellip;]\" \/>\n<meta property=\"og:url\" content=\"https:\/\/malagaadventures.com\/es\/politica-de-cookies\/\" \/>\n<meta property=\"og:site_name\" content=\"Malaga Adventures\" \/>\n<meta name=\"twitter:card\" content=\"summary_large_image\" \/>\n<meta name=\"twitter:label1\" content=\"Tiempo de lectura\" \/>\n\t<meta name=\"twitter:data1\" content=\"2 minutos\" \/>\n<script type=\"application\/ld+json\" class=\"yoast-schema-graph\">{\"@context\":\"https:\\\/\\\/schema.org\",\"@graph\":[{\"@type\":\"WebPage\",\"@id\":\"https:\\\/\\\/malagaadventures.com\\\/es\\\/politica-de-cookies\\\/\",\"url\":\"https:\\\/\\\/malagaadventures.com\\\/es\\\/politica-de-cookies\\\/\",\"name\":\"Pol\u00edtica de cookies - Malaga Adventures\",\"isPartOf\":{\"@id\":\"https:\\\/\\\/malagaadventures.com\\\/es\\\/#website\"},\"datePublished\":\"2025-06-28T13:48:55+00:00\",\"breadcrumb\":{\"@id\":\"https:\\\/\\\/malagaadventures.com\\\/es\\\/politica-de-cookies\\\/#breadcrumb\"},\"inLanguage\":\"es\",\"potentialAction\":[{\"@type\":\"ReadAction\",\"target\":[\"https:\\\/\\\/malagaadventures.com\\\/es\\\/politica-de-cookies\\\/\"]}]},{\"@type\":\"BreadcrumbList\",\"@id\":\"https:\\\/\\\/malagaadventures.com\\\/es\\\/politica-de-cookies\\\/#breadcrumb\",\"itemListElement\":[{\"@type\":\"ListItem\",\"position\":1,\"name\":\"Home\",\"item\":\"https:\\\/\\\/malagaadventures.com\\\/es\\\/\"},{\"@type\":\"ListItem\",\"position\":2,\"name\":\"Pol\u00edtica de cookies\"}]},{\"@type\":\"WebSite\",\"@id\":\"https:\\\/\\\/malagaadventures.com\\\/es\\\/#website\",\"url\":\"https:\\\/\\\/malagaadventures.com\\\/es\\\/\",\"name\":\"Malaga Adventures\",\"description\":\"Free tour Malaga, tours privados y visitas escolares\",\"potentialAction\":[{\"@type\":\"SearchAction\",\"target\":{\"@type\":\"EntryPoint\",\"urlTemplate\":\"https:\\\/\\\/malagaadventures.com\\\/es\\\/?s={search_term_string}\"},\"query-input\":{\"@type\":\"PropertyValueSpecification\",\"valueRequired\":true,\"valueName\":\"search_term_string\"}}],\"inLanguage\":\"es\"}]}<\/script>\n<!-- \/ Yoast SEO plugin. -->","yoast_head_json":{"title":"Pol\u00edtica de cookies - Malaga Adventures","robots":{"index":"index","follow":"follow","max-snippet":"max-snippet:-1","max-image-preview":"max-image-preview:large","max-video-preview":"max-video-preview:-1"},"canonical":"https:\/\/malagaadventures.com\/es\/politica-de-cookies\/","og_locale":"es_ES","og_type":"article","og_title":"Pol\u00edtica de cookies - Malaga Adventures","og_description":"Pol\u00edtica de cookies \u00daltima actualizaci\u00f3n: [Insertar fecha] This Cookie Policy explains how Malaga Adventures (\u201cwe\u201d, \u201cus\u201d, or \u201cour\u201d) uses cookies and similar technologies to recognize you when you visit our website https:\/\/malagaadventures.com. It explains what these technologies are and why we use them, as well as your rights to control their use. 1. \u00bfQu\u00e9 son [&hellip;]","og_url":"https:\/\/malagaadventures.com\/es\/politica-de-cookies\/","og_site_name":"Malaga Adventures","twitter_card":"summary_large_image","twitter_misc":{"Tiempo de lectura":"2 minutos"},"schema":{"@context":"https:\/\/schema.org","@graph":[{"@type":"WebPage","@id":"https:\/\/malagaadventures.com\/es\/politica-de-cookies\/","url":"https:\/\/malagaadventures.com\/es\/politica-de-cookies\/","name":"Pol\u00edtica de cookies - Malaga Adventures","isPartOf":{"@id":"https:\/\/malagaadventures.com\/es\/#website"},"datePublished":"2025-06-28T13:48:55+00:00","breadcrumb":{"@id":"https:\/\/malagaadventures.com\/es\/politica-de-cookies\/#breadcrumb"},"inLanguage":"es","potentialAction":[{"@type":"ReadAction","target":["https:\/\/malagaadventures.com\/es\/politica-de-cookies\/"]}]},{"@type":"BreadcrumbList","@id":"https:\/\/malagaadventures.com\/es\/politica-de-cookies\/#breadcrumb","itemListElement":[{"@type":"ListItem","position":1,"name":"Home","item":"https:\/\/malagaadventures.com\/es\/"},{"@type":"ListItem","position":2,"name":"Pol\u00edtica de cookies"}]},{"@type":"WebSite","@id":"https:\/\/malagaadventures.com\/es\/#website","url":"https:\/\/malagaadventures.com\/es\/","name":"Malaga Adventures","description":"Free tour Malaga, tours privados y visitas escolares","potentialAction":[{"@type":"SearchAction","target":{"@type":"EntryPoint","urlTemplate":"https:\/\/malagaadventures.com\/es\/?s={search_term_string}"},"query-input":{"@type":"PropertyValueSpecification","valueRequired":true,"valueName":"search_term_string"}}],"inLanguage":"es"}]}},"_hostinger_reach_plugin_has_subscription_block":false,"_hostinger_reach_plugin_is_elementor":false,"_links":{"self":[{"href":"https:\/\/malagaadventures.com\/es\/wp-json\/wp\/v2\/pages\/21833","targetHints":{"allow":["GET"]}}],"collection":[{"href":"https:\/\/malagaadventures.com\/es\/wp-json\/wp\/v2\/pages"}],"about":[{"href":"https:\/\/malagaadventures.com\/es\/wp-json\/wp\/v2\/types\/page"}],"author":[{"embeddable":true,"href":"https:\/\/malagaadventures.com\/es\/wp-json\/wp\/v2\/users\/9"}],"replies":[{"embeddable":true,"href":"https:\/\/malagaadventures.com\/es\/wp-json\/wp\/v2\/comments?post=21833"}],"version-history":[{"count":0,"href":"https:\/\/malagaadventures.com\/es\/wp-json\/wp\/v2\/pages\/21833\/revisions"}],"wp:attachment":[{"href":"https:\/\/malagaadventures.com\/es\/wp-json\/wp\/v2\/media?parent=21833"}],"curies":[{"name":"wp","href":"https:\/\/api.w.org\/{rel}","templated":true}]}}