{"id":346,"date":"2019-08-10T09:41:51","date_gmt":"2019-08-10T09:41:51","guid":{"rendered":"http:\/\/mediumvioletred-rail-262634.hostingersite.com\/free-tour\/"},"modified":"2025-10-22T11:25:27","modified_gmt":"2025-10-22T09:25:27","slug":"free-tour","status":"publish","type":"page","link":"https:\/\/malagaadventures.com\/es\/free-tour\/","title":{"rendered":"Free Tour"},"content":{"rendered":"\r\n<h1 class=\"wp-block-heading\">Tour gratuito por M\u00e1laga<\/h1>\r\n\r\n\r\n\r\n<p><span style=\"font-weight: 400;\">\u00a1Bienvenidos a la ciudad m\u00e1s bonita de Espa\u00f1a: M\u00e1laga! Si acabas de llegar y quieres explorar la ciudad pero no sabes por d\u00f3nde empezar&#8230; \u00a1nuestro <strong>Free Tour M\u00e1laga<\/strong> es el mejor punto de partida!<\/span><\/p>\r\n\r\n\r\n\r\n<p>Con nuestro <strong>Free Tour M\u00e1laga<\/strong>, te mostraremos los monumentos y calles m\u00e1s emblem\u00e1ticos de la ciudad, as\u00ed como los rincones locales que los turistas no suelen tener la oportunidad de ver.<\/p>\r\n\r\n\r\n\r\n<p>En un solo tour, descubrir\u00e1s los principales lugares de inter\u00e9s del centro hist\u00f3rico, empezando por la <strong>Catedral<\/strong> y terminando frente al <strong>Teatro Romano<\/strong> y la <a href=\"http:\/\/www.alcazabamalaga.com\">Alcazaba<\/a>.<\/p>\r\n\r\n\r\n\r\n<p>Tanto si tienes entre 20 y 40 a\u00f1os, como entre 80 y 90, \u00a1este tour es perfecto para personas de todas las edades! Y, por supuesto, tus amigos de cuatro patas son m\u00e1s que bienvenidos. \u00a1Cuantos m\u00e1s, mejor!<\/p>\r\n\r\n\r\n\r\n<p><strong>Reserva tu plaza online<\/strong> y nos encontrar\u00e1s en la Plaza del Obispo.<\/p>\r\n\r\n\r\n\r\n<p>Entonces&#8230; \u00bfListos para el <strong>mejor Free Tour<\/strong> de M\u00e1laga?<\/p>\r\n\r\n\r\n\r\n<h2 class=\"wp-block-heading\">\u00bfPor qu\u00e9 elegirnos?<\/h2>\r\n\r\n\r\n\r\n<h3 class=\"wp-block-heading\">Experiencia personal<\/h3>\r\n\r\n\r\n\r\n<p>Nos gusta mantener grupos peque\u00f1os para ofrecer un tour personalizado. El uso de ilustraciones, mapas y otros materiales audiovisuales es fundamental en nuestros tours.<\/p>\r\n\r\n\r\n\r\n<h3 class=\"wp-block-heading\">Tours multiling\u00fces<\/h3>\r\n\r\n\r\n\r\n<p>Nuestros tours se ofrecen en ingl\u00e9s y espa\u00f1ol, en dos grupos separados. Para m\u00e1s idiomas (italiano, franc\u00e9s o alem\u00e1n), cont\u00e1ctenos primero.<\/p>\r\n\r\n\r\n\r\n<h3 class=\"wp-block-heading\">Se admiten mascotas<\/h3>\r\n\r\n\r\n\r\n<p>\u00a1Traiga a sus mascotas al tour! \u00a1Amamos a los animales y creemos que deber\u00edan pasar un buen rato contigo! \u00a1Tenemos el primer gu\u00eda tur\u00edstico canino de Espa\u00f1a!<\/p>\r\n\r\n\r\n\r\n<h2 class=\"wp-block-heading\"><strong>Preguntas frecuentes<\/strong><\/h2>\r\n\r\n\r\n\r\n<h3 class=\"wp-block-heading\">\u00bfQu\u00e9 es un Free Tour?<\/h3>\r\n\r\n\r\n\r\n<p>Un Free Tour es una visita guiada donde ver\u00e1s los edificios m\u00e1s importantes de la ciudad, pero tambi\u00e9n otros lugares no tur\u00edsticos, mientras aprendes sobre la historia, la cultura y el estilo de vida de los lugare\u00f1os.<\/p>\r\n\r\n\r\n\r\n<p>Adem\u00e1s, el gu\u00eda estar\u00e1 siempre disponible para cualquier pregunta sobre lugares para visitar, d\u00f3nde comer y cualquier otra cosa. Dudas.<\/p>\r\n\r\n\r\n\r\n<p>En realidad, el Free Tour no es una visita donde el gu\u00eda repite la informaci\u00f3n de memoria; es una experiencia para los viajeros donde el gu\u00eda conectar\u00e1 con ellos, haciendo la visita muy entretenida. Quien prueba, repite&#8230; \u00a1conf\u00eda en nosotros!<\/p>\r\n\r\n\r\n\r\n<p>Por eso los Tours Gratis se han convertido en un fen\u00f3meno mundial.<\/p>\r\n\r\n\r\n\r\n<h3 class=\"wp-block-heading\">\u00bfEl Tour Gratis de M\u00e1laga es gratis?<\/h3>\r\n\r\n\r\n\r\n<p>Aunque la traducci\u00f3n literal de Tour Gratis sea \u00abTour gratis\u00bb, el verdadero significado proviene del concepto \u00abPrecio gratis\u00bb.<\/p>\r\n\r\n\r\n\r\n<p>Con un tour gratis, el precio es libre; puedes elegirlo al final del tour, seg\u00fan tu satisfacci\u00f3n. Gracias a este tipo de tour, cualquier persona, independientemente de su presupuesto, puede acceder a la historia y la cultura de la ciudad, algo que hasta hace poco era mucho m\u00e1s caro y no todos pod\u00edan permit\u00edrselo durante las vacaciones.<\/p>\r\n\r\n\r\n\r\n<h3 class=\"wp-block-heading\">\u00bfCu\u00e1l es la diferencia entre el Tour Gratuito y una visita normal?<\/h3>\r\n\r\n\r\n\r\n<p>La principal diferencia entre el tour gratuito y un tour normal es que el viajero decide el precio al final del tour en funci\u00f3n de su nivel de satisfacci\u00f3n. De esta manera, tiene un poder de decisi\u00f3n que antes no ten\u00eda.<\/p>\r\n\r\n\r\n\r\n<p>Con un tour tradicional, se paga por adelantado y, si no te gusta&#8230; \u00a1mala suerte!<\/p>\r\n\r\n\r\n\r\n<p>De esta manera, es mejor para el viajero, ya que puede decidir el precio en funci\u00f3n de la experiencia y la satisfacci\u00f3n, y no se siente \u00abenga\u00f1ado\u00bb si al final de la visita siente que ha pagado m\u00e1s de lo debido.<\/p>\r\n\r\n\r\n\r\n<h3 class=\"wp-block-heading\">\u00bfPor qu\u00e9?\u00bfLa calidad del Free Tour de M\u00e1laga Aventuras es tan alta?<\/h3>\r\n\r\n\r\n\r\n<p>Es muy f\u00e1cil responder a esta pregunta.<\/p>\r\n\r\n\r\n\r\n<p>Como no sabemos cu\u00e1nto nos espera al final del tour, \u00a1por eso siempre damos lo mejor de nosotros!<\/p>\r\n\r\n\r\n\r\n<p>Intentamos ser divertidos, ofreciendo explicaciones agradables y entretenidas. Hacemos preguntas que involucran a los turistas y tratamos de captar su atenci\u00f3n, siempre de manera que se olviden de sus tel\u00e9fonos y pasen el tiempo volando mientras se divierten juntos.<\/p>\r\n\r\n\r\n\r\n<p>Nuestros gu\u00edas explican los rincones m\u00e1s escondidos de la ciudad, cont\u00e1ndoles Historias que no todos conocen, porque nos gusta estudiar y preparar nuestros tours. Nos esforzamos al m\u00e1ximo en nuestras visitas, ya que parte de nuestros beneficios dependen de ellas.<\/p>\r\n\r\n\r\n\r\n<p>De esta manera, creamos una experiencia \u00fanica y te aseguramos que a veces nos divertimos m\u00e1s viendo a los viajeros simplemente viendo c\u00f3mo disfrutan conociendo M\u00e1laga.<\/p>\r\n\r\n\r\n\r\n<p>La verdadera raz\u00f3n por la que M\u00e1laga Adventures es tan bueno son sus excelentes gu\u00edas tur\u00edsticos.<\/p>\r\n\r\n\r\n\r\n<h3 class=\"wp-block-heading\">\u00bfHay un descanso durante el Free Tour?<\/h3>\r\n\r\n\r\n\r\n<p>S\u00ed, pero a diferencia de otros Free Tours, no paramos en Restaurante \u201casociado\u201d en el que podemos cobrar comisiones.<\/p>\r\n\r\n\r\n\r\n<p>Nos detenemos diez minutos en uno de nuestros lugares favoritos, el Mercado de Atarazanas, un precioso mercado donde podr\u00e1s degustar o comprar productos t\u00edpicos a muy buen precio, charlar con tu gu\u00eda o ir al ba\u00f1o.<\/p>\r\n\r\n\r\n\r\n<h3 class=\"wp-block-heading\">\u00bfEs necesario reservar el Tour Gratuito?<\/h3>\r\n\r\n\r\n\r\n<p>Reservar el Tour Gratuito no es obligatorio, pero recomendamos hacerlo, especialmente en temporada alta.<\/p>\r\n\r\n\r\n\r\n<p>En cualquier caso, si No he reservado, no te preocupes. Ven 15 minutos antes del tour y haremos la reserva por ti.<\/p>\r\n\r\n\r\n\r\n<h3 class=\"wp-block-heading\">\u00bfQu\u00e9 pasa si llego tarde al Free Tour?<\/h3>\r\n\r\n\r\n\r\n<p>No te preocupes, \u00bfqui\u00e9n no ha llegado tarde alguna vez?<\/p>\r\n\r\n\r\n\r\n<p>Lo primero que puedes hacer, si es posible, es enviarnos un mensaje por WhatsApp para avisar al gu\u00eda de tu retraso.<\/p>\r\n\r\n\r\n\r\n<p>Si no es posible, no te preocupes. Normalmente, el gu\u00eda empieza el tour en la Plaza del Obispo y tarda 15 minutos en explicarlo. El primer punto. El siguiente punto es la calle Larios, al principio de la calle, donde se encuentra la estatua del Se\u00f1or Larios.<\/p>\r\n\r\n\r\n\r\n<p>Si a\u00fan no encuentra al gu\u00eda, puede asistir a nuestro tour en la pr\u00f3xima hora o al d\u00eda siguiente. Solo tiene que avisarnos y haremos otra reserva.<\/p>\r\n\r\n\r\n\r\n<h3 class=\"wp-block-heading\">\u00bfPuedo asistir al Tour Gratuito con un cochecito de beb\u00e9?<\/h3>\r\n\r\n\r\n\r\n<p>S\u00ed. El centro hist\u00f3rico de M\u00e1laga es peatonal y todos los lugares que visitamos no tienen problemas de movilidad.<\/p>\r\n\r\n\r\n\r\n<h3 class=\"wp-block-heading\">\u00bfQu\u00e9 debo llevar durante el recorrido?<\/h3>\r\n\r\n\r\n\r\n<p>Aunque en M\u00e1laga el clima es bueno todo el a\u00f1o, en verano puede haber d\u00edas muy calurosos.<\/p>\r\n\r\n\r\n\r\n<p>Por este motivo, recomendamos llevar agua, protector solar y gafas de sol.<\/p>\r\n\r\n\r\n\r\n<h3 class=\"wp-block-heading\">\u00bfQu\u00e9 pasa si llueve?<\/h3>\r\n\r\n\r\n\r\n<p>Normalmente, si llueve, no hay problemas, ya que en M\u00e1laga solo hay dos opciones:<\/p>\r\n\r\n\r\n\r\n<p>Opci\u00f3n A: Llueve un poco y podemos hacer la visita sin inconvenientes;<\/p>\r\n\r\n\r\n\r\n<p>Opci\u00f3n B: Es el Diluvio Universal y parece que se va a caer el cielo.<\/p>\r\n\r\n\r\n\r\n<p>Si comprobamos que se espera una tormenta muy fuerte el d\u00eda de la visita, nos pondremos en contacto con usted y pospondremos la visita cuando haga buen tiempo.<\/p>\r\n\r\n\r\n\r\n<h3 class=\"wp-block-heading\">\u00bfPuedo irme antes de que termine el tour?<\/h3>\r\n\r\n\r\n\r\n<p>No te preocupes, entendemos que puedas tener alg\u00fan inconveniente y que necesites irte del Free Tour M\u00e1laga antes de que termine.<\/p>\r\n\r\n\r\n\r\n<p>A todos nos pasa al menos una vez.<\/p>\r\n\r\n\r\n\r\n<p>Por eso, cuando vengas al tour, simplemente avisa a nuestro gu\u00eda que te ir\u00e1s antes. Para nosotros, lo importante es que disfrutes descubriendo M\u00e1laga durante el tiempo que puedas.<\/p>\r\n\r\n\r\n\r\n<h2 class=\"wp-block-heading\">Tour Gratuito M\u00e1laga &#8211; Informaci\u00f3n Importante<\/h2>\r\n\r\n\r\n\r\n<p>Para garantizar la calidad, todos los Tours Gratuitos no admiten m\u00e1s de 10 personas en la misma reserva. Si sois un grupo de 10 personas o m\u00e1s, os recomendamos uno de nuestros Tours Privados. Adem\u00e1s de elegir la hora, tendr\u00e9is vuestro propio gu\u00eda y estamos seguros de que os lo pasar\u00e9is mucho mejor. El precio es inferior a 10 \u20ac por persona. <a href=\"https:\/\/malagaadventures.com\/es\/tour-privado-en-malaga\/\">Para m\u00e1s informaci\u00f3n, haga clic aqu\u00ed<\/a>.<\/p>\r\n\r\n\r\n\r\n<p>Ofrecemos tours todos los d\u00edas en espa\u00f1ol e ingl\u00e9s. Adem\u00e1s, nuestros gu\u00edas hablan italiano, franc\u00e9s y alem\u00e1n. Si el d\u00eda del tour hay muchos viajeros de uno de estos idiomas y contamos con suficientes gu\u00edas, podr\u00edamos ofrecer el Tour Gratuito en uno de ellos, pero esto no siempre es posible. Por eso, si desea un tour guiado en italiano, franc\u00e9s o alem\u00e1n, le recomendamos reservarlo como Tour Privado a un precio conveniente. <a href=\"https:\/\/malagaadventures.com\/es\/tour-privado-en-malaga\/\">Para m\u00e1s informaci\u00f3n, haga clic aqu\u00ed.<\/a><\/p>\r\n\r\n\r\n","protected":false},"excerpt":{"rendered":"<p>Tour gratuito por M\u00e1laga Con nuestro Free Tour M\u00e1laga, te mostraremos los monumentos y calles m\u00e1s emblem\u00e1ticos de la ciudad, as\u00ed como los rincones locales que los turistas no suelen tener la oportunidad de ver. En un solo tour, descubrir\u00e1s los principales lugares de inter\u00e9s del centro hist\u00f3rico, empezando por la Catedral y terminando frente [&hellip;]<\/p>\n","protected":false},"author":9,"featured_media":18884,"parent":0,"menu_order":0,"comment_status":"open","ping_status":"closed","template":"new-tour-page.php","meta":{"_acf_changed":false,"footnotes":""},"class_list":["post-346","page","type-page","status-publish","has-post-thumbnail","hentry"],"acf":[],"yoast_head":"<!-- This site is optimized with the Yoast SEO plugin v26.7 - https:\/\/yoast.com\/wordpress\/plugins\/seo\/ -->\n<title>Free Tour M\u00e1laga<\/title>\n<meta name=\"description\" content=\"Descubre M\u00e1laga con nuestro free tour \u00bfQuieres descubrir M\u00e1laga paseando con nuestro recorrido gratuito? \u00a1Entonces est\u00e1s en el lugar correcto!\" \/>\n<meta name=\"robots\" content=\"index, follow, max-snippet:-1, max-image-preview:large, max-video-preview:-1\" \/>\n<link rel=\"canonical\" href=\"https:\/\/malagaadventures.com\/es\/free-tour\/\" \/>\n<meta property=\"og:locale\" content=\"es_ES\" \/>\n<meta property=\"og:type\" content=\"article\" \/>\n<meta property=\"og:title\" content=\"Free Tour M\u00e1laga\" \/>\n<meta property=\"og:description\" content=\"Descubre M\u00e1laga con nuestro free tour \u00bfQuieres descubrir M\u00e1laga paseando con nuestro recorrido gratuito? \u00a1Entonces est\u00e1s en el lugar correcto!\" \/>\n<meta property=\"og:url\" content=\"https:\/\/malagaadventures.com\/es\/free-tour\/\" \/>\n<meta property=\"og:site_name\" content=\"Malaga Adventures\" \/>\n<meta property=\"article:modified_time\" content=\"2025-10-22T09:25:27+00:00\" \/>\n<meta property=\"og:image\" content=\"https:\/\/malagaadventures.com\/wp-content\/uploads\/2021\/08\/DSC_8725-1.jpg\" \/>\n\t<meta property=\"og:image:width\" content=\"1899\" \/>\n\t<meta property=\"og:image:height\" content=\"1268\" \/>\n\t<meta property=\"og:image:type\" content=\"image\/jpeg\" \/>\n<meta name=\"twitter:card\" content=\"summary_large_image\" \/>\n<meta name=\"twitter:label1\" content=\"Tiempo de lectura\" \/>\n\t<meta name=\"twitter:data1\" content=\"6 minutos\" \/>\n<script type=\"application\/ld+json\" class=\"yoast-schema-graph\">{\"@context\":\"https:\/\/schema.org\",\"@graph\":[{\"@type\":\"WebPage\",\"@id\":\"https:\/\/malagaadventures.com\/es\/free-tour\/\",\"url\":\"https:\/\/malagaadventures.com\/es\/free-tour\/\",\"name\":\"Free Tour M\u00e1laga\",\"isPartOf\":{\"@id\":\"https:\/\/malagaadventures.com\/es\/#website\"},\"primaryImageOfPage\":{\"@id\":\"https:\/\/malagaadventures.com\/es\/free-tour\/#primaryimage\"},\"image\":{\"@id\":\"https:\/\/malagaadventures.com\/es\/free-tour\/#primaryimage\"},\"thumbnailUrl\":\"https:\/\/malagaadventures.com\/wp-content\/uploads\/2021\/08\/DSC_8725-1.jpg\",\"datePublished\":\"2019-08-10T09:41:51+00:00\",\"dateModified\":\"2025-10-22T09:25:27+00:00\",\"description\":\"Descubre M\u00e1laga con nuestro free tour \u00bfQuieres descubrir M\u00e1laga paseando con nuestro recorrido gratuito? \u00a1Entonces est\u00e1s en el lugar correcto!\",\"breadcrumb\":{\"@id\":\"https:\/\/malagaadventures.com\/es\/free-tour\/#breadcrumb\"},\"inLanguage\":\"es\",\"potentialAction\":[{\"@type\":\"ReadAction\",\"target\":[\"https:\/\/malagaadventures.com\/es\/free-tour\/\"]}]},{\"@type\":\"ImageObject\",\"inLanguage\":\"es\",\"@id\":\"https:\/\/malagaadventures.com\/es\/free-tour\/#primaryimage\",\"url\":\"https:\/\/malagaadventures.com\/wp-content\/uploads\/2021\/08\/DSC_8725-1.jpg\",\"contentUrl\":\"https:\/\/malagaadventures.com\/wp-content\/uploads\/2021\/08\/DSC_8725-1.jpg\",\"width\":1899,\"height\":1268},{\"@type\":\"BreadcrumbList\",\"@id\":\"https:\/\/malagaadventures.com\/es\/free-tour\/#breadcrumb\",\"itemListElement\":[{\"@type\":\"ListItem\",\"position\":1,\"name\":\"Home\",\"item\":\"https:\/\/malagaadventures.com\/es\/\"},{\"@type\":\"ListItem\",\"position\":2,\"name\":\"Free Tour\"}]},{\"@type\":\"WebSite\",\"@id\":\"https:\/\/malagaadventures.com\/es\/#website\",\"url\":\"https:\/\/malagaadventures.com\/es\/\",\"name\":\"Malaga Adventures\",\"description\":\"Free tour Malaga, tours privados y visitas escolares\",\"potentialAction\":[{\"@type\":\"SearchAction\",\"target\":{\"@type\":\"EntryPoint\",\"urlTemplate\":\"https:\/\/malagaadventures.com\/es\/?s={search_term_string}\"},\"query-input\":{\"@type\":\"PropertyValueSpecification\",\"valueRequired\":true,\"valueName\":\"search_term_string\"}}],\"inLanguage\":\"es\"}]}<\/script>\n<!-- \/ Yoast SEO plugin. -->","yoast_head_json":{"title":"Free Tour M\u00e1laga","description":"Descubre M\u00e1laga con nuestro free tour \u00bfQuieres descubrir M\u00e1laga paseando con nuestro recorrido gratuito? \u00a1Entonces est\u00e1s en el lugar correcto!","robots":{"index":"index","follow":"follow","max-snippet":"max-snippet:-1","max-image-preview":"max-image-preview:large","max-video-preview":"max-video-preview:-1"},"canonical":"https:\/\/malagaadventures.com\/es\/free-tour\/","og_locale":"es_ES","og_type":"article","og_title":"Free Tour M\u00e1laga","og_description":"Descubre M\u00e1laga con nuestro free tour \u00bfQuieres descubrir M\u00e1laga paseando con nuestro recorrido gratuito? \u00a1Entonces est\u00e1s en el lugar correcto!","og_url":"https:\/\/malagaadventures.com\/es\/free-tour\/","og_site_name":"Malaga Adventures","article_modified_time":"2025-10-22T09:25:27+00:00","og_image":[{"width":1899,"height":1268,"url":"https:\/\/malagaadventures.com\/wp-content\/uploads\/2021\/08\/DSC_8725-1.jpg","type":"image\/jpeg"}],"twitter_card":"summary_large_image","twitter_misc":{"Tiempo de lectura":"6 minutos"},"schema":{"@context":"https:\/\/schema.org","@graph":[{"@type":"WebPage","@id":"https:\/\/malagaadventures.com\/es\/free-tour\/","url":"https:\/\/malagaadventures.com\/es\/free-tour\/","name":"Free Tour M\u00e1laga","isPartOf":{"@id":"https:\/\/malagaadventures.com\/es\/#website"},"primaryImageOfPage":{"@id":"https:\/\/malagaadventures.com\/es\/free-tour\/#primaryimage"},"image":{"@id":"https:\/\/malagaadventures.com\/es\/free-tour\/#primaryimage"},"thumbnailUrl":"https:\/\/malagaadventures.com\/wp-content\/uploads\/2021\/08\/DSC_8725-1.jpg","datePublished":"2019-08-10T09:41:51+00:00","dateModified":"2025-10-22T09:25:27+00:00","description":"Descubre M\u00e1laga con nuestro free tour \u00bfQuieres descubrir M\u00e1laga paseando con nuestro recorrido gratuito? \u00a1Entonces est\u00e1s en el lugar correcto!","breadcrumb":{"@id":"https:\/\/malagaadventures.com\/es\/free-tour\/#breadcrumb"},"inLanguage":"es","potentialAction":[{"@type":"ReadAction","target":["https:\/\/malagaadventures.com\/es\/free-tour\/"]}]},{"@type":"ImageObject","inLanguage":"es","@id":"https:\/\/malagaadventures.com\/es\/free-tour\/#primaryimage","url":"https:\/\/malagaadventures.com\/wp-content\/uploads\/2021\/08\/DSC_8725-1.jpg","contentUrl":"https:\/\/malagaadventures.com\/wp-content\/uploads\/2021\/08\/DSC_8725-1.jpg","width":1899,"height":1268},{"@type":"BreadcrumbList","@id":"https:\/\/malagaadventures.com\/es\/free-tour\/#breadcrumb","itemListElement":[{"@type":"ListItem","position":1,"name":"Home","item":"https:\/\/malagaadventures.com\/es\/"},{"@type":"ListItem","position":2,"name":"Free Tour"}]},{"@type":"WebSite","@id":"https:\/\/malagaadventures.com\/es\/#website","url":"https:\/\/malagaadventures.com\/es\/","name":"Malaga Adventures","description":"Free tour Malaga, tours privados y visitas escolares","potentialAction":[{"@type":"SearchAction","target":{"@type":"EntryPoint","urlTemplate":"https:\/\/malagaadventures.com\/es\/?s={search_term_string}"},"query-input":{"@type":"PropertyValueSpecification","valueRequired":true,"valueName":"search_term_string"}}],"inLanguage":"es"}]}},"_hostinger_reach_plugin_has_subscription_block":false,"_hostinger_reach_plugin_is_elementor":false,"_links":{"self":[{"href":"https:\/\/malagaadventures.com\/es\/wp-json\/wp\/v2\/pages\/346","targetHints":{"allow":["GET"]}}],"collection":[{"href":"https:\/\/malagaadventures.com\/es\/wp-json\/wp\/v2\/pages"}],"about":[{"href":"https:\/\/malagaadventures.com\/es\/wp-json\/wp\/v2\/types\/page"}],"author":[{"embeddable":true,"href":"https:\/\/malagaadventures.com\/es\/wp-json\/wp\/v2\/users\/9"}],"replies":[{"embeddable":true,"href":"https:\/\/malagaadventures.com\/es\/wp-json\/wp\/v2\/comments?post=346"}],"version-history":[{"count":9,"href":"https:\/\/malagaadventures.com\/es\/wp-json\/wp\/v2\/pages\/346\/revisions"}],"predecessor-version":[{"id":22295,"href":"https:\/\/malagaadventures.com\/es\/wp-json\/wp\/v2\/pages\/346\/revisions\/22295"}],"wp:featuredmedia":[{"embeddable":true,"href":"https:\/\/malagaadventures.com\/es\/wp-json\/wp\/v2\/media\/18884"}],"wp:attachment":[{"href":"https:\/\/malagaadventures.com\/es\/wp-json\/wp\/v2\/media?parent=346"}],"curies":[{"name":"wp","href":"https:\/\/api.w.org\/{rel}","templated":true}]}}