{"id":417,"date":"2019-08-10T09:48:14","date_gmt":"2019-08-10T09:48:14","guid":{"rendered":"http:\/\/mediumvioletred-rail-262634.hostingersite.com\/about-us\/"},"modified":"2025-07-08T18:02:04","modified_gmt":"2025-07-08T16:02:04","slug":"conoce-al-equipo-malaga-adventures","status":"publish","type":"page","link":"https:\/\/malagaadventures.com\/es\/conoce-al-equipo-malaga-adventures\/","title":{"rendered":"El Equipo de Malaga Adventures"},"content":{"rendered":"\n<p>Aqu\u00ed en M\u00e1laga Adventures, nuestro trabajo es nuestra pasi\u00f3n. Emprendimos este proyecto con una idea clara en mente: ofrecer<strong> las mejores visitas guiadas en M\u00e1laga.<\/strong> <\/p>\n<p> Fuimos finalistas en los Junior Awards a la \u201cMejor empresa de M\u00e1laga\u201d y participamos en el proyecto \u201cIkea Talento\u201d. <\/p>\n<p>Lo que nos diferencia de otros <strong>Free Tours en M\u00e1laga <\/strong>es, ante todo, nuestras visitas guiadas basadas en <strong>explicaciones entretenidas y divertidas<\/strong>. Esto garantiza que adultos, j\u00f3venes y ni\u00f1os puedan disfrutar descubriendo nuestra ciudad de una manera \u00fanica. <\/p>\n<p>Creemos firmemente en el valor del ocio y la cultura en el turismo. Mostramos que M\u00e1laga tiene mucho m\u00e1s que playas y buen tiempo.<br><br><strong>Es una de las ciudades m\u00e1s antiguas de Europa<\/strong>, donde los vestigios hist\u00f3ricos pueden verse casi en cada rinc\u00f3n.<br><br>Por eso, creemos que el turismo no se trata solo de tomar fotos, sino tambi\u00e9n de descubrir la fascinante cultura e historia que M\u00e1laga guarda en sus edificios y calles.   <\/p>\n<p>Nuestros <a href=\"https:\/\/malagaadventures.com\/es\/free-tour\/\">free tours<\/a>, tours en la <a href=\"https:\/\/malagaadventures.com\/alcazaba-tour\/\">Alcazaba <\/a> (m\u00e1s detalles en <a href=\"http:\/\/www.alcazabamalaga.com\/\" target=\"_blank\" rel=\"noreferrer noopener\">Alcazaba website<\/a>) y <a href=\"https:\/\/malagaadventures.com\/private-tour\/\"> tours privados<\/a> en M\u00e1laga y otras ciudades de <a href=\"https:\/\/malagaadventures.com\/andalusia-tours\/\">Andalucia<\/a>. <strong>Los tours pueden ser en espa\u00f1ol, ingles o italiano.<\/strong><\/p>\n<p>En M\u00e1laga Adventures no solo contamos historias, creamos experiencias inolvidables.<\/p>\n<h6>Estas preparado para tu aventura?<\/h6>\n<p>Los gu\u00edas de <strong data-rich-text-format-boundary=\"true\">M\u00e1laga Adventures<\/strong> son profesionales y gu\u00edas oficiales acreditados de Andaluc\u00eda.<\/p>\n<p><strong>La misi\u00f3n <\/strong>de nuestra empresa es ofrecer informaci\u00f3n fascinante sobre M\u00e1laga y Andaluc\u00eda de una forma divertida y cautivadora.<br>Haz que tu viaje sea inolvidable, ya sea que viajes solo, en familia o con tus mascotas queridas \u00a1nos encantan los animales en nuestros tours! <\/p>\n<p><strong data-rich-text-format-boundary=\"true\">Nuestro principal secreto para el \u00e9xito y los comentarios positivos es estar enamorados de lo que hacemos.<\/strong><\/p>\n<p>Recibimos con gusto programas de pr\u00e1cticas para j\u00f3venes profesionales apasionados por los viajes, la gu\u00eda tur\u00edstica o el marketing digital. \u00a1No dudes en contactarnos con tus ideas m\u00e1s atrevidas! <strong>Despu\u00e9s de una pr\u00e1cticas exitosa, tambi\u00e9n ofrecemos puestos de trabajo a tiempo completo en la empresa.<\/strong><\/p>\n\n<p><\/p>\n","protected":false},"excerpt":{"rendered":"","protected":false},"author":9,"featured_media":6036,"parent":0,"menu_order":0,"comment_status":"closed","ping_status":"closed","template":"about-us.php","meta":{"_acf_changed":false,"footnotes":""},"class_list":["post-417","page","type-page","status-publish","has-post-thumbnail","hentry"],"acf":[],"yoast_head":"<!-- This site is optimized with the Yoast SEO plugin v27.4 - https:\/\/yoast.com\/product\/yoast-seo-wordpress\/ -->\n<title>Nuestro Equipo<\/title>\n<meta name=\"description\" content=\"Aqu\u00ed en M\u00e1laga Adventures, nuestro trabajo es nuestra pasi\u00f3n. Realizamos este proyecto teniendo una idea clara en mente: suministrar las mejores visitas guiadas en M\u00e1laga.\" \/>\n<meta name=\"robots\" content=\"index, follow, max-snippet:-1, max-image-preview:large, max-video-preview:-1\" \/>\n<link rel=\"canonical\" href=\"https:\/\/malagaadventures.com\/es\/conoce-al-equipo-malaga-adventures\/\" \/>\n<meta property=\"og:locale\" content=\"es_ES\" \/>\n<meta property=\"og:type\" content=\"article\" \/>\n<meta property=\"og:title\" content=\"Nuestro Equipo\" \/>\n<meta property=\"og:description\" content=\"Aqu\u00ed en M\u00e1laga Adventures, nuestro trabajo es nuestra pasi\u00f3n. Realizamos este proyecto teniendo una idea clara en mente: suministrar las mejores visitas guiadas en M\u00e1laga.\" \/>\n<meta property=\"og:url\" content=\"https:\/\/malagaadventures.com\/es\/conoce-al-equipo-malaga-adventures\/\" \/>\n<meta property=\"og:site_name\" content=\"Malaga Adventures\" \/>\n<meta property=\"article:modified_time\" content=\"2025-07-08T16:02:04+00:00\" \/>\n<meta property=\"og:image\" content=\"https:\/\/malagaadventures.com\/wp-content\/uploads\/2020\/01\/malaga-adventures-team.jpg\" \/>\n\t<meta property=\"og:image:width\" content=\"1920\" \/>\n\t<meta property=\"og:image:height\" content=\"500\" \/>\n\t<meta property=\"og:image:type\" content=\"image\/jpeg\" \/>\n<meta name=\"twitter:card\" content=\"summary_large_image\" \/>\n<meta name=\"twitter:label1\" content=\"Tiempo de lectura\" \/>\n\t<meta name=\"twitter:data1\" content=\"2 minutos\" \/>\n<script type=\"application\/ld+json\" class=\"yoast-schema-graph\">{\"@context\":\"https:\\\/\\\/schema.org\",\"@graph\":[{\"@type\":\"WebPage\",\"@id\":\"https:\\\/\\\/malagaadventures.com\\\/es\\\/conoce-al-equipo-malaga-adventures\\\/\",\"url\":\"https:\\\/\\\/malagaadventures.com\\\/es\\\/conoce-al-equipo-malaga-adventures\\\/\",\"name\":\"Nuestro Equipo\",\"isPartOf\":{\"@id\":\"https:\\\/\\\/malagaadventures.com\\\/es\\\/#website\"},\"primaryImageOfPage\":{\"@id\":\"https:\\\/\\\/malagaadventures.com\\\/es\\\/conoce-al-equipo-malaga-adventures\\\/#primaryimage\"},\"image\":{\"@id\":\"https:\\\/\\\/malagaadventures.com\\\/es\\\/conoce-al-equipo-malaga-adventures\\\/#primaryimage\"},\"thumbnailUrl\":\"https:\\\/\\\/malagaadventures.com\\\/wp-content\\\/uploads\\\/2020\\\/01\\\/malaga-adventures-team.jpg\",\"datePublished\":\"2019-08-10T09:48:14+00:00\",\"dateModified\":\"2025-07-08T16:02:04+00:00\",\"description\":\"Aqu\u00ed en M\u00e1laga Adventures, nuestro trabajo es nuestra pasi\u00f3n. Realizamos este proyecto teniendo una idea clara en mente: suministrar las mejores visitas guiadas en M\u00e1laga.\",\"breadcrumb\":{\"@id\":\"https:\\\/\\\/malagaadventures.com\\\/es\\\/conoce-al-equipo-malaga-adventures\\\/#breadcrumb\"},\"inLanguage\":\"es\",\"potentialAction\":[{\"@type\":\"ReadAction\",\"target\":[\"https:\\\/\\\/malagaadventures.com\\\/es\\\/conoce-al-equipo-malaga-adventures\\\/\"]}]},{\"@type\":\"ImageObject\",\"inLanguage\":\"es\",\"@id\":\"https:\\\/\\\/malagaadventures.com\\\/es\\\/conoce-al-equipo-malaga-adventures\\\/#primaryimage\",\"url\":\"https:\\\/\\\/malagaadventures.com\\\/wp-content\\\/uploads\\\/2020\\\/01\\\/malaga-adventures-team.jpg\",\"contentUrl\":\"https:\\\/\\\/malagaadventures.com\\\/wp-content\\\/uploads\\\/2020\\\/01\\\/malaga-adventures-team.jpg\",\"width\":1920,\"height\":500,\"caption\":\"Malaga Adventures Team\"},{\"@type\":\"BreadcrumbList\",\"@id\":\"https:\\\/\\\/malagaadventures.com\\\/es\\\/conoce-al-equipo-malaga-adventures\\\/#breadcrumb\",\"itemListElement\":[{\"@type\":\"ListItem\",\"position\":1,\"name\":\"Home\",\"item\":\"https:\\\/\\\/malagaadventures.com\\\/es\\\/\"},{\"@type\":\"ListItem\",\"position\":2,\"name\":\"El Equipo de Malaga Adventures\"}]},{\"@type\":\"WebSite\",\"@id\":\"https:\\\/\\\/malagaadventures.com\\\/es\\\/#website\",\"url\":\"https:\\\/\\\/malagaadventures.com\\\/es\\\/\",\"name\":\"Malaga Adventures\",\"description\":\"Free tour Malaga, tours privados y visitas escolares\",\"potentialAction\":[{\"@type\":\"SearchAction\",\"target\":{\"@type\":\"EntryPoint\",\"urlTemplate\":\"https:\\\/\\\/malagaadventures.com\\\/es\\\/?s={search_term_string}\"},\"query-input\":{\"@type\":\"PropertyValueSpecification\",\"valueRequired\":true,\"valueName\":\"search_term_string\"}}],\"inLanguage\":\"es\"}]}<\/script>\n<!-- \/ Yoast SEO plugin. -->","yoast_head_json":{"title":"Nuestro Equipo","description":"Aqu\u00ed en M\u00e1laga Adventures, nuestro trabajo es nuestra pasi\u00f3n. Realizamos este proyecto teniendo una idea clara en mente: suministrar las mejores visitas guiadas en M\u00e1laga.","robots":{"index":"index","follow":"follow","max-snippet":"max-snippet:-1","max-image-preview":"max-image-preview:large","max-video-preview":"max-video-preview:-1"},"canonical":"https:\/\/malagaadventures.com\/es\/conoce-al-equipo-malaga-adventures\/","og_locale":"es_ES","og_type":"article","og_title":"Nuestro Equipo","og_description":"Aqu\u00ed en M\u00e1laga Adventures, nuestro trabajo es nuestra pasi\u00f3n. Realizamos este proyecto teniendo una idea clara en mente: suministrar las mejores visitas guiadas en M\u00e1laga.","og_url":"https:\/\/malagaadventures.com\/es\/conoce-al-equipo-malaga-adventures\/","og_site_name":"Malaga Adventures","article_modified_time":"2025-07-08T16:02:04+00:00","og_image":[{"width":1920,"height":500,"url":"https:\/\/malagaadventures.com\/wp-content\/uploads\/2020\/01\/malaga-adventures-team.jpg","type":"image\/jpeg"}],"twitter_card":"summary_large_image","twitter_misc":{"Tiempo de lectura":"2 minutos"},"schema":{"@context":"https:\/\/schema.org","@graph":[{"@type":"WebPage","@id":"https:\/\/malagaadventures.com\/es\/conoce-al-equipo-malaga-adventures\/","url":"https:\/\/malagaadventures.com\/es\/conoce-al-equipo-malaga-adventures\/","name":"Nuestro Equipo","isPartOf":{"@id":"https:\/\/malagaadventures.com\/es\/#website"},"primaryImageOfPage":{"@id":"https:\/\/malagaadventures.com\/es\/conoce-al-equipo-malaga-adventures\/#primaryimage"},"image":{"@id":"https:\/\/malagaadventures.com\/es\/conoce-al-equipo-malaga-adventures\/#primaryimage"},"thumbnailUrl":"https:\/\/malagaadventures.com\/wp-content\/uploads\/2020\/01\/malaga-adventures-team.jpg","datePublished":"2019-08-10T09:48:14+00:00","dateModified":"2025-07-08T16:02:04+00:00","description":"Aqu\u00ed en M\u00e1laga Adventures, nuestro trabajo es nuestra pasi\u00f3n. Realizamos este proyecto teniendo una idea clara en mente: suministrar las mejores visitas guiadas en M\u00e1laga.","breadcrumb":{"@id":"https:\/\/malagaadventures.com\/es\/conoce-al-equipo-malaga-adventures\/#breadcrumb"},"inLanguage":"es","potentialAction":[{"@type":"ReadAction","target":["https:\/\/malagaadventures.com\/es\/conoce-al-equipo-malaga-adventures\/"]}]},{"@type":"ImageObject","inLanguage":"es","@id":"https:\/\/malagaadventures.com\/es\/conoce-al-equipo-malaga-adventures\/#primaryimage","url":"https:\/\/malagaadventures.com\/wp-content\/uploads\/2020\/01\/malaga-adventures-team.jpg","contentUrl":"https:\/\/malagaadventures.com\/wp-content\/uploads\/2020\/01\/malaga-adventures-team.jpg","width":1920,"height":500,"caption":"Malaga Adventures Team"},{"@type":"BreadcrumbList","@id":"https:\/\/malagaadventures.com\/es\/conoce-al-equipo-malaga-adventures\/#breadcrumb","itemListElement":[{"@type":"ListItem","position":1,"name":"Home","item":"https:\/\/malagaadventures.com\/es\/"},{"@type":"ListItem","position":2,"name":"El Equipo de Malaga Adventures"}]},{"@type":"WebSite","@id":"https:\/\/malagaadventures.com\/es\/#website","url":"https:\/\/malagaadventures.com\/es\/","name":"Malaga Adventures","description":"Free tour Malaga, tours privados y visitas escolares","potentialAction":[{"@type":"SearchAction","target":{"@type":"EntryPoint","urlTemplate":"https:\/\/malagaadventures.com\/es\/?s={search_term_string}"},"query-input":{"@type":"PropertyValueSpecification","valueRequired":true,"valueName":"search_term_string"}}],"inLanguage":"es"}]}},"_hostinger_reach_plugin_has_subscription_block":false,"_hostinger_reach_plugin_is_elementor":false,"_links":{"self":[{"href":"https:\/\/malagaadventures.com\/es\/wp-json\/wp\/v2\/pages\/417","targetHints":{"allow":["GET"]}}],"collection":[{"href":"https:\/\/malagaadventures.com\/es\/wp-json\/wp\/v2\/pages"}],"about":[{"href":"https:\/\/malagaadventures.com\/es\/wp-json\/wp\/v2\/types\/page"}],"author":[{"embeddable":true,"href":"https:\/\/malagaadventures.com\/es\/wp-json\/wp\/v2\/users\/9"}],"replies":[{"embeddable":true,"href":"https:\/\/malagaadventures.com\/es\/wp-json\/wp\/v2\/comments?post=417"}],"version-history":[{"count":5,"href":"https:\/\/malagaadventures.com\/es\/wp-json\/wp\/v2\/pages\/417\/revisions"}],"predecessor-version":[{"id":21943,"href":"https:\/\/malagaadventures.com\/es\/wp-json\/wp\/v2\/pages\/417\/revisions\/21943"}],"wp:featuredmedia":[{"embeddable":true,"href":"https:\/\/malagaadventures.com\/es\/wp-json\/wp\/v2\/media\/6036"}],"wp:attachment":[{"href":"https:\/\/malagaadventures.com\/es\/wp-json\/wp\/v2\/media?parent=417"}],"curies":[{"name":"wp","href":"https:\/\/api.w.org\/{rel}","templated":true}]}}