{"id":421,"date":"2019-08-10T09:46:49","date_gmt":"2019-08-10T09:46:49","guid":{"rendered":"http:\/\/mediumvioletred-rail-262634.hostingersite.com\/private-tour\/"},"modified":"2026-01-20T16:49:08","modified_gmt":"2026-01-20T15:49:08","slug":"tour-privado-en-malaga","status":"publish","type":"page","link":"https:\/\/malagaadventures.com\/es\/tour-privado-en-malaga\/","title":{"rendered":"Tour privado en M\u00e1laga"},"content":{"rendered":"","protected":false},"excerpt":{"rendered":"","protected":false},"author":9,"featured_media":11269,"parent":0,"menu_order":0,"comment_status":"closed","ping_status":"closed","template":"list-of-tours-page.php","meta":{"_acf_changed":false,"footnotes":""},"class_list":["post-421","page","type-page","status-publish","has-post-thumbnail","hentry"],"acf":[],"yoast_head":"<!-- This site is optimized with the Yoast SEO plugin v26.7 - https:\/\/yoast.com\/wordpress\/plugins\/seo\/ -->\n<title>Tour privado en M\u00e1laga: Alcazaba, centro hist\u00f3rico y<\/title>\n<meta name=\"description\" content=\"\u00bfBuscas una experiencia personal y exclusiva de M\u00e1laga? Brindamos tours privados con mucha diversi\u00f3n y educaci\u00f3n en Andaluc\u00eda y M\u00e1laga.\" \/>\n<meta name=\"robots\" content=\"index, follow, max-snippet:-1, max-image-preview:large, max-video-preview:-1\" \/>\n<link rel=\"canonical\" href=\"https:\/\/malagaadventures.com\/es\/tour-privado-en-malaga\/\" \/>\n<meta property=\"og:locale\" content=\"es_ES\" \/>\n<meta property=\"og:type\" content=\"article\" \/>\n<meta property=\"og:title\" content=\"Tour privado en M\u00e1laga: Alcazaba, centro hist\u00f3rico y\" \/>\n<meta property=\"og:description\" content=\"\u00bfBuscas una experiencia personal y exclusiva de M\u00e1laga? Brindamos tours privados con mucha diversi\u00f3n y educaci\u00f3n en Andaluc\u00eda y M\u00e1laga.\" \/>\n<meta property=\"og:url\" content=\"https:\/\/malagaadventures.com\/es\/tour-privado-en-malaga\/\" \/>\n<meta property=\"og:site_name\" content=\"Malaga Adventures\" \/>\n<meta property=\"article:modified_time\" content=\"2026-01-20T15:49:08+00:00\" \/>\n<meta property=\"og:image\" content=\"https:\/\/malagaadventures.com\/wp-content\/uploads\/2020\/04\/private-tour-new-header-1.jpg\" \/>\n\t<meta property=\"og:image:width\" content=\"1920\" \/>\n\t<meta property=\"og:image:height\" content=\"500\" \/>\n\t<meta property=\"og:image:type\" content=\"image\/jpeg\" \/>\n<meta name=\"twitter:card\" content=\"summary_large_image\" \/>\n<meta name=\"twitter:label1\" content=\"Tiempo de lectura\" \/>\n\t<meta name=\"twitter:data1\" content=\"1 minuto\" \/>\n<script type=\"application\/ld+json\" class=\"yoast-schema-graph\">{\"@context\":\"https:\/\/schema.org\",\"@graph\":[{\"@type\":\"WebPage\",\"@id\":\"https:\/\/malagaadventures.com\/es\/tour-privado-en-malaga\/\",\"url\":\"https:\/\/malagaadventures.com\/es\/tour-privado-en-malaga\/\",\"name\":\"Tour privado en M\u00e1laga: Alcazaba, centro hist\u00f3rico y\",\"isPartOf\":{\"@id\":\"https:\/\/malagaadventures.com\/es\/#website\"},\"primaryImageOfPage\":{\"@id\":\"https:\/\/malagaadventures.com\/es\/tour-privado-en-malaga\/#primaryimage\"},\"image\":{\"@id\":\"https:\/\/malagaadventures.com\/es\/tour-privado-en-malaga\/#primaryimage\"},\"thumbnailUrl\":\"https:\/\/malagaadventures.com\/wp-content\/uploads\/2020\/04\/private-tour-new-header-1.jpg\",\"datePublished\":\"2019-08-10T09:46:49+00:00\",\"dateModified\":\"2026-01-20T15:49:08+00:00\",\"description\":\"\u00bfBuscas una experiencia personal y exclusiva de M\u00e1laga? Brindamos tours privados con mucha diversi\u00f3n y educaci\u00f3n en Andaluc\u00eda y M\u00e1laga.\",\"breadcrumb\":{\"@id\":\"https:\/\/malagaadventures.com\/es\/tour-privado-en-malaga\/#breadcrumb\"},\"inLanguage\":\"es\",\"potentialAction\":[{\"@type\":\"ReadAction\",\"target\":[\"https:\/\/malagaadventures.com\/es\/tour-privado-en-malaga\/\"]}]},{\"@type\":\"ImageObject\",\"inLanguage\":\"es\",\"@id\":\"https:\/\/malagaadventures.com\/es\/tour-privado-en-malaga\/#primaryimage\",\"url\":\"https:\/\/malagaadventures.com\/wp-content\/uploads\/2020\/04\/private-tour-new-header-1.jpg\",\"contentUrl\":\"https:\/\/malagaadventures.com\/wp-content\/uploads\/2020\/04\/private-tour-new-header-1.jpg\",\"width\":1920,\"height\":500,\"caption\":\"Tour privado in Malaga\"},{\"@type\":\"BreadcrumbList\",\"@id\":\"https:\/\/malagaadventures.com\/es\/tour-privado-en-malaga\/#breadcrumb\",\"itemListElement\":[{\"@type\":\"ListItem\",\"position\":1,\"name\":\"Home\",\"item\":\"https:\/\/malagaadventures.com\/es\/\"},{\"@type\":\"ListItem\",\"position\":2,\"name\":\"Tour privado en M\u00e1laga\"}]},{\"@type\":\"WebSite\",\"@id\":\"https:\/\/malagaadventures.com\/es\/#website\",\"url\":\"https:\/\/malagaadventures.com\/es\/\",\"name\":\"Malaga Adventures\",\"description\":\"Free tour Malaga, tours privados y visitas escolares\",\"potentialAction\":[{\"@type\":\"SearchAction\",\"target\":{\"@type\":\"EntryPoint\",\"urlTemplate\":\"https:\/\/malagaadventures.com\/es\/?s={search_term_string}\"},\"query-input\":{\"@type\":\"PropertyValueSpecification\",\"valueRequired\":true,\"valueName\":\"search_term_string\"}}],\"inLanguage\":\"es\"}]}<\/script>\n<!-- \/ Yoast SEO plugin. -->","yoast_head_json":{"title":"Tour privado en M\u00e1laga: Alcazaba, centro hist\u00f3rico y","description":"\u00bfBuscas una experiencia personal y exclusiva de M\u00e1laga? Brindamos tours privados con mucha diversi\u00f3n y educaci\u00f3n en Andaluc\u00eda y M\u00e1laga.","robots":{"index":"index","follow":"follow","max-snippet":"max-snippet:-1","max-image-preview":"max-image-preview:large","max-video-preview":"max-video-preview:-1"},"canonical":"https:\/\/malagaadventures.com\/es\/tour-privado-en-malaga\/","og_locale":"es_ES","og_type":"article","og_title":"Tour privado en M\u00e1laga: Alcazaba, centro hist\u00f3rico y","og_description":"\u00bfBuscas una experiencia personal y exclusiva de M\u00e1laga? Brindamos tours privados con mucha diversi\u00f3n y educaci\u00f3n en Andaluc\u00eda y M\u00e1laga.","og_url":"https:\/\/malagaadventures.com\/es\/tour-privado-en-malaga\/","og_site_name":"Malaga Adventures","article_modified_time":"2026-01-20T15:49:08+00:00","og_image":[{"width":1920,"height":500,"url":"https:\/\/malagaadventures.com\/wp-content\/uploads\/2020\/04\/private-tour-new-header-1.jpg","type":"image\/jpeg"}],"twitter_card":"summary_large_image","twitter_misc":{"Tiempo de lectura":"1 minuto"},"schema":{"@context":"https:\/\/schema.org","@graph":[{"@type":"WebPage","@id":"https:\/\/malagaadventures.com\/es\/tour-privado-en-malaga\/","url":"https:\/\/malagaadventures.com\/es\/tour-privado-en-malaga\/","name":"Tour privado en M\u00e1laga: Alcazaba, centro hist\u00f3rico y","isPartOf":{"@id":"https:\/\/malagaadventures.com\/es\/#website"},"primaryImageOfPage":{"@id":"https:\/\/malagaadventures.com\/es\/tour-privado-en-malaga\/#primaryimage"},"image":{"@id":"https:\/\/malagaadventures.com\/es\/tour-privado-en-malaga\/#primaryimage"},"thumbnailUrl":"https:\/\/malagaadventures.com\/wp-content\/uploads\/2020\/04\/private-tour-new-header-1.jpg","datePublished":"2019-08-10T09:46:49+00:00","dateModified":"2026-01-20T15:49:08+00:00","description":"\u00bfBuscas una experiencia personal y exclusiva de M\u00e1laga? Brindamos tours privados con mucha diversi\u00f3n y educaci\u00f3n en Andaluc\u00eda y M\u00e1laga.","breadcrumb":{"@id":"https:\/\/malagaadventures.com\/es\/tour-privado-en-malaga\/#breadcrumb"},"inLanguage":"es","potentialAction":[{"@type":"ReadAction","target":["https:\/\/malagaadventures.com\/es\/tour-privado-en-malaga\/"]}]},{"@type":"ImageObject","inLanguage":"es","@id":"https:\/\/malagaadventures.com\/es\/tour-privado-en-malaga\/#primaryimage","url":"https:\/\/malagaadventures.com\/wp-content\/uploads\/2020\/04\/private-tour-new-header-1.jpg","contentUrl":"https:\/\/malagaadventures.com\/wp-content\/uploads\/2020\/04\/private-tour-new-header-1.jpg","width":1920,"height":500,"caption":"Tour privado in Malaga"},{"@type":"BreadcrumbList","@id":"https:\/\/malagaadventures.com\/es\/tour-privado-en-malaga\/#breadcrumb","itemListElement":[{"@type":"ListItem","position":1,"name":"Home","item":"https:\/\/malagaadventures.com\/es\/"},{"@type":"ListItem","position":2,"name":"Tour privado en M\u00e1laga"}]},{"@type":"WebSite","@id":"https:\/\/malagaadventures.com\/es\/#website","url":"https:\/\/malagaadventures.com\/es\/","name":"Malaga Adventures","description":"Free tour Malaga, tours privados y visitas escolares","potentialAction":[{"@type":"SearchAction","target":{"@type":"EntryPoint","urlTemplate":"https:\/\/malagaadventures.com\/es\/?s={search_term_string}"},"query-input":{"@type":"PropertyValueSpecification","valueRequired":true,"valueName":"search_term_string"}}],"inLanguage":"es"}]}},"_hostinger_reach_plugin_has_subscription_block":false,"_hostinger_reach_plugin_is_elementor":false,"_links":{"self":[{"href":"https:\/\/malagaadventures.com\/es\/wp-json\/wp\/v2\/pages\/421","targetHints":{"allow":["GET"]}}],"collection":[{"href":"https:\/\/malagaadventures.com\/es\/wp-json\/wp\/v2\/pages"}],"about":[{"href":"https:\/\/malagaadventures.com\/es\/wp-json\/wp\/v2\/types\/page"}],"author":[{"embeddable":true,"href":"https:\/\/malagaadventures.com\/es\/wp-json\/wp\/v2\/users\/9"}],"replies":[{"embeddable":true,"href":"https:\/\/malagaadventures.com\/es\/wp-json\/wp\/v2\/comments?post=421"}],"version-history":[{"count":24,"href":"https:\/\/malagaadventures.com\/es\/wp-json\/wp\/v2\/pages\/421\/revisions"}],"predecessor-version":[{"id":22544,"href":"https:\/\/malagaadventures.com\/es\/wp-json\/wp\/v2\/pages\/421\/revisions\/22544"}],"wp:featuredmedia":[{"embeddable":true,"href":"https:\/\/malagaadventures.com\/es\/wp-json\/wp\/v2\/media\/11269"}],"wp:attachment":[{"href":"https:\/\/malagaadventures.com\/es\/wp-json\/wp\/v2\/media?parent=421"}],"curies":[{"name":"wp","href":"https:\/\/api.w.org\/{rel}","templated":true}]}}