{"id":77,"date":"2019-08-10T09:01:48","date_gmt":"2019-08-10T09:01:48","guid":{"rendered":"http:\/\/mediumvioletred-rail-262634.hostingersite.com\/front-page\/"},"modified":"2025-11-02T10:28:59","modified_gmt":"2025-11-02T09:28:59","slug":"tours-en-malaga","status":"publish","type":"page","link":"https:\/\/malagaadventures.com\/es\/","title":{"rendered":"M\u00e1laga Adventures"},"content":{"rendered":"\r\n<h1 id=\"block-534452fb-1cf6-44b1-a7ca-614f7e0eb391\" class=\"wp-block block-editor-block-list__block has-selected-ui\" tabindex=\"0\" role=\"group\" data-block=\"534452fb-1cf6-44b1-a7ca-614f7e0eb391\" data-type=\"core\/heading\" aria-label=\"Bloque: Encabezado\">TEST<\/h1>\r\n\r\n\r\n","protected":false},"excerpt":{"rendered":"","protected":false},"author":9,"featured_media":13344,"parent":0,"menu_order":0,"comment_status":"closed","ping_status":"closed","template":"","meta":{"_acf_changed":false,"footnotes":""},"class_list":["post-77","page","type-page","status-publish","has-post-thumbnail","hentry"],"acf":[],"yoast_head":"<!-- This site is optimized with the Yoast SEO plugin v26.7 - https:\/\/yoast.com\/wordpress\/plugins\/seo\/ -->\n<title>Malaga Adventures - Tours en M\u00e1laga con gu\u00edas locales<\/title>\n<meta name=\"description\" content=\"Descubre M\u00e1laga con los mejores tours en la Alcazaba, el Teatro Romano y el Centro Hist\u00f3rico. Malaga Adventures, visitas guiadas y escolares.\" \/>\n<meta name=\"robots\" content=\"index, follow, max-snippet:-1, max-image-preview:large, max-video-preview:-1\" \/>\n<link rel=\"canonical\" href=\"https:\/\/malagaadventures.com\/es\/\" \/>\n<meta property=\"og:locale\" content=\"es_ES\" \/>\n<meta property=\"og:type\" content=\"article\" \/>\n<meta property=\"og:title\" content=\"Malaga Adventures - Tours en M\u00e1laga con gu\u00edas locales\" \/>\n<meta property=\"og:description\" content=\"Descubre M\u00e1laga con los mejores tours en la Alcazaba, el Teatro Romano y el Centro Hist\u00f3rico. Malaga Adventures, visitas guiadas y escolares.\" \/>\n<meta property=\"og:url\" content=\"https:\/\/malagaadventures.com\/es\/\" \/>\n<meta property=\"og:site_name\" content=\"Malaga Adventures\" \/>\n<meta property=\"article:modified_time\" content=\"2025-11-02T09:28:59+00:00\" \/>\n<meta property=\"og:image\" content=\"https:\/\/malagaadventures.com\/wp-content\/uploads\/2020\/04\/home-malaga-adventures-compressor-1-1.jpg\" \/>\n\t<meta property=\"og:image:width\" content=\"1920\" \/>\n\t<meta property=\"og:image:height\" content=\"500\" \/>\n\t<meta property=\"og:image:type\" content=\"image\/jpeg\" \/>\n<meta name=\"twitter:card\" content=\"summary_large_image\" \/>\n<meta name=\"twitter:label1\" content=\"Tiempo de lectura\" \/>\n\t<meta name=\"twitter:data1\" content=\"1 minuto\" \/>\n<script type=\"application\/ld+json\" class=\"yoast-schema-graph\">{\"@context\":\"https:\/\/schema.org\",\"@graph\":[{\"@type\":\"WebPage\",\"@id\":\"https:\/\/malagaadventures.com\/es\/\",\"url\":\"https:\/\/malagaadventures.com\/es\/\",\"name\":\"Malaga Adventures - Tours en M\u00e1laga con gu\u00edas locales\",\"isPartOf\":{\"@id\":\"https:\/\/malagaadventures.com\/es\/#website\"},\"primaryImageOfPage\":{\"@id\":\"https:\/\/malagaadventures.com\/es\/#primaryimage\"},\"image\":{\"@id\":\"https:\/\/malagaadventures.com\/es\/#primaryimage\"},\"thumbnailUrl\":\"https:\/\/malagaadventures.com\/wp-content\/uploads\/2020\/04\/home-malaga-adventures-compressor-1-1.jpg\",\"datePublished\":\"2019-08-10T09:01:48+00:00\",\"dateModified\":\"2025-11-02T09:28:59+00:00\",\"description\":\"Descubre M\u00e1laga con los mejores tours en la Alcazaba, el Teatro Romano y el Centro Hist\u00f3rico. Malaga Adventures, visitas guiadas y escolares.\",\"breadcrumb\":{\"@id\":\"https:\/\/malagaadventures.com\/es\/#breadcrumb\"},\"inLanguage\":\"es\",\"potentialAction\":[{\"@type\":\"ReadAction\",\"target\":[\"https:\/\/malagaadventures.com\/es\/\"]}]},{\"@type\":\"ImageObject\",\"inLanguage\":\"es\",\"@id\":\"https:\/\/malagaadventures.com\/es\/#primaryimage\",\"url\":\"https:\/\/malagaadventures.com\/wp-content\/uploads\/2020\/04\/home-malaga-adventures-compressor-1-1.jpg\",\"contentUrl\":\"https:\/\/malagaadventures.com\/wp-content\/uploads\/2020\/04\/home-malaga-adventures-compressor-1-1.jpg\",\"width\":1920,\"height\":500},{\"@type\":\"BreadcrumbList\",\"@id\":\"https:\/\/malagaadventures.com\/es\/#breadcrumb\",\"itemListElement\":[{\"@type\":\"ListItem\",\"position\":1,\"name\":\"Home\",\"item\":\"https:\/\/malagaadventures.com\/es\/\"},{\"@type\":\"ListItem\",\"position\":2,\"name\":\"M\u00e1laga Adventures\"}]},{\"@type\":\"WebSite\",\"@id\":\"https:\/\/malagaadventures.com\/es\/#website\",\"url\":\"https:\/\/malagaadventures.com\/es\/\",\"name\":\"Malaga Adventures\",\"description\":\"Free tour Malaga, tours privados y visitas escolares\",\"potentialAction\":[{\"@type\":\"SearchAction\",\"target\":{\"@type\":\"EntryPoint\",\"urlTemplate\":\"https:\/\/malagaadventures.com\/es\/?s={search_term_string}\"},\"query-input\":{\"@type\":\"PropertyValueSpecification\",\"valueRequired\":true,\"valueName\":\"search_term_string\"}}],\"inLanguage\":\"es\"}]}<\/script>\n<!-- \/ Yoast SEO plugin. -->","yoast_head_json":{"title":"Malaga Adventures - Tours en M\u00e1laga con gu\u00edas locales","description":"Descubre M\u00e1laga con los mejores tours en la Alcazaba, el Teatro Romano y el Centro Hist\u00f3rico. Malaga Adventures, visitas guiadas y escolares.","robots":{"index":"index","follow":"follow","max-snippet":"max-snippet:-1","max-image-preview":"max-image-preview:large","max-video-preview":"max-video-preview:-1"},"canonical":"https:\/\/malagaadventures.com\/es\/","og_locale":"es_ES","og_type":"article","og_title":"Malaga Adventures - Tours en M\u00e1laga con gu\u00edas locales","og_description":"Descubre M\u00e1laga con los mejores tours en la Alcazaba, el Teatro Romano y el Centro Hist\u00f3rico. Malaga Adventures, visitas guiadas y escolares.","og_url":"https:\/\/malagaadventures.com\/es\/","og_site_name":"Malaga Adventures","article_modified_time":"2025-11-02T09:28:59+00:00","og_image":[{"width":1920,"height":500,"url":"https:\/\/malagaadventures.com\/wp-content\/uploads\/2020\/04\/home-malaga-adventures-compressor-1-1.jpg","type":"image\/jpeg"}],"twitter_card":"summary_large_image","twitter_misc":{"Tiempo de lectura":"1 minuto"},"schema":{"@context":"https:\/\/schema.org","@graph":[{"@type":"WebPage","@id":"https:\/\/malagaadventures.com\/es\/","url":"https:\/\/malagaadventures.com\/es\/","name":"Malaga Adventures - Tours en M\u00e1laga con gu\u00edas locales","isPartOf":{"@id":"https:\/\/malagaadventures.com\/es\/#website"},"primaryImageOfPage":{"@id":"https:\/\/malagaadventures.com\/es\/#primaryimage"},"image":{"@id":"https:\/\/malagaadventures.com\/es\/#primaryimage"},"thumbnailUrl":"https:\/\/malagaadventures.com\/wp-content\/uploads\/2020\/04\/home-malaga-adventures-compressor-1-1.jpg","datePublished":"2019-08-10T09:01:48+00:00","dateModified":"2025-11-02T09:28:59+00:00","description":"Descubre M\u00e1laga con los mejores tours en la Alcazaba, el Teatro Romano y el Centro Hist\u00f3rico. Malaga Adventures, visitas guiadas y escolares.","breadcrumb":{"@id":"https:\/\/malagaadventures.com\/es\/#breadcrumb"},"inLanguage":"es","potentialAction":[{"@type":"ReadAction","target":["https:\/\/malagaadventures.com\/es\/"]}]},{"@type":"ImageObject","inLanguage":"es","@id":"https:\/\/malagaadventures.com\/es\/#primaryimage","url":"https:\/\/malagaadventures.com\/wp-content\/uploads\/2020\/04\/home-malaga-adventures-compressor-1-1.jpg","contentUrl":"https:\/\/malagaadventures.com\/wp-content\/uploads\/2020\/04\/home-malaga-adventures-compressor-1-1.jpg","width":1920,"height":500},{"@type":"BreadcrumbList","@id":"https:\/\/malagaadventures.com\/es\/#breadcrumb","itemListElement":[{"@type":"ListItem","position":1,"name":"Home","item":"https:\/\/malagaadventures.com\/es\/"},{"@type":"ListItem","position":2,"name":"M\u00e1laga Adventures"}]},{"@type":"WebSite","@id":"https:\/\/malagaadventures.com\/es\/#website","url":"https:\/\/malagaadventures.com\/es\/","name":"Malaga Adventures","description":"Free tour Malaga, tours privados y visitas escolares","potentialAction":[{"@type":"SearchAction","target":{"@type":"EntryPoint","urlTemplate":"https:\/\/malagaadventures.com\/es\/?s={search_term_string}"},"query-input":{"@type":"PropertyValueSpecification","valueRequired":true,"valueName":"search_term_string"}}],"inLanguage":"es"}]}},"_hostinger_reach_plugin_has_subscription_block":false,"_hostinger_reach_plugin_is_elementor":false,"_links":{"self":[{"href":"https:\/\/malagaadventures.com\/es\/wp-json\/wp\/v2\/pages\/77","targetHints":{"allow":["GET"]}}],"collection":[{"href":"https:\/\/malagaadventures.com\/es\/wp-json\/wp\/v2\/pages"}],"about":[{"href":"https:\/\/malagaadventures.com\/es\/wp-json\/wp\/v2\/types\/page"}],"author":[{"embeddable":true,"href":"https:\/\/malagaadventures.com\/es\/wp-json\/wp\/v2\/users\/9"}],"replies":[{"embeddable":true,"href":"https:\/\/malagaadventures.com\/es\/wp-json\/wp\/v2\/comments?post=77"}],"version-history":[{"count":24,"href":"https:\/\/malagaadventures.com\/es\/wp-json\/wp\/v2\/pages\/77\/revisions"}],"predecessor-version":[{"id":22465,"href":"https:\/\/malagaadventures.com\/es\/wp-json\/wp\/v2\/pages\/77\/revisions\/22465"}],"wp:featuredmedia":[{"embeddable":true,"href":"https:\/\/malagaadventures.com\/es\/wp-json\/wp\/v2\/media\/13344"}],"wp:attachment":[{"href":"https:\/\/malagaadventures.com\/es\/wp-json\/wp\/v2\/media?parent=77"}],"curies":[{"name":"wp","href":"https:\/\/api.w.org\/{rel}","templated":true}]}}