{"id":13408,"date":"2020-04-14T14:35:27","date_gmt":"2020-04-14T12:35:27","guid":{"rendered":"https:\/\/mediumvioletred-rail-262634.hostingersite.com\/tour-a-malaga\/"},"modified":"2025-11-02T12:54:08","modified_gmt":"2025-11-02T11:54:08","slug":"tour-a-malaga","status":"publish","type":"page","link":"https:\/\/malagaadventures.com\/it\/tour-a-malaga\/","title":{"rendered":"Tour a Malaga"},"content":{"rendered":"","protected":false},"excerpt":{"rendered":"","protected":false},"author":9,"featured_media":0,"parent":0,"menu_order":0,"comment_status":"closed","ping_status":"closed","template":"new-private-tour-page.php","meta":{"_acf_changed":false,"footnotes":""},"class_list":["post-13408","page","type-page","status-publish","hentry"],"acf":[],"yoast_head":"<!-- This site is optimized with the Yoast SEO plugin v26.7 - https:\/\/yoast.com\/wordpress\/plugins\/seo\/ -->\n<title>Scopri la citt\u00e0 con il nostro Tour a Malaga - Malaga Adventures<\/title>\n<meta name=\"description\" content=\"Il Tour a Malaga \u00e8 un&#039;esperienza esclusiva che ti permetter\u00e0 di scoprire la citt\u00e0. Prenota ora questo tour privato e unisciti a questa avventura!\" \/>\n<meta name=\"robots\" content=\"index, follow, max-snippet:-1, max-image-preview:large, max-video-preview:-1\" \/>\n<link rel=\"canonical\" href=\"https:\/\/malagaadventures.com\/it\/tour-a-malaga\/\" \/>\n<meta property=\"og:locale\" content=\"it_IT\" \/>\n<meta property=\"og:type\" content=\"article\" \/>\n<meta property=\"og:title\" content=\"Scopri la citt\u00e0 con il nostro Tour a Malaga - Malaga Adventures\" \/>\n<meta property=\"og:description\" content=\"Il Tour a Malaga \u00e8 un&#039;esperienza esclusiva che ti permetter\u00e0 di scoprire la citt\u00e0. Prenota ora questo tour privato e unisciti a questa avventura!\" \/>\n<meta property=\"og:url\" content=\"https:\/\/malagaadventures.com\/it\/tour-a-malaga\/\" \/>\n<meta property=\"og:site_name\" content=\"Malaga Adventures\" \/>\n<meta property=\"article:modified_time\" content=\"2025-11-02T11:54:08+00:00\" \/>\n<meta name=\"twitter:card\" content=\"summary_large_image\" \/>\n<script type=\"application\/ld+json\" class=\"yoast-schema-graph\">{\"@context\":\"https:\/\/schema.org\",\"@graph\":[{\"@type\":\"WebPage\",\"@id\":\"https:\/\/malagaadventures.com\/it\/tour-a-malaga\/\",\"url\":\"https:\/\/malagaadventures.com\/it\/tour-a-malaga\/\",\"name\":\"Scopri la citt\u00e0 con il nostro Tour a Malaga - Malaga Adventures\",\"isPartOf\":{\"@id\":\"https:\/\/malagaadventures.com\/it\/#website\"},\"datePublished\":\"2020-04-14T12:35:27+00:00\",\"dateModified\":\"2025-11-02T11:54:08+00:00\",\"description\":\"Il Tour a Malaga \u00e8 un'esperienza esclusiva che ti permetter\u00e0 di scoprire la citt\u00e0. Prenota ora questo tour privato e unisciti a questa avventura!\",\"breadcrumb\":{\"@id\":\"https:\/\/malagaadventures.com\/it\/tour-a-malaga\/#breadcrumb\"},\"inLanguage\":\"it-IT\",\"potentialAction\":[{\"@type\":\"ReadAction\",\"target\":[\"https:\/\/malagaadventures.com\/it\/tour-a-malaga\/\"]}]},{\"@type\":\"BreadcrumbList\",\"@id\":\"https:\/\/malagaadventures.com\/it\/tour-a-malaga\/#breadcrumb\",\"itemListElement\":[{\"@type\":\"ListItem\",\"position\":1,\"name\":\"Home\",\"item\":\"https:\/\/malagaadventures.com\/it\/\"},{\"@type\":\"ListItem\",\"position\":2,\"name\":\"Tour a Malaga\"}]},{\"@type\":\"WebSite\",\"@id\":\"https:\/\/malagaadventures.com\/it\/#website\",\"url\":\"https:\/\/malagaadventures.com\/it\/\",\"name\":\"Malaga Adventures\",\"description\":\"Free tour Malaga and private tours malaga\",\"potentialAction\":[{\"@type\":\"SearchAction\",\"target\":{\"@type\":\"EntryPoint\",\"urlTemplate\":\"https:\/\/malagaadventures.com\/it\/?s={search_term_string}\"},\"query-input\":{\"@type\":\"PropertyValueSpecification\",\"valueRequired\":true,\"valueName\":\"search_term_string\"}}],\"inLanguage\":\"it-IT\"}]}<\/script>\n<!-- \/ Yoast SEO plugin. -->","yoast_head_json":{"title":"Scopri la citt\u00e0 con il nostro Tour a Malaga - Malaga Adventures","description":"Il Tour a Malaga \u00e8 un'esperienza esclusiva che ti permetter\u00e0 di scoprire la citt\u00e0. Prenota ora questo tour privato e unisciti a questa avventura!","robots":{"index":"index","follow":"follow","max-snippet":"max-snippet:-1","max-image-preview":"max-image-preview:large","max-video-preview":"max-video-preview:-1"},"canonical":"https:\/\/malagaadventures.com\/it\/tour-a-malaga\/","og_locale":"it_IT","og_type":"article","og_title":"Scopri la citt\u00e0 con il nostro Tour a Malaga - Malaga Adventures","og_description":"Il Tour a Malaga \u00e8 un'esperienza esclusiva che ti permetter\u00e0 di scoprire la citt\u00e0. Prenota ora questo tour privato e unisciti a questa avventura!","og_url":"https:\/\/malagaadventures.com\/it\/tour-a-malaga\/","og_site_name":"Malaga Adventures","article_modified_time":"2025-11-02T11:54:08+00:00","twitter_card":"summary_large_image","schema":{"@context":"https:\/\/schema.org","@graph":[{"@type":"WebPage","@id":"https:\/\/malagaadventures.com\/it\/tour-a-malaga\/","url":"https:\/\/malagaadventures.com\/it\/tour-a-malaga\/","name":"Scopri la citt\u00e0 con il nostro Tour a Malaga - Malaga Adventures","isPartOf":{"@id":"https:\/\/malagaadventures.com\/it\/#website"},"datePublished":"2020-04-14T12:35:27+00:00","dateModified":"2025-11-02T11:54:08+00:00","description":"Il Tour a Malaga \u00e8 un'esperienza esclusiva che ti permetter\u00e0 di scoprire la citt\u00e0. Prenota ora questo tour privato e unisciti a questa avventura!","breadcrumb":{"@id":"https:\/\/malagaadventures.com\/it\/tour-a-malaga\/#breadcrumb"},"inLanguage":"it-IT","potentialAction":[{"@type":"ReadAction","target":["https:\/\/malagaadventures.com\/it\/tour-a-malaga\/"]}]},{"@type":"BreadcrumbList","@id":"https:\/\/malagaadventures.com\/it\/tour-a-malaga\/#breadcrumb","itemListElement":[{"@type":"ListItem","position":1,"name":"Home","item":"https:\/\/malagaadventures.com\/it\/"},{"@type":"ListItem","position":2,"name":"Tour a Malaga"}]},{"@type":"WebSite","@id":"https:\/\/malagaadventures.com\/it\/#website","url":"https:\/\/malagaadventures.com\/it\/","name":"Malaga Adventures","description":"Free tour Malaga and private tours malaga","potentialAction":[{"@type":"SearchAction","target":{"@type":"EntryPoint","urlTemplate":"https:\/\/malagaadventures.com\/it\/?s={search_term_string}"},"query-input":{"@type":"PropertyValueSpecification","valueRequired":true,"valueName":"search_term_string"}}],"inLanguage":"it-IT"}]}},"_hostinger_reach_plugin_has_subscription_block":false,"_hostinger_reach_plugin_is_elementor":false,"_links":{"self":[{"href":"https:\/\/malagaadventures.com\/it\/wp-json\/wp\/v2\/pages\/13408","targetHints":{"allow":["GET"]}}],"collection":[{"href":"https:\/\/malagaadventures.com\/it\/wp-json\/wp\/v2\/pages"}],"about":[{"href":"https:\/\/malagaadventures.com\/it\/wp-json\/wp\/v2\/types\/page"}],"author":[{"embeddable":true,"href":"https:\/\/malagaadventures.com\/it\/wp-json\/wp\/v2\/users\/9"}],"replies":[{"embeddable":true,"href":"https:\/\/malagaadventures.com\/it\/wp-json\/wp\/v2\/comments?post=13408"}],"version-history":[{"count":18,"href":"https:\/\/malagaadventures.com\/it\/wp-json\/wp\/v2\/pages\/13408\/revisions"}],"predecessor-version":[{"id":22500,"href":"https:\/\/malagaadventures.com\/it\/wp-json\/wp\/v2\/pages\/13408\/revisions\/22500"}],"wp:attachment":[{"href":"https:\/\/malagaadventures.com\/it\/wp-json\/wp\/v2\/media?parent=13408"}],"curies":[{"name":"wp","href":"https:\/\/api.w.org\/{rel}","templated":true}]}}