{"id":21965,"date":"2025-07-09T17:25:02","date_gmt":"2025-07-09T15:25:02","guid":{"rendered":"https:\/\/mediumvioletred-rail-262634.hostingersite.com\/domande-frequenti\/"},"modified":"2025-07-09T17:25:02","modified_gmt":"2025-07-09T15:25:02","slug":"domande-frequenti","status":"publish","type":"page","link":"https:\/\/malagaadventures.com\/it\/domande-frequenti\/","title":{"rendered":"Domande frequenti"},"content":{"rendered":"\n<p>In questa pagina troverai le risposte ad alcune delle domande pi\u00f9 frequenti.<br\/><strong>Giorni speciali: domenica pomeriggio a partire dalle 14:00, 27 di settembre, 28 di febbraio e 18 maggio<\/strong>, controlla <a href=\"#diasespeciales\">la sezione specifica<\/a>.<\/p>\n\n<p><strong>1. Cosa succede se arrivo in ritardo al tour?<\/strong><\/p>\n\n<p>\u00c8 molto importante arrivare al punto d\u2019incontro 10 minuti prima dell\u2019inizio del tour, per trovare la tua guida e fare il check-in. <\/p>\n\n<p>Se sei in leggero ritardo, contattaci tramite WhatsApp cos\u00ec possiamo provare a metterci in contatto con la guida.<\/p>\n\n<p>Se hai pi\u00f9 di 15 minuti di ritardo, ti offriamo la possibilit\u00e0 di partecipare al tour successivo disponibile, poich\u00e9, una volta che il gruppo entra nel monumento, non \u00e8 pi\u00f9 possibile unirsi alla visita. <\/p>\n\n<p>Se hai qualche dubbio, puoi consultare la nostra <a href=\"https:\/\/malagaadventures.com\/therms-and-conditions\/\">politica di cancellazione<\/a>.<\/p>\n\n<p><strong>2. Cosa succede se non posso partecipare al tour?<\/strong><\/p>\n\n<p>Se non puoi partecipare al tour, avvisaci tramite WhatsApp cos\u00ec potremo informarti sul prossimo tour disponibile a cui potrai unirti, se interessato. <\/p>\n\n<p>Se hai qualche dubbio, puoi consultare la nostra <a href=\"https:\/\/malagaadventures.com\/therms-and-conditions\/\">politica di cancellazione<\/a>.<\/p>\n\n<p><strong>3. Cosa \u00e8 incluso nel servizio che ho acquistato? <\/strong><\/p>\n\n<p>Hai acquistato un tour guidato dell&#8217;Alcazaba con una guida ufficiale. L\u2019ingresso al monumento \u00e8 incluso nel prezzo. Dovrai perci\u00f2 accedere con la tua guida. Il Castello di Gibralfaro \u00e8 un monumento diverso e NON \u00e8 incluso nel prezzo.  <\/p>\n\n<p><strong>4. In quali lingue \u00e8 disponibile il tour acquistato? <\/strong><\/p>\n\n<p>Il tour \u00e8 disponibile in inglese, italiano o spagnolo. Ti preghiamo di verificare e prenotare la lingua corretta per il tour.  <\/p>\n\n<p><strong>5. Quanto dura la visita?<\/strong><\/p>\n\n<p>Il tour dura circa un\u2019ora e mezza. <\/p>\n\n<p><strong>6. Dove posso parcheggiare? <\/strong><\/p>\n\n<p>Ti informiamo che parcheggiare nel centro storico di Malaga \u00e8 piuttosto complicato. Ti consigliamo di raggiungere il punto d\u2019incontro con i mezzi pubblici o a piedi. Se arrivi in auto, ti suggeriamo di verificare le opzioni di trasporto pubblico disponibili.  <\/p>\n\n<p><strong>7. Accessibilit\u00e0 del monumento<\/strong><\/p>\n\n<p>L&#8217;Alcazaba non \u00e8 adatta a persone con problemi di mobilit\u00e0 o mobilit\u00e0 ridotta. Non adatto per persone in sedia a rotelle. <\/p>\n\n<p><strong>8. Gli animali sono ammessi nell&#8217;Alcazaba?<\/strong><\/p>\n\n<p>Gli animali non sono ammessi nell&#8217;Alcazaba. Solo i cani guida sono autorizzati a entrare. <\/p>\n\n<p><strong>9. Qual \u00e8 il punto di incontro?<\/strong><\/p>\n\n<p>Il punto di incontro \u00e8 in Calle Alcazabilla, vicino alla piramide di vetro di fronte al Teatro Romano. L\u00ec incontrerai le guide con un ombrello rosso.<\/p>\n\n<p><strong>10. Come posso riconoscere la guida turistica?<\/strong><\/p>\n\n<p>Le nostre guide turistiche saranno al punto di incontro con un ombrello rosso. <\/p>\n\n<p id=\"diasespeciales\"><strong>11. Giorni speciali <\/strong><\/p>\n\n<p>Se hai prenotato il tour guidato per la domenica pomeriggio, il 27 settembre, il 28 febbraio o il 18 maggio, hai acquistato solo la visita guidata, poich\u00e9 l\u2019ingresso al monumento \u00e8 gratuito.<\/p>\n\n<hr class=\"wp-block-separator has-alpha-channel-opacity\"\/>\n\n<div style=\"height:30px\" aria-hidden=\"true\" class=\"wp-block-spacer\"><\/div>\n\n<p>Se hai ancora domande, puoi contattarci tramite Whatsapp e un membro del nostro team ti risponder\u00e0 il prima possibile.<\/p>\n\n<p><br\/><\/p>\n","protected":false},"excerpt":{"rendered":"<p>In questa pagina troverai le risposte ad alcune delle domande pi\u00f9 frequenti.Giorni speciali: domenica pomeriggio a partire dalle 14:00, 27 di settembre, 28 di febbraio e 18 maggio, controlla la sezione specifica. 1. Cosa succede se arrivo in ritardo al tour? \u00c8 molto importante arrivare al punto d\u2019incontro 10 minuti prima dell\u2019inizio del tour, per [&hellip;]<\/p>\n","protected":false},"author":9,"featured_media":0,"parent":0,"menu_order":0,"comment_status":"closed","ping_status":"closed","template":"","meta":{"_acf_changed":false,"footnotes":""},"class_list":["post-21965","page","type-page","status-publish","hentry"],"acf":[],"yoast_head":"<!-- This site is optimized with the Yoast SEO plugin v26.7 - https:\/\/yoast.com\/wordpress\/plugins\/seo\/ -->\n<title>Domande frequenti - Malaga Adventures<\/title>\n<meta name=\"description\" content=\"In questa pagina troverai le risposte ad alcune delle domande frequenti.\" \/>\n<meta name=\"robots\" content=\"index, follow, max-snippet:-1, max-image-preview:large, max-video-preview:-1\" \/>\n<link rel=\"canonical\" href=\"https:\/\/malagaadventures.com\/it\/domande-frequenti\/\" \/>\n<meta property=\"og:locale\" content=\"it_IT\" \/>\n<meta property=\"og:type\" content=\"article\" \/>\n<meta property=\"og:title\" content=\"Domande frequenti - Malaga Adventures\" \/>\n<meta property=\"og:description\" content=\"In questa pagina troverai le risposte ad alcune delle domande frequenti.\" \/>\n<meta property=\"og:url\" content=\"https:\/\/malagaadventures.com\/it\/domande-frequenti\/\" \/>\n<meta property=\"og:site_name\" content=\"Malaga Adventures\" \/>\n<meta name=\"twitter:card\" content=\"summary_large_image\" \/>\n<meta name=\"twitter:label1\" content=\"Tempo di lettura stimato\" \/>\n\t<meta name=\"twitter:data1\" content=\"2 minuti\" \/>\n<script type=\"application\/ld+json\" class=\"yoast-schema-graph\">{\"@context\":\"https:\/\/schema.org\",\"@graph\":[{\"@type\":\"WebPage\",\"@id\":\"https:\/\/malagaadventures.com\/it\/domande-frequenti\/\",\"url\":\"https:\/\/malagaadventures.com\/it\/domande-frequenti\/\",\"name\":\"Domande frequenti - Malaga Adventures\",\"isPartOf\":{\"@id\":\"https:\/\/malagaadventures.com\/it\/#website\"},\"datePublished\":\"2025-07-09T15:25:02+00:00\",\"description\":\"In questa pagina troverai le risposte ad alcune delle domande frequenti.\",\"breadcrumb\":{\"@id\":\"https:\/\/malagaadventures.com\/it\/domande-frequenti\/#breadcrumb\"},\"inLanguage\":\"it-IT\",\"potentialAction\":[{\"@type\":\"ReadAction\",\"target\":[\"https:\/\/malagaadventures.com\/it\/domande-frequenti\/\"]}]},{\"@type\":\"BreadcrumbList\",\"@id\":\"https:\/\/malagaadventures.com\/it\/domande-frequenti\/#breadcrumb\",\"itemListElement\":[{\"@type\":\"ListItem\",\"position\":1,\"name\":\"Home\",\"item\":\"https:\/\/malagaadventures.com\/it\/\"},{\"@type\":\"ListItem\",\"position\":2,\"name\":\"Domande frequenti\"}]},{\"@type\":\"WebSite\",\"@id\":\"https:\/\/malagaadventures.com\/it\/#website\",\"url\":\"https:\/\/malagaadventures.com\/it\/\",\"name\":\"Malaga Adventures\",\"description\":\"Free tour Malaga and private tours malaga\",\"potentialAction\":[{\"@type\":\"SearchAction\",\"target\":{\"@type\":\"EntryPoint\",\"urlTemplate\":\"https:\/\/malagaadventures.com\/it\/?s={search_term_string}\"},\"query-input\":{\"@type\":\"PropertyValueSpecification\",\"valueRequired\":true,\"valueName\":\"search_term_string\"}}],\"inLanguage\":\"it-IT\"}]}<\/script>\n<!-- \/ Yoast SEO plugin. -->","yoast_head_json":{"title":"Domande frequenti - Malaga Adventures","description":"In questa pagina troverai le risposte ad alcune delle domande frequenti.","robots":{"index":"index","follow":"follow","max-snippet":"max-snippet:-1","max-image-preview":"max-image-preview:large","max-video-preview":"max-video-preview:-1"},"canonical":"https:\/\/malagaadventures.com\/it\/domande-frequenti\/","og_locale":"it_IT","og_type":"article","og_title":"Domande frequenti - Malaga Adventures","og_description":"In questa pagina troverai le risposte ad alcune delle domande frequenti.","og_url":"https:\/\/malagaadventures.com\/it\/domande-frequenti\/","og_site_name":"Malaga Adventures","twitter_card":"summary_large_image","twitter_misc":{"Tempo di lettura stimato":"2 minuti"},"schema":{"@context":"https:\/\/schema.org","@graph":[{"@type":"WebPage","@id":"https:\/\/malagaadventures.com\/it\/domande-frequenti\/","url":"https:\/\/malagaadventures.com\/it\/domande-frequenti\/","name":"Domande frequenti - Malaga Adventures","isPartOf":{"@id":"https:\/\/malagaadventures.com\/it\/#website"},"datePublished":"2025-07-09T15:25:02+00:00","description":"In questa pagina troverai le risposte ad alcune delle domande frequenti.","breadcrumb":{"@id":"https:\/\/malagaadventures.com\/it\/domande-frequenti\/#breadcrumb"},"inLanguage":"it-IT","potentialAction":[{"@type":"ReadAction","target":["https:\/\/malagaadventures.com\/it\/domande-frequenti\/"]}]},{"@type":"BreadcrumbList","@id":"https:\/\/malagaadventures.com\/it\/domande-frequenti\/#breadcrumb","itemListElement":[{"@type":"ListItem","position":1,"name":"Home","item":"https:\/\/malagaadventures.com\/it\/"},{"@type":"ListItem","position":2,"name":"Domande frequenti"}]},{"@type":"WebSite","@id":"https:\/\/malagaadventures.com\/it\/#website","url":"https:\/\/malagaadventures.com\/it\/","name":"Malaga Adventures","description":"Free tour Malaga and private tours malaga","potentialAction":[{"@type":"SearchAction","target":{"@type":"EntryPoint","urlTemplate":"https:\/\/malagaadventures.com\/it\/?s={search_term_string}"},"query-input":{"@type":"PropertyValueSpecification","valueRequired":true,"valueName":"search_term_string"}}],"inLanguage":"it-IT"}]}},"_hostinger_reach_plugin_has_subscription_block":false,"_hostinger_reach_plugin_is_elementor":false,"_links":{"self":[{"href":"https:\/\/malagaadventures.com\/it\/wp-json\/wp\/v2\/pages\/21965","targetHints":{"allow":["GET"]}}],"collection":[{"href":"https:\/\/malagaadventures.com\/it\/wp-json\/wp\/v2\/pages"}],"about":[{"href":"https:\/\/malagaadventures.com\/it\/wp-json\/wp\/v2\/types\/page"}],"author":[{"embeddable":true,"href":"https:\/\/malagaadventures.com\/it\/wp-json\/wp\/v2\/users\/9"}],"replies":[{"embeddable":true,"href":"https:\/\/malagaadventures.com\/it\/wp-json\/wp\/v2\/comments?post=21965"}],"version-history":[{"count":1,"href":"https:\/\/malagaadventures.com\/it\/wp-json\/wp\/v2\/pages\/21965\/revisions"}],"predecessor-version":[{"id":21966,"href":"https:\/\/malagaadventures.com\/it\/wp-json\/wp\/v2\/pages\/21965\/revisions\/21966"}],"wp:attachment":[{"href":"https:\/\/malagaadventures.com\/it\/wp-json\/wp\/v2\/media?parent=21965"}],"curies":[{"name":"wp","href":"https:\/\/api.w.org\/{rel}","templated":true}]}}