{"id":21967,"date":"2025-07-09T17:45:32","date_gmt":"2025-07-09T15:45:32","guid":{"rendered":"https:\/\/mediumvioletred-rail-262634.hostingersite.com\/avviso-legale\/"},"modified":"2025-07-09T17:45:32","modified_gmt":"2025-07-09T15:45:32","slug":"avviso-legale","status":"publish","type":"page","link":"https:\/\/malagaadventures.com\/it\/avviso-legale\/","title":{"rendered":"Avviso legale"},"content":{"rendered":"<p>[pdrgpd-aviso-legal]<\/p>\n\n<p>Le seguenti clausole regolano l\u2019accesso al sito web situato all\u2019indirizzo Internet www.mediumvioletred-rail-262634.hostingersite.com, nonch\u00e9 ai profili sui social network collegati dalla pagina principale (di seguito, il \u201cSito Web\u201d), il cui proprietario \u00e8 Enrique Jos\u00e9 Mart\u00edn, con NIF 44599103X, con sede legale in Calle Carril de Castell n\u00ba5 CP 29016 M\u00e1laga (Spagna) (di seguito, il \u201cPROPRIETARIO\u201d), e, dall\u2019altra parte, la persona che accede a questo Sito Web (di seguito, l\u2019\u201cUTENTE\u201d).<\/p>\n<ul>\n<li><strong>Condizioni d&#8217;uso<\/strong><\/li>\n<\/ul>\n<p>Lo scopo del sito web www.mediumvioletred-rail-262634.hostingersite.com \u00e8 fornire al pubblico informazioni sulle attivit\u00e0 svolte da questa organizzazione e sui prodotti e servizi offerti per lo sviluppo della sua attivit\u00e0. L\u2019utilizzo di qualsiasi funzionalit\u00e0 del sito implica l\u2019accettazione espressa e completa delle condizioni qui indicate, fatti salvi eventuali condizioni particolari che possano applicarsi a specifici servizi offerti tramite il sito.<br>Il PROPRIETARIO del sito si riserva il diritto di apportare, in qualsiasi momento e senza preavviso, modifiche e aggiornamenti alle informazioni contenute nel sito o alla sua configurazione e presentazione. Al fine di mantenere aggiornate le informazioni pubblicate, i contenuti potranno essere modificati, corretti, eliminati o integrati in qualsiasi momento; pertanto, si consiglia di verificarne la validit\u00e0 o accuratezza consultando fonti ufficiali.<br>L\u2019UTENTE accetta espressamente tutte le clausole legali del presente avviso legale, la politica sulla privacy, i termini e condizioni, nonch\u00e9 tutte le condizioni specifiche per l\u2019utilizzo di determinati servizi. Se non si accetta una qualsiasi delle clausole sopra indicate, si invita a non utilizzare il sito web.<br>L\u2019UTENTE che accede a questo sito assume la qualifica di utente, impegnandosi a rispettare le clausole qui riportate e qualsiasi altra disposizione legale applicabile. Diventando follower di uno qualsiasi dei profili Malaga Adventures sui social network collegati a questo sito, l\u2019UTENTE accetta di rispettare le condizioni e le politiche degli stessi.<br>Il PROPRIETARIO si riserva il diritto di modificare qualsiasi clausola o informazione presente sul sito. Si ricorda agli UTENTI maggiorenni che sono responsabili esclusivi nel determinare quali servizi e contenuti siano appropriati per i minori sotto la loro tutela, e che esistono programmi informatici in grado di filtrare o bloccare l\u2019accesso a determinati contenuti e servizi.         <\/p>\n<ul>\n<li><strong>Responsabilit\u00e0<\/strong><\/li>\n<\/ul>\n<p>Il PROPRIETARIO del sito web non garantisce l\u2019assenza di errori nell\u2019accesso al sito, nel suo contenuto, n\u00e9 che esso sia aggiornato, anche se far\u00e0 il possibile per evitare, correggere o aggiornare tali errori quando necessario. Sia l\u2019accesso al sito web sia l\u2019uso delle informazioni in esso contenute sono a esclusiva responsabilit\u00e0 dell\u2019UTENTE.<br>Il PROPRIETARIO del sito non \u00e8 responsabile delle informazioni e dei contenuti memorizzati, inclusi, ma non limitati a, forum, chat, blog, commenti, social network o qualsiasi altro mezzo che consenta a terzi di pubblicare contenuti in modo indipendente su www.mediumvioletred-rail-262634.hostingersite.com.<br>Tuttavia, in conformit\u00e0 a quanto previsto dalla normativa vigente, il PROPRIETARIO \u00e8 a disposizione di tutti gli utenti, delle autorit\u00e0 e delle forze di sicurezza, collaborando attivamente alla rimozione o al blocco di ogni contenuto che possa violare la legge nazionale o internazionale, i diritti di terzi, la morale o l\u2019ordine pubblico.<br>Nel caso in cui l\u2019UTENTE ritenga che vi siano contenuti sul sito web suscettibili di tale classificazione, \u00e8 pregato di contattare il PROPRIETARIO del sito.<br>Il PROPRIETARIO non si assume alcuna responsabilit\u00e0 per le risposte inviate tramite i diversi indirizzi e-mail presenti sul sito, pertanto non potranno in nessun caso derivarne effetti giuridici vincolanti.<br>Il PROPRIETARIO declina ogni responsabilit\u00e0 riguardo ai contenuti pubblicati da terzi su questo sito web. Se l\u2019UTENTE ritiene che vi siano contenuti illeciti, \u00e8 tenuto a segnalarlo.<br>Il PROPRIETARIO non \u00e8 responsabile dei contenuti di terzi ai quali si venga reindirizzati da questo sito.        <\/p>\n<ul>\n<li><strong>Propriet\u00e0 intellettuale e industriale<\/strong><\/li>\n<\/ul>\n<p>Tutti gli elementi che compongono il sito web, cos\u00ec come la sua struttura, design, codice sorgente, loghi, marchi e altri segni distintivi che vi compaiono, sono di propriet\u00e0 del PROPRIETARIO e sono protetti dai corrispondenti diritti di propriet\u00e0 intellettuale e industriale. Allo stesso modo, le immagini e gli altri elementi grafici contenuti nel sito sono tutelati dai corrispondenti diritti di propriet\u00e0 intellettuale e industriale.<br>Il proprietario del sito web vieta espressamente il framing o l\u2019uso da parte di terzi di qualsiasi altro meccanismo che alteri il design, la configurazione originale o i contenuti del nostro sito.<br>L\u2019uso dei contenuti deve rispettarne le specifiche licenze. Pertanto, \u00e8 vietato senza previa ed espressa autorizzazione del proprietario del sito qualsiasi uso, riproduzione, distribuzione, comunicazione pubblica, trasformazione o qualsiasi altra attivit\u00e0 simile o analoga.<br>\u00c8 autorizzata solo la riproduzione totale o parziale dei testi e dei contenuti forniti dal sito a condizione che tutte le seguenti condizioni siano rispettate:<br>venga mantenuta l\u2019integrit\u00e0 dei contenuti, documenti o elementi grafici;<br>venga espressamente citato il proprietario del sito come fonte e origine del contenuto;<br>lo scopo e la finalit\u00e0 di tale uso siano compatibili con gli obiettivi del sito e\/o con l\u2019attivit\u00e0 del proprietario del sito; non sia previsto alcun uso commerciale, e sia espressamente vietata la distribuzione, comunicazione pubblica, trasformazione o alterazione.<br>Qualsiasi altro utilizzo deve essere preventivamente e espressamente comunicato e autorizzato dal proprietario del sito.<br>Per quanto riguarda le citazioni di prodotti e servizi di terzi, il proprietario del sito riconosce i corrispondenti diritti di propriet\u00e0 industriale e intellettuale a favore dei rispettivi titolari, e la loro semplice menzione o apparizione sul sito non implica l\u2019esistenza di alcun diritto n\u00e9 alcuna responsabilit\u00e0 nei loro confronti, n\u00e9 costituisce alcun tipo di approvazione, sponsorizzazione o raccomandazione.<br>Il proprietario del sito dichiara il proprio rispetto per i diritti di propriet\u00e0 intellettuale e industriale di terzi; pertanto, qualora riteniate che il nostro sito possa violare i vostri diritti, vi preghiamo di contattare il proprietario del sito.<br>I contenuti non appartenenti a M\u00e1laga Adventures che potrebbero apparire su questo sito appartengono ai rispettivi proprietari, i quali sono responsabili per eventuali autorizzazioni a terzi.            <\/p>\n<ul>\n<li><strong>Links o hyperlinks<\/strong><\/li>\n<\/ul>\n<p>I link contenuti nel nostro sito web possono condurre a contenuti web di terzi. Lo scopo di questi link \u00e8 unicamente quello di facilitarti nella ricerca di risorse che potrebbero interessarti su Internet. Tuttavia, queste pagine non appartengono al proprietario del sito, n\u00e9 ne verifica i contenuti; pertanto, il proprietario del sito non assume alcuna responsabilit\u00e0 per i contenuti, le informazioni o i servizi che possono comparire su tali siti, che sono solo a scopo informativo e in nessun caso implicano alcun rapporto tra il proprietario del sito e le persone o entit\u00e0 titolari di tali contenuti o dei siti in cui si trovano.<br>Il proprietario del sito non pu\u00f2 essere ritenuto responsabile per il funzionamento della pagina linkata n\u00e9 per eventuali danni derivanti dall\u2019accesso o dall\u2019uso della stessa.<br>I link verso il sito www.mediumvioletred-rail-262634.hostingersite.com devono rispettare le seguenti condizioni:<br>L\u2019istituzione del link non implica alcun tipo di accordo, contratto, sponsorizzazione o raccomandazione da parte di www.mediumvioletred-rail-262634.hostingersite.com della pagina che effettua il link.<br>Il sito web sul quale \u00e8 inserito l\u2019iperlink non deve contenere informazioni con contenuti illeciti, discriminatori, contrari ai principi etici generalmente accettati o contrari all\u2019ordine pubblico, n\u00e9 deve contenere contenuti contrari a diritti di terzi.<br>Il proprietario del sito pu\u00f2 richiedere la rimozione di un link al proprio sito senza doverne fornire alcuna motivazione. In tal caso, la pagina che ha effettuato il link dovr\u00e0 procedere alla sua immediata rimozione non appena ricever\u00e0 la notifica dal proprietario del sito.<br>Il proprietario del sito non \u00e8 in alcun modo responsabile n\u00e9 garantisce la chiarezza, accuratezza, affidabilit\u00e0, correttezza o moralit\u00e0 dei contenuti o servizi che l\u2019istituzione dell\u2019iperlink possa offrire.<br>L\u2019utente assume la piena responsabilit\u00e0 per qualsiasi conseguenza, danno o azione che possa derivare dall\u2019accesso al sito web collegato tramite l\u2019iperlink.<br>La pagina web su cui \u00e8 stabilito l\u2019iperlink non pu\u00f2 contenere marchi, nomi, loghi, slogan o altri segni distintivi appartenenti al proprietario del sito, salvo quelli che facciano parte integrante dell\u2019iperlink stesso.          <\/p>\n<ul>\n<li><strong>Disponibilit\u00e0 del sito web<\/strong><\/li>\n<\/ul>\n<p>Malaga Adventures non garantisce l\u2019assenza di interruzioni o errori nell\u2019accesso al sito web e ai suoi contenuti, n\u00e9 che questi siano sempre aggiornati, anche se far\u00e0 il massimo sforzo per evitarli, correggerli o aggiornarli, a seconda dei casi. Di conseguenza, il PROPRIETARIO non sar\u00e0 responsabile per danni di qualsiasi tipo causati all\u2019UTENTE a seguito di guasti o disconnessioni nelle reti di telecomunicazione che comportino la sospensione, cancellazione o interruzione del servizio del Portale durante o prima della sua erogazione.<br>Il PROPRIETARIO esclude, salvo le eccezioni previste dalla normativa vigente, qualsiasi responsabilit\u00e0 per danni di qualsiasi tipo che possano derivare dalla mancanza di disponibilit\u00e0, continuit\u00e0 o qualit\u00e0 del funzionamento delle pagine e dei contenuti, o dal mancato soddisfacimento delle aspettative di utilit\u00e0 che gli utenti possano aver attribuito alle pagine e ai contenuti.<br>La funzione degli hyperlink presenti su questo sito web \u00e8 esclusivamente quella di informare l\u2019utente dell\u2019esistenza di altri siti web che contengono informazioni sull\u2019argomento. Tali hyperlink non costituiscono alcun suggerimento o raccomandazione.<br>Il PROPRIETARIO non \u00e8 inoltre responsabile per eventuali errori di sicurezza che possano verificarsi, n\u00e9 per danni che possano essere causati al sistema informatico dell\u2019utente (hardware e software), o ai file o documenti in esso memorizzati, a seguito di:<br>La presenza di un virus nel computer dell\u2019utente utilizzato per connettersi ai servizi e ai contenuti del sito web.<br>Un malfunzionamento del browser o l\u2019uso di versioni non aggiornate dello stesso.<br>Il PROPRIETARIO non risponde per i contenuti delle pagine collegate, per il funzionamento o l\u2019utilit\u00e0 degli hyperlink, n\u00e9 garantisce l\u2019assenza di virus o altri elementi che possano causare alterazioni nel sistema informatico dell\u2019utente (hardware e software), nei documenti o nei file, escludendo ogni responsabilit\u00e0 per danni di qualsiasi tipo causati all\u2019utente per questo motivo.<br>L\u2019accesso al sito web non implica alcun obbligo da parte del PROPRIETARIO di controllare l\u2019assenza di virus, worm o altri elementi informatici dannosi. \u00c8 responsabilit\u00e0 dell\u2019UTENTE disporre degli strumenti adeguati per la rilevazione e la disinfezione di programmi informatici dannosi; pertanto, il PROPRIETARIO non \u00e8 responsabile per eventuali errori di sicurezza verificatisi durante la fornitura del servizio del sito, n\u00e9 per eventuali danni che possano essere causati al sistema informatico dell\u2019utente o di terzi (hardware e software), ai file o documenti in esso memorizzati, a seguito della presenza di virus nel computer dell\u2019utente, di malfunzionamenti del browser o dell\u2019uso di versioni non aggiornate dello stesso.         <\/p>\n<ul>\n<li><strong>Qualit\u00e1 del sito web<\/strong><\/li>\n<\/ul>\n<p>Considerando l\u2019ambiente dinamico e in continua evoluzione delle informazioni e dei servizi forniti tramite il Sito Web, il PROPRIETARIO si impegna al massimo, ma non garantisce la completa veridicit\u00e0, accuratezza, affidabilit\u00e0, utilit\u00e0 e\/o tempestivit\u00e0 dei contenuti. Le informazioni contenute nelle pagine che compongono questo Portale hanno unicamente scopo informativo, consulenziale, divulgativo e pubblicitario. In nessun caso tali informazioni costituiscono o hanno il carattere di un impegno vincolante o contrattuale.<br>Il PROPRIETARIO esclude ogni responsabilit\u00e0 per le decisioni che l\u2019UTENTE possa assumere basandosi su tali informazioni, cos\u00ec come per eventuali errori tipografici che possano essere contenuti nei documenti e nelle immagini presenti nelle pagine. Le informazioni sono soggette a possibili modifiche periodiche senza preavviso, a causa di ampliamenti, miglioramenti, correzioni o aggiornamenti dei contenuti.    <\/p>\n<ul>\n<li><strong>Disponibilit\u00e0 dei contenuti<\/strong><\/li>\n<\/ul>\n<p>La fornitura del servizio del sito web e dei suoi contenuti ha, in linea di principio, durata indefinita. Tuttavia, il PROPRIETARIO \u00e8 autorizzato a terminare o sospendere la fornitura del servizio del sito web e\/o di uno qualsiasi dei contenuti in qualsiasi momento. Ogniqualvolta sia ragionevolmente possibile, Malaga Adventures dar\u00e0 un preavviso della cessazione o sospensione del sito web.  <\/p>\n<ul>\n<li><strong>Protezione dei dati personali<\/strong><\/li>\n<\/ul>\n<p>Nel caso in cui vengano raccolti, trattati o conservati dati personali, ci\u00f2 avverr\u00e0 in conformit\u00e0 con l\u2019Informativa sulla Privacy pubblicata sul sito web, che pu\u00f2 essere consultata nel footer del sito stesso.<\/p>\n<ul>\n<li><strong>Propriet\u00e0 del sito web<\/strong><\/li>\n<\/ul>\n<p>Website owner: Enrique Jos\u00e9 Martin Bustos <br>Indirizzo: Calle Carril de Castell n.5 1A <br>Contatto: Tel. +34 699756864 <br>Email:info@mediumvioletred-rail-262634.hostingersite.com <br>Attivit\u00e0: Servizi turistici <\/p>\n<ul>\n<li><strong>Modifica dell\u2019Avviso Legale<\/strong><\/li>\n<\/ul>\n<p>Al fine di migliorare le prestazioni del Sito Web, il TITOLARE si riserva il diritto di effettuare, in qualsiasi momento e senza preavviso, modifiche e aggiornamenti alle informazioni contenute nel Sito Web, alla configurazione e al design dello stesso, nonch\u00e9 al presente avviso legale e a qualsiasi altra condizione specifica.<br>Pertanto, l\u2019UTENTE \u00e8 tenuto a leggere l\u2019Avviso Legale ogni volta che accede al Sito Web. <\/p>\n<ul>\n<li><strong>Giurisdizione<\/strong><\/li>\n<\/ul>\n<p>Per qualsiasi domanda che possa sorgere riguardo all\u2019interpretazione, applicazione ed esecuzione del presente Avviso Legale, nonch\u00e9 per qualsiasi reclamo derivante dal suo utilizzo, tutte le parti coinvolte si sottopongono alla giurisdizione dei Tribunali di Malaga, Spagna, rinunciando espressamente a qualsiasi altra giurisdizione a cui potrebbero avere diritto.<\/p>\n<ul>\n<li><strong>Legge applicabile<\/strong><\/li>\n<\/ul>\n<p>La legge applicabile in caso di controversia o conflitto di interpretazione delle clausole che compongono questo Avviso Legale, cos\u00ec come per qualsiasi questione relativa ai servizi di questo Portale, sar\u00e0 la legge spagnola. Tutti i diritti d\u2019autore sono riservati ai sensi delle leggi e dei trattati internazionali sulla propriet\u00e0 intellettuale. \u00c8 espressamente vietata la copia, riproduzione o diffusione, totale o parziale, con qualsiasi mezzo, senza il previo consenso scritto espresso del PROPRIETARIO.  <\/p>\n","protected":false},"excerpt":{"rendered":"","protected":false},"author":9,"featured_media":0,"parent":0,"menu_order":0,"comment_status":"closed","ping_status":"closed","template":"","meta":{"_acf_changed":false,"footnotes":""},"class_list":["post-21967","page","type-page","status-publish","hentry"],"acf":[],"yoast_head":"<!-- This site is optimized with the Yoast SEO plugin v26.7 - https:\/\/yoast.com\/wordpress\/plugins\/seo\/ -->\n<title>Avviso legale - Malaga Adventures<\/title>\n<meta name=\"robots\" content=\"index, follow, max-snippet:-1, max-image-preview:large, max-video-preview:-1\" \/>\n<link rel=\"canonical\" href=\"https:\/\/malagaadventures.com\/it\/avviso-legale\/\" \/>\n<meta property=\"og:locale\" content=\"it_IT\" \/>\n<meta property=\"og:type\" content=\"article\" \/>\n<meta property=\"og:title\" content=\"Avviso legale - Malaga Adventures\" \/>\n<meta property=\"og:url\" content=\"https:\/\/malagaadventures.com\/it\/avviso-legale\/\" \/>\n<meta property=\"og:site_name\" content=\"Malaga Adventures\" \/>\n<meta name=\"twitter:card\" content=\"summary_large_image\" \/>\n<meta name=\"twitter:label1\" content=\"Tempo di lettura stimato\" \/>\n\t<meta name=\"twitter:data1\" content=\"11 minuti\" \/>\n<script type=\"application\/ld+json\" class=\"yoast-schema-graph\">{\"@context\":\"https:\/\/schema.org\",\"@graph\":[{\"@type\":\"WebPage\",\"@id\":\"https:\/\/malagaadventures.com\/it\/avviso-legale\/\",\"url\":\"https:\/\/malagaadventures.com\/it\/avviso-legale\/\",\"name\":\"Avviso legale - Malaga Adventures\",\"isPartOf\":{\"@id\":\"https:\/\/malagaadventures.com\/it\/#website\"},\"datePublished\":\"2025-07-09T15:45:32+00:00\",\"breadcrumb\":{\"@id\":\"https:\/\/malagaadventures.com\/it\/avviso-legale\/#breadcrumb\"},\"inLanguage\":\"it-IT\",\"potentialAction\":[{\"@type\":\"ReadAction\",\"target\":[\"https:\/\/malagaadventures.com\/it\/avviso-legale\/\"]}]},{\"@type\":\"BreadcrumbList\",\"@id\":\"https:\/\/malagaadventures.com\/it\/avviso-legale\/#breadcrumb\",\"itemListElement\":[{\"@type\":\"ListItem\",\"position\":1,\"name\":\"Home\",\"item\":\"https:\/\/malagaadventures.com\/it\/\"},{\"@type\":\"ListItem\",\"position\":2,\"name\":\"Avviso legale\"}]},{\"@type\":\"WebSite\",\"@id\":\"https:\/\/malagaadventures.com\/it\/#website\",\"url\":\"https:\/\/malagaadventures.com\/it\/\",\"name\":\"Malaga Adventures\",\"description\":\"Free tour Malaga and private tours malaga\",\"potentialAction\":[{\"@type\":\"SearchAction\",\"target\":{\"@type\":\"EntryPoint\",\"urlTemplate\":\"https:\/\/malagaadventures.com\/it\/?s={search_term_string}\"},\"query-input\":{\"@type\":\"PropertyValueSpecification\",\"valueRequired\":true,\"valueName\":\"search_term_string\"}}],\"inLanguage\":\"it-IT\"}]}<\/script>\n<!-- \/ Yoast SEO plugin. -->","yoast_head_json":{"title":"Avviso legale - Malaga Adventures","robots":{"index":"index","follow":"follow","max-snippet":"max-snippet:-1","max-image-preview":"max-image-preview:large","max-video-preview":"max-video-preview:-1"},"canonical":"https:\/\/malagaadventures.com\/it\/avviso-legale\/","og_locale":"it_IT","og_type":"article","og_title":"Avviso legale - Malaga Adventures","og_url":"https:\/\/malagaadventures.com\/it\/avviso-legale\/","og_site_name":"Malaga Adventures","twitter_card":"summary_large_image","twitter_misc":{"Tempo di lettura stimato":"11 minuti"},"schema":{"@context":"https:\/\/schema.org","@graph":[{"@type":"WebPage","@id":"https:\/\/malagaadventures.com\/it\/avviso-legale\/","url":"https:\/\/malagaadventures.com\/it\/avviso-legale\/","name":"Avviso legale - Malaga Adventures","isPartOf":{"@id":"https:\/\/malagaadventures.com\/it\/#website"},"datePublished":"2025-07-09T15:45:32+00:00","breadcrumb":{"@id":"https:\/\/malagaadventures.com\/it\/avviso-legale\/#breadcrumb"},"inLanguage":"it-IT","potentialAction":[{"@type":"ReadAction","target":["https:\/\/malagaadventures.com\/it\/avviso-legale\/"]}]},{"@type":"BreadcrumbList","@id":"https:\/\/malagaadventures.com\/it\/avviso-legale\/#breadcrumb","itemListElement":[{"@type":"ListItem","position":1,"name":"Home","item":"https:\/\/malagaadventures.com\/it\/"},{"@type":"ListItem","position":2,"name":"Avviso legale"}]},{"@type":"WebSite","@id":"https:\/\/malagaadventures.com\/it\/#website","url":"https:\/\/malagaadventures.com\/it\/","name":"Malaga Adventures","description":"Free tour Malaga and private tours malaga","potentialAction":[{"@type":"SearchAction","target":{"@type":"EntryPoint","urlTemplate":"https:\/\/malagaadventures.com\/it\/?s={search_term_string}"},"query-input":{"@type":"PropertyValueSpecification","valueRequired":true,"valueName":"search_term_string"}}],"inLanguage":"it-IT"}]}},"_hostinger_reach_plugin_has_subscription_block":false,"_hostinger_reach_plugin_is_elementor":false,"_links":{"self":[{"href":"https:\/\/malagaadventures.com\/it\/wp-json\/wp\/v2\/pages\/21967","targetHints":{"allow":["GET"]}}],"collection":[{"href":"https:\/\/malagaadventures.com\/it\/wp-json\/wp\/v2\/pages"}],"about":[{"href":"https:\/\/malagaadventures.com\/it\/wp-json\/wp\/v2\/types\/page"}],"author":[{"embeddable":true,"href":"https:\/\/malagaadventures.com\/it\/wp-json\/wp\/v2\/users\/9"}],"replies":[{"embeddable":true,"href":"https:\/\/malagaadventures.com\/it\/wp-json\/wp\/v2\/comments?post=21967"}],"version-history":[{"count":1,"href":"https:\/\/malagaadventures.com\/it\/wp-json\/wp\/v2\/pages\/21967\/revisions"}],"predecessor-version":[{"id":21968,"href":"https:\/\/malagaadventures.com\/it\/wp-json\/wp\/v2\/pages\/21967\/revisions\/21968"}],"wp:attachment":[{"href":"https:\/\/malagaadventures.com\/it\/wp-json\/wp\/v2\/media?parent=21967"}],"curies":[{"name":"wp","href":"https:\/\/api.w.org\/{rel}","templated":true}]}}