{"id":21971,"date":"2025-07-09T18:10:48","date_gmt":"2025-07-09T16:10:48","guid":{"rendered":"https:\/\/mediumvioletred-rail-262634.hostingersite.com\/termini-e-condizioni\/"},"modified":"2025-07-09T18:10:48","modified_gmt":"2025-07-09T16:10:48","slug":"termini-e-condizioni","status":"publish","type":"page","link":"https:\/\/malagaadventures.com\/it\/termini-e-condizioni\/","title":{"rendered":"Termini e Condizioni"},"content":{"rendered":"\n<p>I siti web Malaga Adventures (www.mediumvioletred-rail-262634.hostingersite.com) e Alcazaba Malaga (www.alcazabamalaga.com) appartengono all\u2019attivit\u00e0 di Enrique Jos\u00e9 Mart\u00edn Bustos, con NIF 44599103X e sede legale in Calle Carril de Castell n\u00ba5, CP 29016, M\u00e1laga (Spagna), e sono dedicati all\u2019offerta di visite guidate e tour didattici nella citt\u00e0 di M\u00e1laga.<\/p>\n\n<p>www.alcazabamalaga.com non \u00e8 il sito ufficiale dell&#8217;Alcazaba di Malaga e non ha alcun rapporto con nessuna organizzazione ufficiale ad essa collegata.<\/p>\n\n<h2 class=\"wp-block-heading\"><strong>Politica di cancellazione<\/strong><\/h2>\n\n<p>Se la cancellazione \u00e8 <strong> responsabilit\u00e0 dell&#8217;impresa<\/strong>, offriremo una data e un orario alternativi, dando al cliente la possibilit\u00e0 di partecipare a un altro tour disponibile senza alcun costo aggiuntivo. Se non sar\u00e0 possibile trovare una soluzione adeguata, rimborseremo l\u2019intero importo. <\/p>\n\n<p>Se la cancellazione \u00e8 <strong>responsabilit\u00e0 del cliente<\/strong>:<\/p>\n\n<ul class=\"wp-block-list\">\n<li>Se la cancellazione avviene con almeno 15 giorni di anticipo, riceverai il rimborso del 100% dell\u2019importo (escluse le eventuali spese di gestione del rimborso).<\/li>\n\n\n\n<li>Se la cancellazione avviene tra 14 e 8 giorni prima, riceverai il 70% dell\u2019importo.<\/li>\n\n\n\n<li>Se la cancellazione avviene 7 giorni prima, verr\u00e0 rimborsato il 50% dell\u2019importo.<\/li>\n\n\n\n<li>Se la cancellazione avviene a meno di 7 giorni dalla data prenotata, non sar\u00e0 previsto alcun rimborso, ma sar\u00e0 possibile riprogrammare la visita guidata in un altro orario. <\/li>\n\n\n\n<li>Non verr\u00e0 effettuato alcun rimborso in caso di ritardo al punto di incontro o mancata presentazione. <\/li>\n\n\n\n<li>I rimborsi non saranno concessi dopo l\u2019orario di inizio del tour, indipendentemente dalle circostanze. <\/li>\n\n\n\n<li>Se la cancellazione viene richiesta lo stesso giorno dell\u2019acquisto, il rimborso dipender\u00e0 dalla data del tour prenotato, tenendo conto delle condizioni sopra indicate.<\/li>\n\n\n\n<li>Se cambi la data della tua prenotazione e poi decidi di cancellare la visita, non sar\u00e0 possibile ottenere alcun rimborso.<br\/><\/li>\n<\/ul>\n\n<p>Per poter controllare la tua richiesta, per favore <strong>invia un&#8217; email a<\/strong> <strong>booking@mediumvioletred-rail-262634.hostingersite.com<\/strong> con il tuo nome, numero di prenotazione e dettagli, un membro del nostro team ti contatter\u00e0 il prima possibile.<\/p>\n\n<h2 class=\"wp-block-heading\">Tours a pagamento<\/h2>\n\n<p>I tour a pagamento hanno un prezzo fisso. \u00c8 necessario prenotare, e le prenotazioni vengono accettate almeno 1 ora prima della partenza del tour. Se non hai prenotato in anticipo ma vuoi partecipare, ti consigliamo di contattarci per verificare la disponibilit\u00e0.  <\/p>\n\n<p>Si raccomanda vivamente di arrivare al punto di incontro almeno 10 minuti prima dell\u2019inizio del tour, in modo da avere il tempo di incontrare la guida. Quando sar\u00e0 l\u2019ora di iniziare, la guida dar\u00e0 inizio al tour con il gruppo. Se non ti trovi al punto di incontro all\u2019orario stabilito, ti preghiamo di contattare l\u2019ufficio per ricevere indicazioni.  <\/p>\n\n<p>I tour a pagamento iniziano con le persone che hanno prenotato.<br\/><br\/>Come regola generale, questi tour verranno cancellati solo in due situazioni: in caso di condizioni meteorologiche estreme oppure se non viene raggiunto il numero minimo di partecipanti (5 persone) in una delle lingue. Tuttavia, si tratta di situazioni rare e la compagnia offrir\u00e0 sempre una data e un orario alternativi per il tour. <\/p>\n\n<h2 class=\"wp-block-heading\">Tour privati<\/h2>\n\n<p>I tour privati sono tour organizzati su richiesta del cliente. Si tratta di visite guidate in cui il cliente avr\u00e0 una guida privata a sua disposizione, senza la presenza di partecipanti esterni al gruppo gi\u00e0 formato. Le prenotazioni devono essere effettuate via e-mail e saranno considerate confermate solo dopo che tutti i dettagli richiesti dalla compagnia saranno stati forniti.  <\/p>\n\n<p>La visita privata include esclusivamente quanto specificato al momento della prenotazione.<\/p>\n\n<p>Se siete un gruppo di oltre 30 persone, tenete presente che il gruppo verr\u00e0 diviso in due per rispettare la normativa vigente. In Spagna, infatti, i gruppi non possono superare le 30 persone. Di conseguenza, ci saranno due guide o pi\u00f9, a seconda del numero totale di partecipanti. In questo modo sar\u00e0 anche molto pi\u00f9 facile ascoltare e seguire la guida con attenzione.   <\/p>\n\n<p>Se il gruppo arriva in ritardo, faremo il possibile per svolgere la visita guidata come previsto. Qualora ci\u00f2 non fosse possibile, la visita verr\u00e0 adattata al tempo disponibile. <\/p>\n\n<h2 class=\"wp-block-heading\">Informazioni generali <\/h2>\n\n<ul class=\"wp-block-list\">\n<li><strong>La partecipazione \u00e8 volontaria. <\/strong> Sia la guida che M\u00c1LAGA ADVENTURES si riservano il diritto di rifiutare l&#8217;ammissione per qualsiasi motivo e in qualsiasi momento.<\/li>\n\n\n\n<li><strong>In ogni attivit\u00e0 esiste un certo livello di rischio.<\/strong> In M\u00c1LAGA ADVENTURES facciamo del nostro meglio per ridurlo al minimo. M\u00c1LAGA ADVENTURES e i suoi dipendenti non sono responsabili per incidenti, danni, perdite o furti che possano verificarsi durante il tour.  <\/li>\n\n\n\n<li><strong>Privacy<\/strong>: M\u00c1LAGA ADVENTURES non vende le tue informazioni personali ad altre aziende. Ci riserviamo il diritto di utilizzare i tuoi dati per campagne di marketing e motivi operativi. <\/li>\n\n\n\n<li><strong>Contact information<\/strong>: Per qualsiasi domanda, contatta il nostro ufficio tramite WhatsApp al numero +34 699756864 oppure via email all\u2019indirizzo info@mediumvioletred-rail-262634.hostingersite.com.<\/li>\n<\/ul>\n","protected":false},"excerpt":{"rendered":"<p>I siti web Malaga Adventures (www.mediumvioletred-rail-262634.hostingersite.com) e Alcazaba Malaga (www.alcazabamalaga.com) appartengono all\u2019attivit\u00e0 di Enrique Jos\u00e9 Mart\u00edn Bustos, con NIF 44599103X e sede legale in Calle Carril de Castell n\u00ba5, CP 29016, M\u00e1laga (Spagna), e sono dedicati all\u2019offerta di visite guidate e tour didattici nella citt\u00e0 di M\u00e1laga. www.alcazabamalaga.com non \u00e8 il sito ufficiale dell&#8217;Alcazaba di [&hellip;]<\/p>\n","protected":false},"author":9,"featured_media":0,"parent":0,"menu_order":0,"comment_status":"closed","ping_status":"closed","template":"","meta":{"_acf_changed":false,"footnotes":""},"class_list":["post-21971","page","type-page","status-publish","hentry"],"acf":[],"yoast_head":"<!-- This site is optimized with the Yoast SEO plugin v26.7 - https:\/\/yoast.com\/wordpress\/plugins\/seo\/ -->\n<title>Termini e Condizioni - Malaga Adventures<\/title>\n<meta name=\"robots\" content=\"index, follow, max-snippet:-1, max-image-preview:large, max-video-preview:-1\" \/>\n<link rel=\"canonical\" href=\"https:\/\/malagaadventures.com\/it\/termini-e-condizioni\/\" \/>\n<meta property=\"og:locale\" content=\"it_IT\" \/>\n<meta property=\"og:type\" content=\"article\" \/>\n<meta property=\"og:title\" content=\"Termini e Condizioni - Malaga Adventures\" \/>\n<meta property=\"og:description\" content=\"I siti web Malaga Adventures (www.mediumvioletred-rail-262634.hostingersite.com) e Alcazaba Malaga (www.alcazabamalaga.com) appartengono all\u2019attivit\u00e0 di Enrique Jos\u00e9 Mart\u00edn Bustos, con NIF 44599103X e sede legale in Calle Carril de Castell n\u00ba5, CP 29016, M\u00e1laga (Spagna), e sono dedicati all\u2019offerta di visite guidate e tour didattici nella citt\u00e0 di M\u00e1laga. www.alcazabamalaga.com non \u00e8 il sito ufficiale dell&#8217;Alcazaba di [&hellip;]\" \/>\n<meta property=\"og:url\" content=\"https:\/\/malagaadventures.com\/it\/termini-e-condizioni\/\" \/>\n<meta property=\"og:site_name\" content=\"Malaga Adventures\" \/>\n<meta name=\"twitter:card\" content=\"summary_large_image\" \/>\n<meta name=\"twitter:label1\" content=\"Tempo di lettura stimato\" \/>\n\t<meta name=\"twitter:data1\" content=\"4 minuti\" \/>\n<script type=\"application\/ld+json\" class=\"yoast-schema-graph\">{\"@context\":\"https:\/\/schema.org\",\"@graph\":[{\"@type\":\"WebPage\",\"@id\":\"https:\/\/malagaadventures.com\/it\/termini-e-condizioni\/\",\"url\":\"https:\/\/malagaadventures.com\/it\/termini-e-condizioni\/\",\"name\":\"Termini e Condizioni - Malaga Adventures\",\"isPartOf\":{\"@id\":\"https:\/\/malagaadventures.com\/it\/#website\"},\"datePublished\":\"2025-07-09T16:10:48+00:00\",\"breadcrumb\":{\"@id\":\"https:\/\/malagaadventures.com\/it\/termini-e-condizioni\/#breadcrumb\"},\"inLanguage\":\"it-IT\",\"potentialAction\":[{\"@type\":\"ReadAction\",\"target\":[\"https:\/\/malagaadventures.com\/it\/termini-e-condizioni\/\"]}]},{\"@type\":\"BreadcrumbList\",\"@id\":\"https:\/\/malagaadventures.com\/it\/termini-e-condizioni\/#breadcrumb\",\"itemListElement\":[{\"@type\":\"ListItem\",\"position\":1,\"name\":\"Home\",\"item\":\"https:\/\/malagaadventures.com\/it\/\"},{\"@type\":\"ListItem\",\"position\":2,\"name\":\"Termini e Condizioni\"}]},{\"@type\":\"WebSite\",\"@id\":\"https:\/\/malagaadventures.com\/it\/#website\",\"url\":\"https:\/\/malagaadventures.com\/it\/\",\"name\":\"Malaga Adventures\",\"description\":\"Free tour Malaga and private tours malaga\",\"potentialAction\":[{\"@type\":\"SearchAction\",\"target\":{\"@type\":\"EntryPoint\",\"urlTemplate\":\"https:\/\/malagaadventures.com\/it\/?s={search_term_string}\"},\"query-input\":{\"@type\":\"PropertyValueSpecification\",\"valueRequired\":true,\"valueName\":\"search_term_string\"}}],\"inLanguage\":\"it-IT\"}]}<\/script>\n<!-- \/ Yoast SEO plugin. -->","yoast_head_json":{"title":"Termini e Condizioni - Malaga Adventures","robots":{"index":"index","follow":"follow","max-snippet":"max-snippet:-1","max-image-preview":"max-image-preview:large","max-video-preview":"max-video-preview:-1"},"canonical":"https:\/\/malagaadventures.com\/it\/termini-e-condizioni\/","og_locale":"it_IT","og_type":"article","og_title":"Termini e Condizioni - Malaga Adventures","og_description":"I siti web Malaga Adventures (www.mediumvioletred-rail-262634.hostingersite.com) e Alcazaba Malaga (www.alcazabamalaga.com) appartengono all\u2019attivit\u00e0 di Enrique Jos\u00e9 Mart\u00edn Bustos, con NIF 44599103X e sede legale in Calle Carril de Castell n\u00ba5, CP 29016, M\u00e1laga (Spagna), e sono dedicati all\u2019offerta di visite guidate e tour didattici nella citt\u00e0 di M\u00e1laga. www.alcazabamalaga.com non \u00e8 il sito ufficiale dell&#8217;Alcazaba di [&hellip;]","og_url":"https:\/\/malagaadventures.com\/it\/termini-e-condizioni\/","og_site_name":"Malaga Adventures","twitter_card":"summary_large_image","twitter_misc":{"Tempo di lettura stimato":"4 minuti"},"schema":{"@context":"https:\/\/schema.org","@graph":[{"@type":"WebPage","@id":"https:\/\/malagaadventures.com\/it\/termini-e-condizioni\/","url":"https:\/\/malagaadventures.com\/it\/termini-e-condizioni\/","name":"Termini e Condizioni - Malaga Adventures","isPartOf":{"@id":"https:\/\/malagaadventures.com\/it\/#website"},"datePublished":"2025-07-09T16:10:48+00:00","breadcrumb":{"@id":"https:\/\/malagaadventures.com\/it\/termini-e-condizioni\/#breadcrumb"},"inLanguage":"it-IT","potentialAction":[{"@type":"ReadAction","target":["https:\/\/malagaadventures.com\/it\/termini-e-condizioni\/"]}]},{"@type":"BreadcrumbList","@id":"https:\/\/malagaadventures.com\/it\/termini-e-condizioni\/#breadcrumb","itemListElement":[{"@type":"ListItem","position":1,"name":"Home","item":"https:\/\/malagaadventures.com\/it\/"},{"@type":"ListItem","position":2,"name":"Termini e Condizioni"}]},{"@type":"WebSite","@id":"https:\/\/malagaadventures.com\/it\/#website","url":"https:\/\/malagaadventures.com\/it\/","name":"Malaga Adventures","description":"Free tour Malaga and private tours malaga","potentialAction":[{"@type":"SearchAction","target":{"@type":"EntryPoint","urlTemplate":"https:\/\/malagaadventures.com\/it\/?s={search_term_string}"},"query-input":{"@type":"PropertyValueSpecification","valueRequired":true,"valueName":"search_term_string"}}],"inLanguage":"it-IT"}]}},"_hostinger_reach_plugin_has_subscription_block":false,"_hostinger_reach_plugin_is_elementor":false,"_links":{"self":[{"href":"https:\/\/malagaadventures.com\/it\/wp-json\/wp\/v2\/pages\/21971","targetHints":{"allow":["GET"]}}],"collection":[{"href":"https:\/\/malagaadventures.com\/it\/wp-json\/wp\/v2\/pages"}],"about":[{"href":"https:\/\/malagaadventures.com\/it\/wp-json\/wp\/v2\/types\/page"}],"author":[{"embeddable":true,"href":"https:\/\/malagaadventures.com\/it\/wp-json\/wp\/v2\/users\/9"}],"replies":[{"embeddable":true,"href":"https:\/\/malagaadventures.com\/it\/wp-json\/wp\/v2\/comments?post=21971"}],"version-history":[{"count":1,"href":"https:\/\/malagaadventures.com\/it\/wp-json\/wp\/v2\/pages\/21971\/revisions"}],"predecessor-version":[{"id":21972,"href":"https:\/\/malagaadventures.com\/it\/wp-json\/wp\/v2\/pages\/21971\/revisions\/21972"}],"wp:attachment":[{"href":"https:\/\/malagaadventures.com\/it\/wp-json\/wp\/v2\/media?parent=21971"}],"curies":[{"name":"wp","href":"https:\/\/api.w.org\/{rel}","templated":true}]}}