{"id":350,"date":"2019-08-10T09:01:48","date_gmt":"2019-08-10T09:01:48","guid":{"rendered":"http:\/\/mediumvioletred-rail-262634.hostingersite.com\/front-page\/"},"modified":"2025-10-23T17:33:33","modified_gmt":"2025-10-23T15:33:33","slug":"front-page","status":"publish","type":"page","link":"https:\/\/malagaadventures.com\/it\/","title":{"rendered":"Malaga Adventures"},"content":{"rendered":"\r\n<h2 class=\"wp-block-heading\">Free Walking Tour<\/h2>\r\n\r\n\r\n\r\n<p>Con questa visita guidata della citt\u00e0, tu decidi il prezzo alla fine del tour. Qui a Malaga Adventures organizziamo free tour ogni giorno.<\/p>\r\n\r\n\r\n\r\n<p>Partecipare ad un tour dovrebbe essere divertente ed interessante. Per questo motivo, dato che \u00e8 la prima esperienza con noi, preferiamo che tu decida il costo in base al grado di soddisfazione.<\/p>\r\n\r\n\r\n\r\n<p>Siamo sicuri che questo sar\u00e0 il miglior <a href=\"https:\/\/malagaadventures.com\/it\/free-tour\/\">Free Walking Tour<\/a> della tua vacanza.<\/p>\r\n\r\n\r\n\r\n<h2 class=\"wp-block-heading\">Alcazaba Tour<\/h2>\r\n\r\n\r\n\r\n<p>L\u2019Alcazaba \u00e8 uno dei monumento pi\u00f9 importante della citt\u00e0 e non puoi lasciare Malaga senza averla visitata con il nostro Alcazaba Tour.<\/p>\r\n\r\n\r\n\r\n<p>Le nostre guide turistiche di Malaga Adventures ti spiegheranno la storia di Al-Andalus, l\u2019arte islamica del palazzo Nasride, la sua inespugnabile fortezze la simbologia dei suoi bellissimi giardini pieni di fonti.<\/p>\r\n\r\n\r\n\r\n<p>\u00c8 una delle migliori visite di Malaga!<\/p>\r\n\r\n\r\n\r\n<h2 class=\"wp-block-heading\">Tour privato<\/h2>\r\n\r\n\r\n\r\n<p>\u00c8 la migliore opzione per gruppi d\u2019amici, famiglie o colleghi che voglio divertirsi scoprendo Malaga.<\/p>\r\n\r\n\r\n\r\n<p>I nostri tour privati hanno il miglior rapporto qualit\u00e0\/prezzo. Adattiamo il tour in base alle necessit\u00e0 del gruppo (tempo d\u2019inizio, interessi, bisogni).<\/p>\r\n\r\n\r\n\r\n<p>Puoi personalizzare il tour includendo ad esempio la visita all\u2019Alcazaba, una degustazione di tapas o uno spettacolo di flamenco.<\/p>\r\n\r\n\r\n\r\n<h2 class=\"wp-block-heading\">Visite scolastiche<\/h2>\r\n\r\n\r\n\r\n<p>Ogni anno riceviamo pi\u00f9 di 100 scuole spagnole e non che ci scelgono per realizzare un tour con noi, visite scolastiche o escursioni in Andalusia.<\/p>\r\n\r\n\r\n\r\n<p>Siamo la miglior compagnia ad organizzare visite per studenti che, siamo sicuri, si divertiranno un sacco ad imparare con noi.<\/p>\r\n\r\n\r\n\r\n<h2 class=\"wp-block-heading\">Avventure<\/h2>\r\n\r\n\r\n\r\n<p>Malaga Adventures non \u00e8 famosa solo per i suoi tour ma anche per le sue<strong> incredibili esperienze mirate a scoprire la bellezza della natura e delle spiagge di Malaga<\/strong>. Il miglior modo per disconnettere dal turismo culturale!<\/p>\r\n\r\n\r\n\r\n<h3 class=\"wp-block-heading\">Trekking: Escursione al Monte di Gibralfaro o al Monte San Anton<\/h3>\r\n\r\n\r\n\r\n<p>Le nostre escursioni sono perfette per tutte le et\u00e0, a meno che tu non abbia alcuni problemi di mobilit\u00e0.<\/p>\r\n\r\n\r\n\r\n<p>Lo scopo di queste attivit\u00e0 \u00e8 di raggiungere la cima della montagna da dove si pu\u00f2 ammirare un incredibile tramonto, fare un picnic e godere di un bellissimo paesaggio.\u00a0<\/p>\r\n\r\n\r\n\r\n<h3 class=\"wp-block-heading\">BBQ sulla spiaggia<\/h3>\r\n\r\n\r\n\r\n<p>Non \u00e8 lo stesso recarsi\u00a0alla Malagueta per prendere il sole come qualsiasi altro turista o venire a uno dei nostri <strong>BBQ<\/strong>.\u00a0<\/p>\r\n\r\n\r\n\r\n<p>Organizziamo questi eventi su un&#8217;incantevole spiaggia dove potrete stringere nuove amicizie e avere la possibilit\u00e0 di <strong>giocare a volley ball<\/strong> oppure usufruire dei nostri <strong>kayak<\/strong> e <strong>paddle surf<\/strong>.<\/p>\r\n\r\n\r\n\r\n<p>Sei pronto per unirti alle nostre avventure?<\/p>\r\n\r\n\r\n\r\n<p>&nbsp;<\/p>\r\n\r\n\r\n","protected":false},"excerpt":{"rendered":"<p>Free Walking Tour Con questa visita guidata della citt\u00e0, tu decidi il prezzo alla fine del tour. Qui a Malaga Adventures organizziamo free tour ogni giorno. Partecipare ad un tour dovrebbe essere divertente ed interessante. Per questo motivo, dato che \u00e8 la prima esperienza con noi, preferiamo che tu decida il costo in base al [&hellip;]<\/p>\n","protected":false},"author":9,"featured_media":6001,"parent":0,"menu_order":0,"comment_status":"closed","ping_status":"closed","template":"","meta":{"_acf_changed":false,"footnotes":""},"class_list":["post-350","page","type-page","status-publish","has-post-thumbnail","hentry"],"acf":[],"yoast_head":"<!-- This site is optimized with the Yoast SEO plugin v26.7 - https:\/\/yoast.com\/wordpress\/plugins\/seo\/ -->\n<title>Free tour &amp; Walking Tour in Malaga City - Malaga Adventures<\/title>\n<meta name=\"description\" content=\"Siamo Malaga Adventures, e organizziamo tour a Malaga e in Andalusia. Unisciti a noi e vai all&#039;avventura con Malaga Adventures!\" \/>\n<meta name=\"robots\" content=\"index, follow, max-snippet:-1, max-image-preview:large, max-video-preview:-1\" \/>\n<link rel=\"canonical\" href=\"https:\/\/malagaadventures.com\/it\/\" \/>\n<meta property=\"og:locale\" content=\"it_IT\" \/>\n<meta property=\"og:type\" content=\"article\" \/>\n<meta property=\"og:title\" content=\"Free tour &amp; Walking Tour in Malaga City - Malaga Adventures\" \/>\n<meta property=\"og:description\" content=\"Siamo Malaga Adventures, e organizziamo tour a Malaga e in Andalusia. Unisciti a noi e vai all&#039;avventura con Malaga Adventures!\" \/>\n<meta property=\"og:url\" content=\"https:\/\/malagaadventures.com\/it\/\" \/>\n<meta property=\"og:site_name\" content=\"Malaga Adventures\" \/>\n<meta property=\"article:modified_time\" content=\"2025-10-23T15:33:33+00:00\" \/>\n<meta property=\"og:image\" content=\"https:\/\/malagaadventures.com\/wp-content\/uploads\/2020\/01\/home-malaga-adventures.jpg\" \/>\n\t<meta property=\"og:image:width\" content=\"1920\" \/>\n\t<meta property=\"og:image:height\" content=\"500\" \/>\n\t<meta property=\"og:image:type\" content=\"image\/jpeg\" \/>\n<meta name=\"twitter:card\" content=\"summary_large_image\" \/>\n<meta name=\"twitter:label1\" content=\"Tempo di lettura stimato\" \/>\n\t<meta name=\"twitter:data1\" content=\"2 minuti\" \/>\n<script type=\"application\/ld+json\" class=\"yoast-schema-graph\">{\"@context\":\"https:\/\/schema.org\",\"@graph\":[{\"@type\":\"WebPage\",\"@id\":\"https:\/\/malagaadventures.com\/it\/\",\"url\":\"https:\/\/malagaadventures.com\/it\/\",\"name\":\"Free tour & Walking Tour in Malaga City - Malaga Adventures\",\"isPartOf\":{\"@id\":\"https:\/\/malagaadventures.com\/it\/#website\"},\"primaryImageOfPage\":{\"@id\":\"https:\/\/malagaadventures.com\/it\/#primaryimage\"},\"image\":{\"@id\":\"https:\/\/malagaadventures.com\/it\/#primaryimage\"},\"thumbnailUrl\":\"https:\/\/malagaadventures.com\/wp-content\/uploads\/2020\/01\/home-malaga-adventures.jpg\",\"datePublished\":\"2019-08-10T09:01:48+00:00\",\"dateModified\":\"2025-10-23T15:33:33+00:00\",\"description\":\"Siamo Malaga Adventures, e organizziamo tour a Malaga e in Andalusia. Unisciti a noi e vai all'avventura con Malaga Adventures!\",\"breadcrumb\":{\"@id\":\"https:\/\/malagaadventures.com\/it\/#breadcrumb\"},\"inLanguage\":\"it-IT\",\"potentialAction\":[{\"@type\":\"ReadAction\",\"target\":[\"https:\/\/malagaadventures.com\/it\/\"]}]},{\"@type\":\"ImageObject\",\"inLanguage\":\"it-IT\",\"@id\":\"https:\/\/malagaadventures.com\/it\/#primaryimage\",\"url\":\"https:\/\/malagaadventures.com\/wp-content\/uploads\/2020\/01\/home-malaga-adventures.jpg\",\"contentUrl\":\"https:\/\/malagaadventures.com\/wp-content\/uploads\/2020\/01\/home-malaga-adventures.jpg\",\"width\":1920,\"height\":500,\"caption\":\"Home Malga Adventurese\"},{\"@type\":\"BreadcrumbList\",\"@id\":\"https:\/\/malagaadventures.com\/it\/#breadcrumb\",\"itemListElement\":[{\"@type\":\"ListItem\",\"position\":1,\"name\":\"Home\",\"item\":\"https:\/\/malagaadventures.com\/it\/\"},{\"@type\":\"ListItem\",\"position\":2,\"name\":\"Malaga Adventures\"}]},{\"@type\":\"WebSite\",\"@id\":\"https:\/\/malagaadventures.com\/it\/#website\",\"url\":\"https:\/\/malagaadventures.com\/it\/\",\"name\":\"Malaga Adventures\",\"description\":\"Free tour Malaga and private tours malaga\",\"potentialAction\":[{\"@type\":\"SearchAction\",\"target\":{\"@type\":\"EntryPoint\",\"urlTemplate\":\"https:\/\/malagaadventures.com\/it\/?s={search_term_string}\"},\"query-input\":{\"@type\":\"PropertyValueSpecification\",\"valueRequired\":true,\"valueName\":\"search_term_string\"}}],\"inLanguage\":\"it-IT\"}]}<\/script>\n<!-- \/ Yoast SEO plugin. -->","yoast_head_json":{"title":"Free tour & Walking Tour in Malaga City - Malaga Adventures","description":"Siamo Malaga Adventures, e organizziamo tour a Malaga e in Andalusia. Unisciti a noi e vai all'avventura con Malaga Adventures!","robots":{"index":"index","follow":"follow","max-snippet":"max-snippet:-1","max-image-preview":"max-image-preview:large","max-video-preview":"max-video-preview:-1"},"canonical":"https:\/\/malagaadventures.com\/it\/","og_locale":"it_IT","og_type":"article","og_title":"Free tour & Walking Tour in Malaga City - Malaga Adventures","og_description":"Siamo Malaga Adventures, e organizziamo tour a Malaga e in Andalusia. Unisciti a noi e vai all'avventura con Malaga Adventures!","og_url":"https:\/\/malagaadventures.com\/it\/","og_site_name":"Malaga Adventures","article_modified_time":"2025-10-23T15:33:33+00:00","og_image":[{"width":1920,"height":500,"url":"https:\/\/malagaadventures.com\/wp-content\/uploads\/2020\/01\/home-malaga-adventures.jpg","type":"image\/jpeg"}],"twitter_card":"summary_large_image","twitter_misc":{"Tempo di lettura stimato":"2 minuti"},"schema":{"@context":"https:\/\/schema.org","@graph":[{"@type":"WebPage","@id":"https:\/\/malagaadventures.com\/it\/","url":"https:\/\/malagaadventures.com\/it\/","name":"Free tour & Walking Tour in Malaga City - Malaga Adventures","isPartOf":{"@id":"https:\/\/malagaadventures.com\/it\/#website"},"primaryImageOfPage":{"@id":"https:\/\/malagaadventures.com\/it\/#primaryimage"},"image":{"@id":"https:\/\/malagaadventures.com\/it\/#primaryimage"},"thumbnailUrl":"https:\/\/malagaadventures.com\/wp-content\/uploads\/2020\/01\/home-malaga-adventures.jpg","datePublished":"2019-08-10T09:01:48+00:00","dateModified":"2025-10-23T15:33:33+00:00","description":"Siamo Malaga Adventures, e organizziamo tour a Malaga e in Andalusia. Unisciti a noi e vai all'avventura con Malaga Adventures!","breadcrumb":{"@id":"https:\/\/malagaadventures.com\/it\/#breadcrumb"},"inLanguage":"it-IT","potentialAction":[{"@type":"ReadAction","target":["https:\/\/malagaadventures.com\/it\/"]}]},{"@type":"ImageObject","inLanguage":"it-IT","@id":"https:\/\/malagaadventures.com\/it\/#primaryimage","url":"https:\/\/malagaadventures.com\/wp-content\/uploads\/2020\/01\/home-malaga-adventures.jpg","contentUrl":"https:\/\/malagaadventures.com\/wp-content\/uploads\/2020\/01\/home-malaga-adventures.jpg","width":1920,"height":500,"caption":"Home Malga Adventurese"},{"@type":"BreadcrumbList","@id":"https:\/\/malagaadventures.com\/it\/#breadcrumb","itemListElement":[{"@type":"ListItem","position":1,"name":"Home","item":"https:\/\/malagaadventures.com\/it\/"},{"@type":"ListItem","position":2,"name":"Malaga Adventures"}]},{"@type":"WebSite","@id":"https:\/\/malagaadventures.com\/it\/#website","url":"https:\/\/malagaadventures.com\/it\/","name":"Malaga Adventures","description":"Free tour Malaga and private tours malaga","potentialAction":[{"@type":"SearchAction","target":{"@type":"EntryPoint","urlTemplate":"https:\/\/malagaadventures.com\/it\/?s={search_term_string}"},"query-input":{"@type":"PropertyValueSpecification","valueRequired":true,"valueName":"search_term_string"}}],"inLanguage":"it-IT"}]}},"_hostinger_reach_plugin_has_subscription_block":false,"_hostinger_reach_plugin_is_elementor":false,"_links":{"self":[{"href":"https:\/\/malagaadventures.com\/it\/wp-json\/wp\/v2\/pages\/350","targetHints":{"allow":["GET"]}}],"collection":[{"href":"https:\/\/malagaadventures.com\/it\/wp-json\/wp\/v2\/pages"}],"about":[{"href":"https:\/\/malagaadventures.com\/it\/wp-json\/wp\/v2\/types\/page"}],"author":[{"embeddable":true,"href":"https:\/\/malagaadventures.com\/it\/wp-json\/wp\/v2\/users\/9"}],"replies":[{"embeddable":true,"href":"https:\/\/malagaadventures.com\/it\/wp-json\/wp\/v2\/comments?post=350"}],"version-history":[{"count":9,"href":"https:\/\/malagaadventures.com\/it\/wp-json\/wp\/v2\/pages\/350\/revisions"}],"predecessor-version":[{"id":22388,"href":"https:\/\/malagaadventures.com\/it\/wp-json\/wp\/v2\/pages\/350\/revisions\/22388"}],"wp:featuredmedia":[{"embeddable":true,"href":"https:\/\/malagaadventures.com\/it\/wp-json\/wp\/v2\/media\/6001"}],"wp:attachment":[{"href":"https:\/\/malagaadventures.com\/it\/wp-json\/wp\/v2\/media?parent=350"}],"curies":[{"name":"wp","href":"https:\/\/api.w.org\/{rel}","templated":true}]}}