{"id":408,"date":"2019-08-10T09:42:57","date_gmt":"2019-08-10T09:42:57","guid":{"rendered":"http:\/\/mediumvioletred-rail-262634.hostingersite.com\/alcazaba-tour\/"},"modified":"2026-01-20T16:39:50","modified_gmt":"2026-01-20T15:39:50","slug":"alcazaba-tour","status":"publish","type":"page","link":"https:\/\/malagaadventures.com\/it\/alcazaba-tour\/","title":{"rendered":"Alcazaba tour"},"content":{"rendered":"","protected":false},"excerpt":{"rendered":"","protected":false},"author":9,"featured_media":6075,"parent":0,"menu_order":0,"comment_status":"closed","ping_status":"closed","template":"new-tour-page.php","meta":{"_acf_changed":false,"footnotes":""},"class_list":["post-408","page","type-page","status-publish","has-post-thumbnail","hentry"],"acf":[],"yoast_head":"<!-- This site is optimized with the Yoast SEO plugin v26.7 - https:\/\/yoast.com\/wordpress\/plugins\/seo\/ -->\n<title>Alcazaba Tour in Malaga - Malaga Adventures<\/title>\n<meta name=\"description\" content=\"&quot;Chi non ha fatto il tour dell&#039;Alcazaba, non pu\u00f2 dire di essere stato a Malaga!&quot; \u00c8 sicuramente il monumento pi\u00f9 rappresentativo della citt\u00e0.\" \/>\n<meta name=\"robots\" content=\"index, follow, max-snippet:-1, max-image-preview:large, max-video-preview:-1\" \/>\n<link rel=\"canonical\" href=\"https:\/\/malagaadventures.com\/it\/alcazaba-tour\/\" \/>\n<meta property=\"og:locale\" content=\"it_IT\" \/>\n<meta property=\"og:type\" content=\"article\" \/>\n<meta property=\"og:title\" content=\"Alcazaba Tour in Malaga - Malaga Adventures\" \/>\n<meta property=\"og:description\" content=\"&quot;Chi non ha fatto il tour dell&#039;Alcazaba, non pu\u00f2 dire di essere stato a Malaga!&quot; \u00c8 sicuramente il monumento pi\u00f9 rappresentativo della citt\u00e0.\" \/>\n<meta property=\"og:url\" content=\"https:\/\/malagaadventures.com\/it\/alcazaba-tour\/\" \/>\n<meta property=\"og:site_name\" content=\"Malaga Adventures\" \/>\n<meta property=\"article:modified_time\" content=\"2026-01-20T15:39:50+00:00\" \/>\n<meta property=\"og:image\" content=\"https:\/\/malagaadventures.com\/wp-content\/uploads\/2020\/01\/Alcazaba-tour-malaga-adventures.jpg\" \/>\n\t<meta property=\"og:image:width\" content=\"1920\" \/>\n\t<meta property=\"og:image:height\" content=\"500\" \/>\n\t<meta property=\"og:image:type\" content=\"image\/jpeg\" \/>\n<meta name=\"twitter:card\" content=\"summary_large_image\" \/>\n<meta name=\"twitter:label1\" content=\"Tempo di lettura stimato\" \/>\n\t<meta name=\"twitter:data1\" content=\"1 minuto\" \/>\n<script type=\"application\/ld+json\" class=\"yoast-schema-graph\">{\"@context\":\"https:\/\/schema.org\",\"@graph\":[{\"@type\":\"WebPage\",\"@id\":\"https:\/\/malagaadventures.com\/it\/alcazaba-tour\/\",\"url\":\"https:\/\/malagaadventures.com\/it\/alcazaba-tour\/\",\"name\":\"Alcazaba Tour in Malaga - Malaga Adventures\",\"isPartOf\":{\"@id\":\"https:\/\/malagaadventures.com\/it\/#website\"},\"primaryImageOfPage\":{\"@id\":\"https:\/\/malagaadventures.com\/it\/alcazaba-tour\/#primaryimage\"},\"image\":{\"@id\":\"https:\/\/malagaadventures.com\/it\/alcazaba-tour\/#primaryimage\"},\"thumbnailUrl\":\"https:\/\/malagaadventures.com\/wp-content\/uploads\/2020\/01\/Alcazaba-tour-malaga-adventures.jpg\",\"datePublished\":\"2019-08-10T09:42:57+00:00\",\"dateModified\":\"2026-01-20T15:39:50+00:00\",\"description\":\"\\\"Chi non ha fatto il tour dell'Alcazaba, non pu\u00f2 dire di essere stato a Malaga!\\\" \u00c8 sicuramente il monumento pi\u00f9 rappresentativo della citt\u00e0.\",\"breadcrumb\":{\"@id\":\"https:\/\/malagaadventures.com\/it\/alcazaba-tour\/#breadcrumb\"},\"inLanguage\":\"it-IT\",\"potentialAction\":[{\"@type\":\"ReadAction\",\"target\":[\"https:\/\/malagaadventures.com\/it\/alcazaba-tour\/\"]}]},{\"@type\":\"ImageObject\",\"inLanguage\":\"it-IT\",\"@id\":\"https:\/\/malagaadventures.com\/it\/alcazaba-tour\/#primaryimage\",\"url\":\"https:\/\/malagaadventures.com\/wp-content\/uploads\/2020\/01\/Alcazaba-tour-malaga-adventures.jpg\",\"contentUrl\":\"https:\/\/malagaadventures.com\/wp-content\/uploads\/2020\/01\/Alcazaba-tour-malaga-adventures.jpg\",\"width\":1920,\"height\":500,\"caption\":\"Alcazaba tour malaga adventures\"},{\"@type\":\"BreadcrumbList\",\"@id\":\"https:\/\/malagaadventures.com\/it\/alcazaba-tour\/#breadcrumb\",\"itemListElement\":[{\"@type\":\"ListItem\",\"position\":1,\"name\":\"Home\",\"item\":\"https:\/\/malagaadventures.com\/it\/\"},{\"@type\":\"ListItem\",\"position\":2,\"name\":\"Alcazaba tour\"}]},{\"@type\":\"WebSite\",\"@id\":\"https:\/\/malagaadventures.com\/it\/#website\",\"url\":\"https:\/\/malagaadventures.com\/it\/\",\"name\":\"Malaga Adventures\",\"description\":\"Free tour Malaga and private tours malaga\",\"potentialAction\":[{\"@type\":\"SearchAction\",\"target\":{\"@type\":\"EntryPoint\",\"urlTemplate\":\"https:\/\/malagaadventures.com\/it\/?s={search_term_string}\"},\"query-input\":{\"@type\":\"PropertyValueSpecification\",\"valueRequired\":true,\"valueName\":\"search_term_string\"}}],\"inLanguage\":\"it-IT\"}]}<\/script>\n<!-- \/ Yoast SEO plugin. -->","yoast_head_json":{"title":"Alcazaba Tour in Malaga - Malaga Adventures","description":"\"Chi non ha fatto il tour dell'Alcazaba, non pu\u00f2 dire di essere stato a Malaga!\" \u00c8 sicuramente il monumento pi\u00f9 rappresentativo della citt\u00e0.","robots":{"index":"index","follow":"follow","max-snippet":"max-snippet:-1","max-image-preview":"max-image-preview:large","max-video-preview":"max-video-preview:-1"},"canonical":"https:\/\/malagaadventures.com\/it\/alcazaba-tour\/","og_locale":"it_IT","og_type":"article","og_title":"Alcazaba Tour in Malaga - Malaga Adventures","og_description":"\"Chi non ha fatto il tour dell'Alcazaba, non pu\u00f2 dire di essere stato a Malaga!\" \u00c8 sicuramente il monumento pi\u00f9 rappresentativo della citt\u00e0.","og_url":"https:\/\/malagaadventures.com\/it\/alcazaba-tour\/","og_site_name":"Malaga Adventures","article_modified_time":"2026-01-20T15:39:50+00:00","og_image":[{"width":1920,"height":500,"url":"https:\/\/malagaadventures.com\/wp-content\/uploads\/2020\/01\/Alcazaba-tour-malaga-adventures.jpg","type":"image\/jpeg"}],"twitter_card":"summary_large_image","twitter_misc":{"Tempo di lettura stimato":"1 minuto"},"schema":{"@context":"https:\/\/schema.org","@graph":[{"@type":"WebPage","@id":"https:\/\/malagaadventures.com\/it\/alcazaba-tour\/","url":"https:\/\/malagaadventures.com\/it\/alcazaba-tour\/","name":"Alcazaba Tour in Malaga - Malaga Adventures","isPartOf":{"@id":"https:\/\/malagaadventures.com\/it\/#website"},"primaryImageOfPage":{"@id":"https:\/\/malagaadventures.com\/it\/alcazaba-tour\/#primaryimage"},"image":{"@id":"https:\/\/malagaadventures.com\/it\/alcazaba-tour\/#primaryimage"},"thumbnailUrl":"https:\/\/malagaadventures.com\/wp-content\/uploads\/2020\/01\/Alcazaba-tour-malaga-adventures.jpg","datePublished":"2019-08-10T09:42:57+00:00","dateModified":"2026-01-20T15:39:50+00:00","description":"\"Chi non ha fatto il tour dell'Alcazaba, non pu\u00f2 dire di essere stato a Malaga!\" \u00c8 sicuramente il monumento pi\u00f9 rappresentativo della citt\u00e0.","breadcrumb":{"@id":"https:\/\/malagaadventures.com\/it\/alcazaba-tour\/#breadcrumb"},"inLanguage":"it-IT","potentialAction":[{"@type":"ReadAction","target":["https:\/\/malagaadventures.com\/it\/alcazaba-tour\/"]}]},{"@type":"ImageObject","inLanguage":"it-IT","@id":"https:\/\/malagaadventures.com\/it\/alcazaba-tour\/#primaryimage","url":"https:\/\/malagaadventures.com\/wp-content\/uploads\/2020\/01\/Alcazaba-tour-malaga-adventures.jpg","contentUrl":"https:\/\/malagaadventures.com\/wp-content\/uploads\/2020\/01\/Alcazaba-tour-malaga-adventures.jpg","width":1920,"height":500,"caption":"Alcazaba tour malaga adventures"},{"@type":"BreadcrumbList","@id":"https:\/\/malagaadventures.com\/it\/alcazaba-tour\/#breadcrumb","itemListElement":[{"@type":"ListItem","position":1,"name":"Home","item":"https:\/\/malagaadventures.com\/it\/"},{"@type":"ListItem","position":2,"name":"Alcazaba tour"}]},{"@type":"WebSite","@id":"https:\/\/malagaadventures.com\/it\/#website","url":"https:\/\/malagaadventures.com\/it\/","name":"Malaga Adventures","description":"Free tour Malaga and private tours malaga","potentialAction":[{"@type":"SearchAction","target":{"@type":"EntryPoint","urlTemplate":"https:\/\/malagaadventures.com\/it\/?s={search_term_string}"},"query-input":{"@type":"PropertyValueSpecification","valueRequired":true,"valueName":"search_term_string"}}],"inLanguage":"it-IT"}]}},"_hostinger_reach_plugin_has_subscription_block":false,"_hostinger_reach_plugin_is_elementor":false,"_links":{"self":[{"href":"https:\/\/malagaadventures.com\/it\/wp-json\/wp\/v2\/pages\/408","targetHints":{"allow":["GET"]}}],"collection":[{"href":"https:\/\/malagaadventures.com\/it\/wp-json\/wp\/v2\/pages"}],"about":[{"href":"https:\/\/malagaadventures.com\/it\/wp-json\/wp\/v2\/types\/page"}],"author":[{"embeddable":true,"href":"https:\/\/malagaadventures.com\/it\/wp-json\/wp\/v2\/users\/9"}],"replies":[{"embeddable":true,"href":"https:\/\/malagaadventures.com\/it\/wp-json\/wp\/v2\/comments?post=408"}],"version-history":[{"count":17,"href":"https:\/\/malagaadventures.com\/it\/wp-json\/wp\/v2\/pages\/408\/revisions"}],"predecessor-version":[{"id":22542,"href":"https:\/\/malagaadventures.com\/it\/wp-json\/wp\/v2\/pages\/408\/revisions\/22542"}],"wp:featuredmedia":[{"embeddable":true,"href":"https:\/\/malagaadventures.com\/it\/wp-json\/wp\/v2\/media\/6075"}],"wp:attachment":[{"href":"https:\/\/malagaadventures.com\/it\/wp-json\/wp\/v2\/media?parent=408"}],"curies":[{"name":"wp","href":"https:\/\/api.w.org\/{rel}","templated":true}]}}