{"id":420,"date":"2019-08-10T09:46:49","date_gmt":"2019-08-10T09:46:49","guid":{"rendered":"http:\/\/mediumvioletred-rail-262634.hostingersite.com\/private-tour\/"},"modified":"2025-11-02T12:39:44","modified_gmt":"2025-11-02T11:39:44","slug":"tour-privato","status":"publish","type":"page","link":"https:\/\/malagaadventures.com\/it\/tour-privato\/","title":{"rendered":"Tour privato"},"content":{"rendered":"\r\n<p><span style=\"font-weight: 400;\">Siete una famiglia, un gruppo di amici, un\u2019azienda o passeggeri di crociera che desiderano scoprire M\u00e1laga in modo pi\u00f9 intimo, comodo e senza folla?<\/span><span style=\"font-weight: 400;\"><br \/><\/span><span style=\"font-weight: 400;\"> Allora questo <\/span><b>tour privato<\/b><span style=\"font-weight: 400;\"> \u00e8 perfetto per voi.<\/span><\/p>\r\n<p><span style=\"font-weight: 400;\">Con <\/span><b>M\u00e1laga Adventures<\/b><span style=\"font-weight: 400;\"> avrete l\u2019opportunit\u00e0 di conoscere la citt\u00e0 <\/span><b>a modo vostro<\/b><span style=\"font-weight: 400;\">, con una <\/span><b>guida locale<\/b><span style=\"font-weight: 400;\"> dedicata esclusivamente al vostro gruppo.<\/span><span style=\"font-weight: 400;\"><br \/><\/span><span style=\"font-weight: 400;\"> Sarete voi a scegliere l\u2019itinerario, il ritmo, la lingua e i monumenti da visitare. A tutto il resto pensiamo noi, cos\u00ec voi dovrete solo <\/span><b>godervi l\u2019esperienza<\/b><span style=\"font-weight: 400;\">.<\/span><\/p>\r\n<h3 class=\"wp-block-heading\"><b>Perch\u00e9 scegliere un tour privato a M\u00e1laga?<\/b><\/h3>\r\n<p><span style=\"font-weight: 400;\">Un tour privato \u00e8 molto pi\u00f9 di una visita guidata: \u00e8 un\u2019<\/span><b>esperienza su misura<\/b><span style=\"font-weight: 400;\">, adattata ai vostri interessi, orari ed esigenze.<\/span><\/p>\r\n<p><span style=\"font-weight: 400;\">Con M\u00e1laga Adventures godrete di:<\/span><\/p>\r\n<p><span style=\"font-weight: 400;\">\ud83d\udc63 <\/span><b>Ritmo personalizzato:<\/b><span style=\"font-weight: 400;\"> decidete voi il passo, senza fretta n\u00e9 attese.<\/span><span style=\"font-weight: 400;\"><br \/><\/span><span style=\"font-weight: 400;\"> \ud83c\udfdb\ufe0f <\/span><b>Flessibilit\u00e0 totale:<\/b><span style=\"font-weight: 400;\"> scegliete i luoghi che vi interessano di pi\u00f9.<\/span><span style=\"font-weight: 400;\"><br \/><\/span><span style=\"font-weight: 400;\"> \ud83d\udde3\ufe0f <\/span><b>Guida esclusiva:<\/b><span style=\"font-weight: 400;\"> attenzione individuale nella vostra lingua.<\/span><span style=\"font-weight: 400;\"><br \/><\/span><span style=\"font-weight: 400;\"> \ud83d\udca1 <\/span><b>Contenuti su misura:<\/b><span style=\"font-weight: 400;\"> storia, arte, gastronomia o curiosit\u00e0 secondo le vostre preferenze.<\/span><span style=\"font-weight: 400;\"><br \/><\/span><span style=\"font-weight: 400;\"> \ud83d\udcf8 <\/span><b>Atmosfera rilassata e privata:<\/b><span style=\"font-weight: 400;\"> ideale per scattare foto, godersi il momento e vivere la citt\u00e0.<\/span><\/p>\r\n<p><span style=\"font-weight: 400;\">I nostri tour privati sono perfetti per chi cerca un\u2019<\/span><b>esperienza culturale autentica<\/b><span style=\"font-weight: 400;\"> e senza gruppi numerosi.<\/span><\/p>\r\n<h3><b>Cosa puoi visitare nel tuo tour privato di M\u00e1laga<\/b><\/h3>\r\n<p><span style=\"font-weight: 400;\">L\u2019itinerario lo decidi tu, ma se cerchi ispirazione ecco alcuni dei luoghi pi\u00f9 richiesti dai nostri visitatori:<\/span><\/p>\r\n<h3><b>Monumenti imperdibili<\/b><\/h3>\r\n<p><span style=\"font-weight: 400;\">\ud83c\udff0 <\/span><b>L\u2019Alcazaba di M\u00e1laga:<\/b><span style=\"font-weight: 400;\"> una delle fortezze musulmane pi\u00f9 impressionanti di Spagna, con viste spettacolari sul mare.<\/span><span style=\"font-weight: 400;\"><br \/><\/span><span style=\"font-weight: 400;\"> \ud83c\udfad <\/span><b>Il Teatro Romano:<\/b><span style=\"font-weight: 400;\"> il monumento pi\u00f9 antico della citt\u00e0, testimonianza del passato classico di <\/span><i><span style=\"font-weight: 400;\">Malaca<\/span><\/i><span style=\"font-weight: 400;\">.<\/span><span style=\"font-weight: 400;\"><br \/><\/span><span style=\"font-weight: 400;\"> \u26ea <\/span><b>La Cattedrale di M\u00e1laga:<\/b><span style=\"font-weight: 400;\"> conosciuta come \u201cLa Manquita\u201d, un gioiello del Rinascimento andaluso.<\/span><span style=\"font-weight: 400;\"><br \/><\/span><span style=\"font-weight: 400;\"> \ud83e\udded <\/span><b>Il centro storico:<\/b><span style=\"font-weight: 400;\"> una passeggiata tra vie animate, piazze, negozi locali e autentica atmosfera mediterranea.<\/span><\/p>\r\n<h3><b>Come prenotare il tuo tour privato a M\u00e1laga<\/b><\/h3>\r\n<p><span style=\"font-weight: 400;\">Prenotare la tua esperienza privata con M\u00e1laga Adventures \u00e8 semplicissimo:<\/span><\/p>\r\n<p><span style=\"font-weight: 400;\">\ud83d\udcc5 Scegli la <\/span><b>data e l\u2019orario<\/b><span style=\"font-weight: 400;\"> che preferisci.<\/span><span style=\"font-weight: 400;\"><br \/><\/span><span style=\"font-weight: 400;\"> \ud83d\udccd Indica i <\/span><b>luoghi<\/b><span style=\"font-weight: 400;\"> che vuoi visitare.<\/span><span style=\"font-weight: 400;\"><br \/><\/span><span style=\"font-weight: 400;\"> \ud83d\udde3\ufe0f Scegli la <\/span><b>lingua<\/b><span style=\"font-weight: 400;\"> e la <\/span><b>dimensione del gruppo<\/b><span style=\"font-weight: 400;\">.<\/span><span style=\"font-weight: 400;\"><br \/><\/span><span style=\"font-weight: 400;\"> \ud83d\udce7 Contattaci via <\/span><b>email<\/b><span style=\"font-weight: 400;\"> o <\/span><b>WhatsApp<\/b><span style=\"font-weight: 400;\">.<\/span><\/p>\r\n<p><span style=\"font-weight: 400;\">Ci occuperemo di tutto per offrirti un\u2019esperienza senza pensieri.<\/span><\/p>\r\n<p><span style=\"font-weight: 400;\">Se non sai da dove cominciare, guarda il nostro <\/span><b>video ispirazionale<\/b><span style=\"font-weight: 400;\"> e lasciati conquistare dalla bellezza del cuore di M\u00e1laga.<\/span><\/p>\r\n<p><span style=\"font-weight: 400;\">Con queste informazioni, progetteremo un <\/span><b>itinerario 100% personalizzato ed esclusivo<\/b><span style=\"font-weight: 400;\">, adattato alla durata del tuo viaggio o alla tua <\/span><b>sosta in crociera<\/b><span style=\"font-weight: 400;\">.<\/span><\/p>\r\n<p><span style=\"font-weight: 400;\">\ud83d\udce9 Puoi scriverci direttamente a <\/span><b>info@malagaadventures.com<\/b><b><br \/><\/b><span style=\"font-weight: 400;\"> \ud83d\udcf1 Oppure contattarci su <\/span><b>WhatsApp al +34 699 756 864<\/b><\/p>\r\n","protected":false},"excerpt":{"rendered":"<p>Siete una famiglia, un gruppo di amici, un\u2019azienda o passeggeri di crociera che desiderano scoprire M\u00e1laga in modo pi\u00f9 intimo, comodo e senza folla? Allora questo tour privato \u00e8 perfetto per voi. Con M\u00e1laga Adventures avrete l\u2019opportunit\u00e0 di conoscere la citt\u00e0 a modo vostro, con una guida locale dedicata esclusivamente al vostro gruppo. Sarete voi [&hellip;]<\/p>\n","protected":false},"author":9,"featured_media":7557,"parent":0,"menu_order":0,"comment_status":"closed","ping_status":"closed","template":"list-of-tours-page.php","meta":{"_acf_changed":false,"footnotes":""},"class_list":["post-420","page","type-page","status-publish","has-post-thumbnail","hentry"],"acf":[],"yoast_head":"<!-- This site is optimized with the Yoast SEO plugin v26.7 - https:\/\/yoast.com\/wordpress\/plugins\/seo\/ -->\n<title>Il perfetto Tour privato a Malaga 2020 - Malaga Adventures<\/title>\n<meta name=\"description\" content=\"Stai cercando un\u2019esperienza personale ed esclusiva per scoprire Malaga? Il nostro tour privato ti permetter\u00e0 di esplorare la citt\u00e0 nel migliore dei modi!\" \/>\n<meta name=\"robots\" content=\"index, follow, max-snippet:-1, max-image-preview:large, max-video-preview:-1\" \/>\n<link rel=\"canonical\" href=\"https:\/\/malagaadventures.com\/it\/tour-privato\/\" \/>\n<meta property=\"og:locale\" content=\"it_IT\" \/>\n<meta property=\"og:type\" content=\"article\" \/>\n<meta property=\"og:title\" content=\"Il perfetto Tour privato a Malaga 2020 - Malaga Adventures\" \/>\n<meta property=\"og:description\" content=\"Stai cercando un\u2019esperienza personale ed esclusiva per scoprire Malaga? Il nostro tour privato ti permetter\u00e0 di esplorare la citt\u00e0 nel migliore dei modi!\" \/>\n<meta property=\"og:url\" content=\"https:\/\/malagaadventures.com\/it\/tour-privato\/\" \/>\n<meta property=\"og:site_name\" content=\"Malaga Adventures\" \/>\n<meta property=\"article:modified_time\" content=\"2025-11-02T11:39:44+00:00\" \/>\n<meta property=\"og:image\" content=\"https:\/\/malagaadventures.com\/wp-content\/uploads\/2020\/01\/private-tour-new-header.jpg\" \/>\n\t<meta property=\"og:image:width\" content=\"1920\" \/>\n\t<meta property=\"og:image:height\" content=\"500\" \/>\n\t<meta property=\"og:image:type\" content=\"image\/jpeg\" \/>\n<meta name=\"twitter:card\" content=\"summary_large_image\" \/>\n<meta name=\"twitter:label1\" content=\"Tempo di lettura stimato\" \/>\n\t<meta name=\"twitter:data1\" content=\"2 minuti\" \/>\n<script type=\"application\/ld+json\" class=\"yoast-schema-graph\">{\"@context\":\"https:\/\/schema.org\",\"@graph\":[{\"@type\":\"WebPage\",\"@id\":\"https:\/\/malagaadventures.com\/it\/tour-privato\/\",\"url\":\"https:\/\/malagaadventures.com\/it\/tour-privato\/\",\"name\":\"Il perfetto Tour privato a Malaga 2020 - Malaga Adventures\",\"isPartOf\":{\"@id\":\"https:\/\/malagaadventures.com\/it\/#website\"},\"primaryImageOfPage\":{\"@id\":\"https:\/\/malagaadventures.com\/it\/tour-privato\/#primaryimage\"},\"image\":{\"@id\":\"https:\/\/malagaadventures.com\/it\/tour-privato\/#primaryimage\"},\"thumbnailUrl\":\"https:\/\/malagaadventures.com\/wp-content\/uploads\/2020\/01\/private-tour-new-header.jpg\",\"datePublished\":\"2019-08-10T09:46:49+00:00\",\"dateModified\":\"2025-11-02T11:39:44+00:00\",\"description\":\"Stai cercando un\u2019esperienza personale ed esclusiva per scoprire Malaga? Il nostro tour privato ti permetter\u00e0 di esplorare la citt\u00e0 nel migliore dei modi!\",\"breadcrumb\":{\"@id\":\"https:\/\/malagaadventures.com\/it\/tour-privato\/#breadcrumb\"},\"inLanguage\":\"it-IT\",\"potentialAction\":[{\"@type\":\"ReadAction\",\"target\":[\"https:\/\/malagaadventures.com\/it\/tour-privato\/\"]}]},{\"@type\":\"ImageObject\",\"inLanguage\":\"it-IT\",\"@id\":\"https:\/\/malagaadventures.com\/it\/tour-privato\/#primaryimage\",\"url\":\"https:\/\/malagaadventures.com\/wp-content\/uploads\/2020\/01\/private-tour-new-header.jpg\",\"contentUrl\":\"https:\/\/malagaadventures.com\/wp-content\/uploads\/2020\/01\/private-tour-new-header.jpg\",\"width\":1920,\"height\":500,\"caption\":\"private tour malaga adventures\"},{\"@type\":\"BreadcrumbList\",\"@id\":\"https:\/\/malagaadventures.com\/it\/tour-privato\/#breadcrumb\",\"itemListElement\":[{\"@type\":\"ListItem\",\"position\":1,\"name\":\"Home\",\"item\":\"https:\/\/malagaadventures.com\/it\/\"},{\"@type\":\"ListItem\",\"position\":2,\"name\":\"Tour privato\"}]},{\"@type\":\"WebSite\",\"@id\":\"https:\/\/malagaadventures.com\/it\/#website\",\"url\":\"https:\/\/malagaadventures.com\/it\/\",\"name\":\"Malaga Adventures\",\"description\":\"Free tour Malaga and private tours malaga\",\"potentialAction\":[{\"@type\":\"SearchAction\",\"target\":{\"@type\":\"EntryPoint\",\"urlTemplate\":\"https:\/\/malagaadventures.com\/it\/?s={search_term_string}\"},\"query-input\":{\"@type\":\"PropertyValueSpecification\",\"valueRequired\":true,\"valueName\":\"search_term_string\"}}],\"inLanguage\":\"it-IT\"}]}<\/script>\n<!-- \/ Yoast SEO plugin. -->","yoast_head_json":{"title":"Il perfetto Tour privato a Malaga 2020 - Malaga Adventures","description":"Stai cercando un\u2019esperienza personale ed esclusiva per scoprire Malaga? Il nostro tour privato ti permetter\u00e0 di esplorare la citt\u00e0 nel migliore dei modi!","robots":{"index":"index","follow":"follow","max-snippet":"max-snippet:-1","max-image-preview":"max-image-preview:large","max-video-preview":"max-video-preview:-1"},"canonical":"https:\/\/malagaadventures.com\/it\/tour-privato\/","og_locale":"it_IT","og_type":"article","og_title":"Il perfetto Tour privato a Malaga 2020 - Malaga Adventures","og_description":"Stai cercando un\u2019esperienza personale ed esclusiva per scoprire Malaga? Il nostro tour privato ti permetter\u00e0 di esplorare la citt\u00e0 nel migliore dei modi!","og_url":"https:\/\/malagaadventures.com\/it\/tour-privato\/","og_site_name":"Malaga Adventures","article_modified_time":"2025-11-02T11:39:44+00:00","og_image":[{"width":1920,"height":500,"url":"https:\/\/malagaadventures.com\/wp-content\/uploads\/2020\/01\/private-tour-new-header.jpg","type":"image\/jpeg"}],"twitter_card":"summary_large_image","twitter_misc":{"Tempo di lettura stimato":"2 minuti"},"schema":{"@context":"https:\/\/schema.org","@graph":[{"@type":"WebPage","@id":"https:\/\/malagaadventures.com\/it\/tour-privato\/","url":"https:\/\/malagaadventures.com\/it\/tour-privato\/","name":"Il perfetto Tour privato a Malaga 2020 - Malaga Adventures","isPartOf":{"@id":"https:\/\/malagaadventures.com\/it\/#website"},"primaryImageOfPage":{"@id":"https:\/\/malagaadventures.com\/it\/tour-privato\/#primaryimage"},"image":{"@id":"https:\/\/malagaadventures.com\/it\/tour-privato\/#primaryimage"},"thumbnailUrl":"https:\/\/malagaadventures.com\/wp-content\/uploads\/2020\/01\/private-tour-new-header.jpg","datePublished":"2019-08-10T09:46:49+00:00","dateModified":"2025-11-02T11:39:44+00:00","description":"Stai cercando un\u2019esperienza personale ed esclusiva per scoprire Malaga? Il nostro tour privato ti permetter\u00e0 di esplorare la citt\u00e0 nel migliore dei modi!","breadcrumb":{"@id":"https:\/\/malagaadventures.com\/it\/tour-privato\/#breadcrumb"},"inLanguage":"it-IT","potentialAction":[{"@type":"ReadAction","target":["https:\/\/malagaadventures.com\/it\/tour-privato\/"]}]},{"@type":"ImageObject","inLanguage":"it-IT","@id":"https:\/\/malagaadventures.com\/it\/tour-privato\/#primaryimage","url":"https:\/\/malagaadventures.com\/wp-content\/uploads\/2020\/01\/private-tour-new-header.jpg","contentUrl":"https:\/\/malagaadventures.com\/wp-content\/uploads\/2020\/01\/private-tour-new-header.jpg","width":1920,"height":500,"caption":"private tour malaga adventures"},{"@type":"BreadcrumbList","@id":"https:\/\/malagaadventures.com\/it\/tour-privato\/#breadcrumb","itemListElement":[{"@type":"ListItem","position":1,"name":"Home","item":"https:\/\/malagaadventures.com\/it\/"},{"@type":"ListItem","position":2,"name":"Tour privato"}]},{"@type":"WebSite","@id":"https:\/\/malagaadventures.com\/it\/#website","url":"https:\/\/malagaadventures.com\/it\/","name":"Malaga Adventures","description":"Free tour Malaga and private tours malaga","potentialAction":[{"@type":"SearchAction","target":{"@type":"EntryPoint","urlTemplate":"https:\/\/malagaadventures.com\/it\/?s={search_term_string}"},"query-input":{"@type":"PropertyValueSpecification","valueRequired":true,"valueName":"search_term_string"}}],"inLanguage":"it-IT"}]}},"_hostinger_reach_plugin_has_subscription_block":false,"_hostinger_reach_plugin_is_elementor":false,"_links":{"self":[{"href":"https:\/\/malagaadventures.com\/it\/wp-json\/wp\/v2\/pages\/420","targetHints":{"allow":["GET"]}}],"collection":[{"href":"https:\/\/malagaadventures.com\/it\/wp-json\/wp\/v2\/pages"}],"about":[{"href":"https:\/\/malagaadventures.com\/it\/wp-json\/wp\/v2\/types\/page"}],"author":[{"embeddable":true,"href":"https:\/\/malagaadventures.com\/it\/wp-json\/wp\/v2\/users\/9"}],"replies":[{"embeddable":true,"href":"https:\/\/malagaadventures.com\/it\/wp-json\/wp\/v2\/comments?post=420"}],"version-history":[{"count":11,"href":"https:\/\/malagaadventures.com\/it\/wp-json\/wp\/v2\/pages\/420\/revisions"}],"predecessor-version":[{"id":22495,"href":"https:\/\/malagaadventures.com\/it\/wp-json\/wp\/v2\/pages\/420\/revisions\/22495"}],"wp:featuredmedia":[{"embeddable":true,"href":"https:\/\/malagaadventures.com\/it\/wp-json\/wp\/v2\/media\/7557"}],"wp:attachment":[{"href":"https:\/\/malagaadventures.com\/it\/wp-json\/wp\/v2\/media?parent=420"}],"curies":[{"name":"wp","href":"https:\/\/api.w.org\/{rel}","templated":true}]}}